{"id":716921,"date":"2025-08-27T17:48:46","date_gmt":"2025-08-27T14:48:46","guid":{"rendered":"https:\/\/roveyayinevi.com.tr\/index.php\/urun\/tarihi-surecte-musul-ve-musul-sorunu\/"},"modified":"2026-04-16T02:25:05","modified_gmt":"2026-04-15T23:25:05","slug":"tarihi-surecte-musul-ve-musul-sorunu","status":"publish","type":"product","link":"https:\/\/roveyayinevi.com.tr\/index.php\/urun\/tarihi-surecte-musul-ve-musul-sorunu\/","title":{"rendered":"Tarihi S\u00fcre\u00e7te Musul ve Musul Sorunu"},"content":{"rendered":"<p>Musul, sahip oldu\u011fu jeopolitik avantajlar\u0131 nedeniyle Asya, Afrika ve Avrupa aras\u0131nda bir kav\u015fak noktas\u0131n\u0131 te\u015fkil etmektedir. Bereketli topraklar\u0131n ve yeralt\u0131 zenginliklerinin yan\u0131 s\u0131ra jeopolitik ve stratejik konumu y\u00fczy\u0131llar boyunca Osmanl\u0131 Devleti taraf\u0131ndan \u00f6zenle muhafaza edilse de 1. D\u00fcnya Sava\u015f\u0131 ve sonras\u0131nda Skyes Picot Anla\u015fmas\u0131 ile izlenen politikalar Musul\u2019u adeta Ortado\u011fu\u2019nun kanayan yaras\u0131 haline getirmi\u015ftir. Elinizdeki eser Musul\u2019un d\u00fcnya haritas\u0131nda y\u00fczy\u0131llard\u0131r ta\u015f\u0131d\u0131\u011f\u0131 \u00f6nemi \u00f6n plana \u00e7\u0131karmay\u0131 ama\u00e7lam\u0131\u015ft\u0131r. Orta\u00e7a\u011f d\u00f6neminden itibaren ba\u015flayarak b\u00f6lgedeki Osmanl\u0131 idaresi ve akabinde Musul\u2019un elden \u00e7\u0131kmas\u0131yla sonu\u00e7lanan olaylar silsilesi, Musul sorunu \u00f6zelinde g\u00f6rece zengin olan bu eserde detayl\u0131 bir bi\u00e7imde ele al\u0131nm\u0131\u015ft\u0131r. Musul\u2019daki toplumsal hayat\u0131, gerek e\u011fitim gerek ise Musullu kad\u0131nlar\u0131n nas\u0131l bir ya\u015fam s\u00fcrd\u00fc\u011f\u00fcne dair ba\u015fl\u0131klar\u0131n\u0131 da dahil ederek aktaran bu eserin Musul tarihi a\u00e7\u0131s\u0131ndan eksiklikler bulunan literat\u00fcre bir katk\u0131 yapaca\u011f\u0131 umulmaktad\u0131r. <\/p>\n","protected":false},"excerpt":{"rendered":"<p>Musul, sahip oldu\u011fu jeopolitik avantajlar\u0131 nedeniyle Asya, Afrika ve Avrupa aras\u0131nda bir kav\u015fak noktas\u0131n\u0131 te\u015fkil etmektedir. Bereketli topraklar\u0131n ve yeralt\u0131 zenginliklerinin yan\u0131 s\u0131ra jeopolitik ve stratejik<span class=\"excerpt-hellip\"> [\u2026]<\/span><\/p>\n","protected":false},"featured_media":0,"template":"","meta":{"_monsterinsights_skip_tracking":false,"_monsterinsights_sitenote_active":false,"_monsterinsights_sitenote_note":"","_monsterinsights_sitenote_category":0},"product_brand":[],"product_cat":[12312,12304],"product_tag":[],"class_list":{"0":"post-716921","1":"product","2":"type-product","3":"status-publish","5":"product_cat-diger","6":"product_cat-tarih","7":"pa_cilt-ciltsiz","8":"pa_tur-kitap","9":"pa_yayinevi-ideal-kultur-akademik","10":"pa_yazar-tolga-akay-tolga-akay","12":"first","13":"instock","14":"sale","15":"shipping-taxable","16":"purchasable","17":"product-type-simple"},"_links":{"self":[{"href":"https:\/\/roveyayinevi.com.tr\/index.php\/wp-json\/wp\/v2\/product\/716921","targetHints":{"allow":["GET"]}}],"collection":[{"href":"https:\/\/roveyayinevi.com.tr\/index.php\/wp-json\/wp\/v2\/product"}],"about":[{"href":"https:\/\/roveyayinevi.com.tr\/index.php\/wp-json\/wp\/v2\/types\/product"}],"wp:attachment":[{"href":"https:\/\/roveyayinevi.com.tr\/index.php\/wp-json\/wp\/v2\/media?parent=716921"}],"wp:term":[{"taxonomy":"product_brand","embeddable":true,"href":"https:\/\/roveyayinevi.com.tr\/index.php\/wp-json\/wp\/v2\/product_brand?post=716921"},{"taxonomy":"product_cat","embeddable":true,"href":"https:\/\/roveyayinevi.com.tr\/index.php\/wp-json\/wp\/v2\/product_cat?post=716921"},{"taxonomy":"product_tag","embeddable":true,"href":"https:\/\/roveyayinevi.com.tr\/index.php\/wp-json\/wp\/v2\/product_tag?post=716921"}],"curies":[{"name":"wp","href":"https:\/\/api.w.org\/{rel}","templated":true}]}}