{"id":716919,"date":"2025-08-27T17:48:45","date_gmt":"2025-08-27T14:48:45","guid":{"rendered":"https:\/\/roveyayinevi.com.tr\/index.php\/urun\/kurk-mantolu-madonna-10\/"},"modified":"2026-04-16T02:25:05","modified_gmt":"2026-04-15T23:25:05","slug":"kurk-mantolu-madonna-10","status":"publish","type":"product","link":"https:\/\/roveyayinevi.com.tr\/index.php\/urun\/kurk-mantolu-madonna-10\/","title":{"rendered":"K\u00fcrk Mantolu Madonna"},"content":{"rendered":"<p>D\u00fcnyan\u0131n en basit, en zavall\u0131, hatta en ahmak adam\u0131 bile, insan\u0131 hayretten hayrete d\u00fc\u015f\u00fcrecek ne m\u00fcthi\u015f ve kar\u0131\u015f\u0131k bir ruha maliktir!.. Ni\u00e7in bunu anlamaktan bu kadar ka\u00e7\u0131yor ve insan dedikleri mahluku anla\u015f\u0131lmas\u0131 ve hakk\u0131nda h\u00fck\u00fcm verilmesi en kolay \u015feylerden biri zannediyoruz? Ni\u00e7in ilk defa g\u00f6rd\u00fc\u011f\u00fcm\u00fcz bir peynirin evsaf\u0131 hakk\u0131nda s\u00f6z s\u00f6ylemekten ka\u00e7t\u0131\u011f\u0131m\u0131z halde ilk rast geldi\u011fimiz insan hakk\u0131nda son karar\u0131m\u0131z\u0131 verip g\u00f6n\u00fcl rahat\u0131yla \u00f6teye ge\u00e7iveriyoruz?K\u0131sac\u0131k \u00f6mr\u00fcne onlarca \u015fiir, hik\u00e2ye ve roman s\u0131\u011fd\u0131ran Sabahattin Ali, insana dair belki de en g\u00fc\u00e7l\u00fc izlenimlerini bir a\u015fk hik\u00e2yesiyle \u00e7evreledi\u011fi Maria Puder ve Raif Efendi\u2019nin tesad\u00fcflerle dolu hayatlar\u0131nda g\u00f6steriyor. K\u00fcrk Mantolu Madonna, aradan ge\u00e7en onca y\u0131la ra\u011fmen h\u00e2l\u00e2 ayn\u0131 sorular\u0131 sordu\u011fumuzu, ayn\u0131 sorunlarla bo\u011fu\u015ftu\u011fumuzu ve insana bak\u0131\u015f\u0131m\u0131z\u0131n hi\u00e7 de\u011fi\u015fmedi\u011fini g\u00f6steren \u00e7arp\u0131c\u0131 bir ba\u015fyap\u0131t.<\/p>\n","protected":false},"excerpt":{"rendered":"<p>D\u00fcnyan\u0131n en basit, en zavall\u0131, hatta en ahmak adam\u0131 bile, insan\u0131 hayretten hayrete d\u00fc\u015f\u00fcrecek ne m\u00fcthi\u015f ve kar\u0131\u015f\u0131k bir ruha maliktir!.. Ni\u00e7in bunu anlamaktan bu kadar<span class=\"excerpt-hellip\"> [\u2026]<\/span><\/p>\n","protected":false},"featured_media":0,"template":"","meta":{"_monsterinsights_skip_tracking":false,"_monsterinsights_sitenote_active":false,"_monsterinsights_sitenote_note":"","_monsterinsights_sitenote_category":0},"product_brand":[],"product_cat":[12291,12711],"product_tag":[],"class_list":{"0":"post-716919","1":"product","2":"type-product","3":"status-publish","5":"product_cat-edebiyat","6":"product_cat-roman-oyku","7":"pa_cilt-ciltsiz","8":"pa_tur-kitap","9":"pa_yayinevi-say-yayinlari","10":"pa_yazar-sabahattin-ali","12":"first","13":"instock","14":"sale","15":"shipping-taxable","16":"purchasable","17":"product-type-simple"},"_links":{"self":[{"href":"https:\/\/roveyayinevi.com.tr\/index.php\/wp-json\/wp\/v2\/product\/716919","targetHints":{"allow":["GET"]}}],"collection":[{"href":"https:\/\/roveyayinevi.com.tr\/index.php\/wp-json\/wp\/v2\/product"}],"about":[{"href":"https:\/\/roveyayinevi.com.tr\/index.php\/wp-json\/wp\/v2\/types\/product"}],"wp:attachment":[{"href":"https:\/\/roveyayinevi.com.tr\/index.php\/wp-json\/wp\/v2\/media?parent=716919"}],"wp:term":[{"taxonomy":"product_brand","embeddable":true,"href":"https:\/\/roveyayinevi.com.tr\/index.php\/wp-json\/wp\/v2\/product_brand?post=716919"},{"taxonomy":"product_cat","embeddable":true,"href":"https:\/\/roveyayinevi.com.tr\/index.php\/wp-json\/wp\/v2\/product_cat?post=716919"},{"taxonomy":"product_tag","embeddable":true,"href":"https:\/\/roveyayinevi.com.tr\/index.php\/wp-json\/wp\/v2\/product_tag?post=716919"}],"curies":[{"name":"wp","href":"https:\/\/api.w.org\/{rel}","templated":true}]}}