{"id":716918,"date":"2025-08-27T17:48:44","date_gmt":"2025-08-27T14:48:44","guid":{"rendered":"https:\/\/roveyayinevi.com.tr\/index.php\/urun\/ufuklardaki-ayetler\/"},"modified":"2026-04-16T02:25:05","modified_gmt":"2026-04-15T23:25:05","slug":"ufuklardaki-ayetler","status":"publish","type":"product","link":"https:\/\/roveyayinevi.com.tr\/index.php\/urun\/ufuklardaki-ayetler\/","title":{"rendered":"Ufuklardaki Ayetler"},"content":{"rendered":"<p>\u201cKlasik olaca\u011f\u0131 ezelden t\u00e2yin edilmi\u015f \u00e7ok g\u00fczel bir kitap\u2026\u201d Dr. Alan Godias, \u0130lahiyat B\u00f6l\u00fcm\u00fc, Georgia \u00dcniversitesi \u201cMichael Sugich\u2019in anlatt\u0131\u011f\u0131 hik\u00e2yeler muazzam.\u201d S. Abdallah Schleifer, Fahri Profes\u00f6r, Kahire Amerikan \u00dcniversitesi \u201c\u0130slam \u00fczerine yaz\u0131lm\u0131\u015f bir modern klasik.\u201d Abdulhakim Murad, Dekan, Cambridge Muslim College Ufuklardaki \u00c2yetler, hayat\u0131 boyunca say\u0131s\u0131z Allah dostu ile kar\u015f\u0131la\u015fm\u0131\u015f, onlarla sohbet edip hemh\u00e2l olmu\u015f bir t\u00e2libin b\u00fcy\u00fcleyici h\u00e2t\u0131rat\u0131. Yakla\u015f\u0131k 40 y\u0131l \u00f6nce tasavvuf yoluna intisap eden Amerikal\u0131 Michael (Harun) Sugich, hayat\u0131n\u0131n 23 y\u0131l\u0131n\u0131 Mekke-i M\u00fckerreme\u2019de ge\u00e7irmi\u015f, uzun y\u0131llar da Ma\u011frip\u2019te bulunmu\u015f ve her gitti\u011fi yerde pek \u00e7ok k\u0131ymetli zev\u00e2ta temas etmi\u015f. Bir nevi modern zaman menk\u0131belerinden olu\u015fan bu kitap, Sugich\u2019in penceresinden, bizi g\u00f6zlerden uzakta ya\u015fayan irfan ehlinin d\u00fcnyas\u0131na buyur ediyor. Sugich\u2019in kendine has \u00fcslubuyla harmanlad\u0131\u011f\u0131 bu hik\u00e2yeler, her biri \u201csahilsiz bir deniz\u201d olan Allah dostlar\u0131n\u0131n h\u00e2llerine bizleri a\u015fina k\u0131l\u0131yor. <\/p>\n","protected":false},"excerpt":{"rendered":"<p>\u201cKlasik olaca\u011f\u0131 ezelden t\u00e2yin edilmi\u015f \u00e7ok g\u00fczel bir kitap\u2026\u201d Dr. Alan Godias, \u0130lahiyat B\u00f6l\u00fcm\u00fc, Georgia \u00dcniversitesi \u201cMichael Sugich\u2019in anlatt\u0131\u011f\u0131 hik\u00e2yeler muazzam.\u201d S. Abdallah Schleifer, Fahri Profes\u00f6r,<span class=\"excerpt-hellip\"> [\u2026]<\/span><\/p>\n","protected":false},"featured_media":0,"template":"","meta":{"_monsterinsights_skip_tracking":false,"_monsterinsights_sitenote_active":false,"_monsterinsights_sitenote_note":"","_monsterinsights_sitenote_category":0},"product_brand":[],"product_cat":[12718,12719,15238],"product_tag":[],"class_list":{"0":"post-716918","1":"product","2":"type-product","3":"status-publish","5":"product_cat-din","6":"product_cat-islam","7":"product_cat-tasavvuf","8":"pa_cilt-ciltsiz","9":"pa_tur-kitap","10":"pa_yayinevi-ketebe-yayinlari","11":"pa_yazar-michael-sugich","13":"first","14":"instock","15":"sale","16":"shipping-taxable","17":"purchasable","18":"product-type-simple"},"_links":{"self":[{"href":"https:\/\/roveyayinevi.com.tr\/index.php\/wp-json\/wp\/v2\/product\/716918","targetHints":{"allow":["GET"]}}],"collection":[{"href":"https:\/\/roveyayinevi.com.tr\/index.php\/wp-json\/wp\/v2\/product"}],"about":[{"href":"https:\/\/roveyayinevi.com.tr\/index.php\/wp-json\/wp\/v2\/types\/product"}],"wp:attachment":[{"href":"https:\/\/roveyayinevi.com.tr\/index.php\/wp-json\/wp\/v2\/media?parent=716918"}],"wp:term":[{"taxonomy":"product_brand","embeddable":true,"href":"https:\/\/roveyayinevi.com.tr\/index.php\/wp-json\/wp\/v2\/product_brand?post=716918"},{"taxonomy":"product_cat","embeddable":true,"href":"https:\/\/roveyayinevi.com.tr\/index.php\/wp-json\/wp\/v2\/product_cat?post=716918"},{"taxonomy":"product_tag","embeddable":true,"href":"https:\/\/roveyayinevi.com.tr\/index.php\/wp-json\/wp\/v2\/product_tag?post=716918"}],"curies":[{"name":"wp","href":"https:\/\/api.w.org\/{rel}","templated":true}]}}