{"id":716915,"date":"2025-08-27T17:48:42","date_gmt":"2025-08-27T14:48:42","guid":{"rendered":"https:\/\/roveyayinevi.com.tr\/index.php\/urun\/fikih-ilmine-giris\/"},"modified":"2026-04-16T02:25:04","modified_gmt":"2026-04-15T23:25:04","slug":"fikih-ilmine-giris","status":"publish","type":"product","link":"https:\/\/roveyayinevi.com.tr\/index.php\/urun\/fikih-ilmine-giris\/","title":{"rendered":"F\u0131k\u0131h \u0130lmine Giri\u015f"},"content":{"rendered":"<p>F\u0131k\u0131h \u0130lmine Giri\u015f: Metinler Se\u00e7kisi ba\u015fl\u0131\u011f\u0131n\u0131 ta\u015f\u0131yan bu eser, f\u0131kh\u0131 bir ilim olarak tan\u0131tmay\u0131 hedefleyen bir giri\u015f kitab\u0131. Bu ilmi kuran, s\u00fcrd\u00fcren ve \u00fczerinde tefekk\u00fcrde bulunan \u00e2limlerin bu amaca hizmet eden ifade ve yaz\u0131lar\u0131n\u0131 derleyen bir se\u00e7ki niteli\u011findeki eser, bu y\u00f6n\u00fcyle \u0130sl\u00e2m hukuku hakk\u0131nda genel bilgilerin yer verildi\u011fi giri\u015f kitaplar\u0131ndan farkl\u0131 olarak okuyucuyu do\u011frudan metinlerle kar\u015f\u0131 kar\u015f\u0131ya getiriyor. Eseri haz\u0131rlayan Nail Okuyucu, fur\u00fb, us\u00fbl ve bu iki ilmin alt disiplinleri hakk\u0131nda klasik kaynaklardan hareketle olu\u015fturdu\u011fu se\u00e7kide, f\u0131kh\u0131n din\u00ee ilimler aras\u0131ndaki yerinden f\u0131kh\u00ee bilginin mahiyeti ve elde edili\u015fi, tedav\u00fcle giri\u015f ve tatbik s\u00fcre\u00e7lerine kadar i\u00e7inden ge\u00e7ti\u011fi b\u00fct\u00fcn a\u015famalar\u0131 ilgilendiren metinlerle f\u0131kh\u0131n muhtelif boyutlar\u0131na dair genel bir \u00e7er\u00e7eve sunuyor. Sadece ilahiyat fak\u00fcltelerinde okuyan ya da din\u00ee ilimlerle i\u015ftigal eden kimseleri de\u011fil, genel okuyucuyu da dikkate alan kitap, i\u00e7eri\u011findeki metinlerin Arap\u00e7a orijinallerini de ihtiva ediyor. \u00d6nde gelen fakihlerce kaleme al\u0131nm\u0131\u015f \u00f6nemli metinlerden olu\u015fan bir derleme niteli\u011findeki F\u0131k\u0131h \u0130lmine Giri\u015f: Metinler Se\u00e7kisi \u00f6zenle haz\u0131rlanm\u0131\u015f zengin i\u00e7eri\u011fi ile f\u0131kha dair bilgimizi derinle\u015ftiriyor. <\/p>\n","protected":false},"excerpt":{"rendered":"<p>F\u0131k\u0131h \u0130lmine Giri\u015f: Metinler Se\u00e7kisi ba\u015fl\u0131\u011f\u0131n\u0131 ta\u015f\u0131yan bu eser, f\u0131kh\u0131 bir ilim olarak tan\u0131tmay\u0131 hedefleyen bir giri\u015f kitab\u0131. Bu ilmi kuran, s\u00fcrd\u00fcren ve \u00fczerinde tefekk\u00fcrde bulunan<span class=\"excerpt-hellip\"> [\u2026]<\/span><\/p>\n","protected":false},"featured_media":0,"template":"","meta":{"_monsterinsights_skip_tracking":false,"_monsterinsights_sitenote_active":false,"_monsterinsights_sitenote_note":"","_monsterinsights_sitenote_category":0},"product_brand":[],"product_cat":[16789,12718,12719],"product_tag":[],"class_list":{"0":"post-716915","1":"product","2":"type-product","3":"status-publish","5":"product_cat-diger-islam","6":"product_cat-din","7":"product_cat-islam","8":"pa_cilt-ciltsiz","9":"pa_tur-kitap","10":"pa_yayinevi-ketebe-yayinlari","11":"pa_yazar-nail-okuyucu","13":"first","14":"instock","15":"sale","16":"shipping-taxable","17":"purchasable","18":"product-type-simple"},"_links":{"self":[{"href":"https:\/\/roveyayinevi.com.tr\/index.php\/wp-json\/wp\/v2\/product\/716915","targetHints":{"allow":["GET"]}}],"collection":[{"href":"https:\/\/roveyayinevi.com.tr\/index.php\/wp-json\/wp\/v2\/product"}],"about":[{"href":"https:\/\/roveyayinevi.com.tr\/index.php\/wp-json\/wp\/v2\/types\/product"}],"wp:attachment":[{"href":"https:\/\/roveyayinevi.com.tr\/index.php\/wp-json\/wp\/v2\/media?parent=716915"}],"wp:term":[{"taxonomy":"product_brand","embeddable":true,"href":"https:\/\/roveyayinevi.com.tr\/index.php\/wp-json\/wp\/v2\/product_brand?post=716915"},{"taxonomy":"product_cat","embeddable":true,"href":"https:\/\/roveyayinevi.com.tr\/index.php\/wp-json\/wp\/v2\/product_cat?post=716915"},{"taxonomy":"product_tag","embeddable":true,"href":"https:\/\/roveyayinevi.com.tr\/index.php\/wp-json\/wp\/v2\/product_tag?post=716915"}],"curies":[{"name":"wp","href":"https:\/\/api.w.org\/{rel}","templated":true}]}}