{"id":716914,"date":"2025-08-27T17:48:42","date_gmt":"2025-08-27T14:48:42","guid":{"rendered":"https:\/\/roveyayinevi.com.tr\/index.php\/urun\/40-soruda-turk-sinemasi\/"},"modified":"2026-04-16T02:25:04","modified_gmt":"2026-04-15T23:25:04","slug":"40-soruda-turk-sinemasi","status":"publish","type":"product","link":"https:\/\/roveyayinevi.com.tr\/index.php\/urun\/40-soruda-turk-sinemasi\/","title":{"rendered":"40 Soruda T\u00fcrk Sinemas\u0131"},"content":{"rendered":"<p>40 Soruda T\u00fcrk Sinemas\u0131, \u00f6ncelikli olarak T\u00fcrk sinemas\u0131n\u0131 tan\u0131maya ve anlamaya y\u00f6nelik bir giris\u0327 kitab\u0131 olarak d\u00fc\u015f\u00fcn\u00fcld\u00fc. Ama ayn\u0131 zamanda T\u00fcrk sinemas\u0131n\u0131n meselelerini etrafl\u0131ca ortaya koyma amac\u0131n\u0131 g\u00f6zeten bir \u201ctart\u0131\u015fma kitab\u0131\u201d olma \u00f6zelli\u011fi de g\u00f6steriyor.  Bu y\u00fczden bu kitapta, bir yandan T\u00fcrk sinemas\u0131na dair genel bir manzara sunulurken di\u011fer yandan da bu manzaran\u0131n detaylar\u0131ndaki sorun ve imk\u00e2nlara i\u015faret ediliyor. Kitap d\u00f6rt ana b\u00f6l\u00fcmden olu\u015fuyor. I\u0307lk b\u00f6l\u00fcm \u201cErken Sinema\u201d ba\u015fl\u0131\u011f\u0131 alt\u0131nda T\u00fcrkiye\u2019de sinema seyir tecr\u00fcbesine ve T\u00fcrk sinemas\u0131n\u0131n olus\u0327um s\u00fcrecine odaklan\u0131yor. I\u0307kinci b\u00f6l\u00fcmde, \u201cPop\u00fcler Sinema\u201d ba\u015fl\u0131\u011f\u0131 alt\u0131nda Yes\u0327il\u00e7am\u2019dan g\u00fcn\u00fcm\u00fcze T\u00fcrk sinemas\u0131ndaki pop\u00fcler e\u011filimin dog\u0306as\u0131 aras\u0327t\u0131r\u0131l\u0131yor. T\u00fcrk sinemas\u0131na rengini veren onun ekonomik, estetik ve ideolojik zeminini olus\u0327turan Yes\u0327il\u00e7am anlat\u0131s\u0131, farkl\u0131 boyutlar\u0131yla ele al\u0131n\u0131yor.\u00dc\u00e7\u00fcnc\u00fc b\u00f6l\u00fcm, \u201cKlasik Sinema\u201dda T\u00fcrk sinemas\u0131nda gelis\u0327mis\u0327 bir sinema dili olus\u0327turma \u00e7abas\u0131 ve bu \u00e7abay\u0131 ortaya koyan sinemac\u0131lar\u0131n \u00f6zg\u00fcn katk\u0131lar\u0131 derleniyor. T\u00fcrk sinemas\u0131n\u0131n gelis\u0327imine katk\u0131da bulunan temel entelekt\u00fcel eg\u0306ilimler bu b\u00f6l\u00fcm\u00fcn odak noktalar\u0131ndan bir dig\u0306erini olus\u0327turuyor.  \u201cYeni Sinema\u201d b\u00f6l\u00fcm\u00fcnde ise T\u00fcrk sinemas\u0131nda modernist eg\u0306ilim, temel sorunsallar ve bireysel \u00e7\u0131k\u0131s\u0327lar ekseninde masaya yat\u0131r\u0131l\u0131yor.  T\u00fcrk sinemas\u0131 h\u00e2l\u00e2 kes\u0327fedilmeyi bekleyen b\u00fcy\u00fck bir k\u0131ta. 40 Soruda T\u00fcrk Sinemas\u0131 ise kendinden sonra yap\u0131lacak daha ayr\u0131nt\u0131l\u0131 \u00e7al\u0131s\u0327malar i\u00e7in bir pusula! <\/p>\n","protected":false},"excerpt":{"rendered":"<p>40 Soruda T\u00fcrk Sinemas\u0131, \u00f6ncelikli olarak T\u00fcrk sinemas\u0131n\u0131 tan\u0131maya ve anlamaya y\u00f6nelik bir giris\u0327 kitab\u0131 olarak d\u00fc\u015f\u00fcn\u00fcld\u00fc. Ama ayn\u0131 zamanda T\u00fcrk sinemas\u0131n\u0131n meselelerini etrafl\u0131ca ortaya koyma<span class=\"excerpt-hellip\"> [\u2026]<\/span><\/p>\n","protected":false},"featured_media":0,"template":"","meta":{"_monsterinsights_skip_tracking":false,"_monsterinsights_sitenote_active":false,"_monsterinsights_sitenote_note":"","_monsterinsights_sitenote_category":0},"product_brand":[],"product_cat":[12409,12408],"product_tag":[],"class_list":{"0":"post-716914","1":"product","2":"type-product","3":"status-publish","5":"product_cat-fotograf-sinema-tiyatro","6":"product_cat-sanat","7":"pa_cilt-ciltsiz","8":"pa_tur-kitap","9":"pa_yayinevi-ketebe-yayinlari","10":"pa_yazar-mesut-bostan","12":"first","13":"instock","14":"sale","15":"shipping-taxable","16":"purchasable","17":"product-type-simple"},"_links":{"self":[{"href":"https:\/\/roveyayinevi.com.tr\/index.php\/wp-json\/wp\/v2\/product\/716914","targetHints":{"allow":["GET"]}}],"collection":[{"href":"https:\/\/roveyayinevi.com.tr\/index.php\/wp-json\/wp\/v2\/product"}],"about":[{"href":"https:\/\/roveyayinevi.com.tr\/index.php\/wp-json\/wp\/v2\/types\/product"}],"wp:attachment":[{"href":"https:\/\/roveyayinevi.com.tr\/index.php\/wp-json\/wp\/v2\/media?parent=716914"}],"wp:term":[{"taxonomy":"product_brand","embeddable":true,"href":"https:\/\/roveyayinevi.com.tr\/index.php\/wp-json\/wp\/v2\/product_brand?post=716914"},{"taxonomy":"product_cat","embeddable":true,"href":"https:\/\/roveyayinevi.com.tr\/index.php\/wp-json\/wp\/v2\/product_cat?post=716914"},{"taxonomy":"product_tag","embeddable":true,"href":"https:\/\/roveyayinevi.com.tr\/index.php\/wp-json\/wp\/v2\/product_tag?post=716914"}],"curies":[{"name":"wp","href":"https:\/\/api.w.org\/{rel}","templated":true}]}}