{"id":716913,"date":"2025-08-27T17:48:41","date_gmt":"2025-08-27T14:48:41","guid":{"rendered":"https:\/\/roveyayinevi.com.tr\/index.php\/urun\/atillanin-kamcisi\/"},"modified":"2026-04-16T02:25:04","modified_gmt":"2026-04-15T23:25:04","slug":"atillanin-kamcisi","status":"publish","type":"product","link":"https:\/\/roveyayinevi.com.tr\/index.php\/urun\/atillanin-kamcisi\/","title":{"rendered":"Atilla&#8217;n\u0131n Kam\u00e7\u0131s\u0131"},"content":{"rendered":"<p>Hasan Erdem, Do\u011fu Avrupa\u2019da hakimiyet kuran ve Avrupa\u2019n\u0131n neredeyse tamam\u0131n\u0131 n\u00fcfuzu alt\u0131na alan T\u00fcrklerin b\u00fcy\u00fck ba\u015fbu\u011fu Atilla\u2019y\u0131 ve onun korkusuz Hun sava\u015f\u00e7\u0131lar\u0131n\u0131 ele ald\u0131\u011f\u0131 Atilla\u2019n\u0131n Kalkan\u0131 ve Atilla\u2019n\u0131n Karg\u0131s\u0131 kitaplar\u0131ndan sonra Atilla serisinin \u00fc\u00e7\u00fcnc\u00fc ve son kitab\u0131 olan Atilla\u2019n\u0131n Kam\u00e7\u0131s\u0131 ile okuyucunun kar\u015f\u0131s\u0131na \u00e7\u0131k\u0131yor. Atilla\u2019n\u0131n Kam\u00e7\u0131s\u0131 roman\u0131, Atilla\u2019n\u0131n Galya seferi ve Bat\u0131 Roma seferi ile Atilla\u2019n\u0131n \u00f6l\u00fcm\u00fcn\u00fc konu almaktad\u0131r.\u201cAh\u015fap taht\u0131n\u0131n \u00f6n\u00fcne gelip duran Atilla, Onegesios\u2019a do\u011fru d\u00f6nd\u00fc ve s\u0131k\u0131lm\u0131\u015f yumruklar\u0131n\u0131 belinin iki yan\u0131na koydu.Valentinianus daha yedi ya\u015f\u0131ndaki k\u0131z\u0131 Evdoksia\u2019y\u0131 Vandal Kral\u0131 Genezerik\u2019in b\u00fcy\u00fck o\u011fluyla ni\u015fanl\u0131yor ama otuz bir ya\u015f\u0131ndaki k\u0131z karde\u015fi Honoria ile benim evlenmeme kar\u015f\u0131 \u00e7\u0131k\u0131yor, Romal\u0131 bir prensesi bana yak\u0131\u015ft\u0131ram\u0131yor. Ayr\u0131ca Valentinianus ondan \u00fcst\u00fcn bir seviyede oldu\u011fumu unutmu\u015f gibi bana ordu kumandanl\u0131\u011f\u0131 unvan\u0131 vererek efendisine hakaret etmeye yelteniyor. \u015eahs\u0131ma yap\u0131lan bu c\u00fcretkar hakaretleri cezas\u0131z b\u0131rakmayacak, d\u00fcne kadar irademin \u00f6n\u00fcnde e\u011filen ama bug\u00fcn ba\u015fkald\u0131rma c\u00fcreti g\u00f6steren iki imparatora da at\u0131m\u0131n nallar\u0131n\u0131 \u00f6pt\u00fcrece\u011fim.\u201d<\/p>\n","protected":false},"excerpt":{"rendered":"<p>Hasan Erdem, Do\u011fu Avrupa\u2019da hakimiyet kuran ve Avrupa\u2019n\u0131n neredeyse tamam\u0131n\u0131 n\u00fcfuzu alt\u0131na alan T\u00fcrklerin b\u00fcy\u00fck ba\u015fbu\u011fu Atilla\u2019y\u0131 ve onun korkusuz Hun sava\u015f\u00e7\u0131lar\u0131n\u0131 ele ald\u0131\u011f\u0131 Atilla\u2019n\u0131n Kalkan\u0131<span class=\"excerpt-hellip\"> [\u2026]<\/span><\/p>\n","protected":false},"featured_media":0,"template":"","meta":{"_monsterinsights_skip_tracking":false,"_monsterinsights_sitenote_active":false,"_monsterinsights_sitenote_note":"","_monsterinsights_sitenote_category":0},"product_brand":[],"product_cat":[12291,12745],"product_tag":[],"class_list":{"0":"post-716913","1":"product","2":"type-product","3":"status-publish","5":"product_cat-edebiyat","6":"product_cat-tarihi-roman","7":"pa_cilt-ciltsiz","8":"pa_tur-kitap","9":"pa_yayinevi-otuken-nesriyat","10":"pa_yazar-hasan-erdem","12":"first","13":"instock","14":"sale","15":"shipping-taxable","16":"purchasable","17":"product-type-simple"},"_links":{"self":[{"href":"https:\/\/roveyayinevi.com.tr\/index.php\/wp-json\/wp\/v2\/product\/716913","targetHints":{"allow":["GET"]}}],"collection":[{"href":"https:\/\/roveyayinevi.com.tr\/index.php\/wp-json\/wp\/v2\/product"}],"about":[{"href":"https:\/\/roveyayinevi.com.tr\/index.php\/wp-json\/wp\/v2\/types\/product"}],"wp:attachment":[{"href":"https:\/\/roveyayinevi.com.tr\/index.php\/wp-json\/wp\/v2\/media?parent=716913"}],"wp:term":[{"taxonomy":"product_brand","embeddable":true,"href":"https:\/\/roveyayinevi.com.tr\/index.php\/wp-json\/wp\/v2\/product_brand?post=716913"},{"taxonomy":"product_cat","embeddable":true,"href":"https:\/\/roveyayinevi.com.tr\/index.php\/wp-json\/wp\/v2\/product_cat?post=716913"},{"taxonomy":"product_tag","embeddable":true,"href":"https:\/\/roveyayinevi.com.tr\/index.php\/wp-json\/wp\/v2\/product_tag?post=716913"}],"curies":[{"name":"wp","href":"https:\/\/api.w.org\/{rel}","templated":true}]}}