{"id":716912,"date":"2025-08-27T17:48:41","date_gmt":"2025-08-27T14:48:41","guid":{"rendered":"https:\/\/roveyayinevi.com.tr\/index.php\/urun\/buyuculer-zamani-sihir-yeniden-ciltli\/"},"modified":"2026-04-16T02:25:04","modified_gmt":"2026-04-15T23:25:04","slug":"buyuculer-zamani-sihir-yeniden-ciltli","status":"publish","type":"product","link":"https:\/\/roveyayinevi.com.tr\/index.php\/urun\/buyuculer-zamani-sihir-yeniden-ciltli\/","title":{"rendered":"B\u00fcy\u00fcc\u00fcler Zaman\u0131 &#8211; Sihir Yeniden (Ciltli)"},"content":{"rendered":"<p>Sunday Times  \u00c7oksatan\u0131 &amp; Blue Peter Kitap \u00d6d\u00fcl\u00fc sahibi, eserleri 30 dilde 8 milyon kopyadan fazla satan ve Ejderhan\u0131 Nas\u0131l E\u011fitirsin\u2019le b\u00fcy\u00fck ba\u015far\u0131 yakalayan Cowell\u2019dan fantastik bir macera daha\u2026Periler, devler, b\u00fcy\u00fcc\u00fcler, sava\u015f\u00e7\u0131lar, cad\u0131lar, krali\u00e7e ve krallar, sihirli ka\u015f\u0131klar ve u\u00e7an kap\u0131lar\u0131n gezdi\u011fi fantastik bir d\u00fcnya! Burada her \u015fey \u00e7ok farkl\u0131 ama bir o kadar da ayn\u0131&#8230; Bu sevimli, heyecanl\u0131 \u00f6yk\u00fcye ad\u0131m atmaktan \u00e7ekinmeyin. Her \u015fey \u00e7ok sihirli olacak.Bir zamanlar B\u00fcy\u00fcc\u00fc bir o\u011flan ile Sava\u015f\u00e7\u0131 bir k\u0131z birbirlerinden nefret ediyordu. Sonra bar\u0131\u015ft\u0131lar neyse ki. Ama \u015fimdi ikisinin de ba\u015f\u0131 belada!  Xar\u2019\u0131n elinde tehlikeli bir Cad\u0131 lekesi var, Dilek ise kudretli B\u00fcy\u00fc Kitab\u0131\u2019n\u0131 \u00e7ald\u0131. Kral cad\u0131 serbest kald\u0131&#8230; Cad\u0131lar art\u0131k Vah\u015fi Orman\u2019da istediklerini yap\u0131yorlar. Kara B\u00fcy\u00fc geri d\u00f6nd\u00fc. Xar ile Dilek yine beraber \u00e7al\u0131\u015fmak zorundalar. Ve bu sefer \u00e7ok daha tehlikeli topraklara ad\u0131m atacaklar&#8230;\u201cKitaplar\u0131 yedi milyondan fazla satan Cressida Cowell, her iyi hikayenin bir kahramana ihtiyac\u0131 oldu\u011funu \u00e7ok iyi biliyor\u201d<\/p>\n","protected":false},"excerpt":{"rendered":"<p>Sunday Times \u00c7oksatan\u0131 &amp; Blue Peter Kitap \u00d6d\u00fcl\u00fc sahibi, eserleri 30 dilde 8 milyon kopyadan fazla satan ve Ejderhan\u0131 Nas\u0131l E\u011fitirsin\u2019le b\u00fcy\u00fck ba\u015far\u0131 yakalayan Cowell\u2019dan fantastik<span class=\"excerpt-hellip\"> [\u2026]<\/span><\/p>\n","protected":false},"featured_media":0,"template":"","meta":{"_monsterinsights_skip_tracking":false,"_monsterinsights_sitenote_active":false,"_monsterinsights_sitenote_note":"","_monsterinsights_sitenote_category":0},"product_brand":[],"product_cat":[12540,12291],"product_tag":[],"class_list":{"0":"post-716912","1":"product","2":"type-product","3":"status-publish","5":"product_cat-bilim-kurgu","6":"product_cat-edebiyat","7":"pa_cilt-ciltli","8":"pa_tur-kitap","9":"pa_yayinevi-epsilon-yayinlari","10":"pa_yazar-cressida-cowell","12":"first","13":"instock","14":"sale","15":"shipping-taxable","16":"purchasable","17":"product-type-simple"},"_links":{"self":[{"href":"https:\/\/roveyayinevi.com.tr\/index.php\/wp-json\/wp\/v2\/product\/716912","targetHints":{"allow":["GET"]}}],"collection":[{"href":"https:\/\/roveyayinevi.com.tr\/index.php\/wp-json\/wp\/v2\/product"}],"about":[{"href":"https:\/\/roveyayinevi.com.tr\/index.php\/wp-json\/wp\/v2\/types\/product"}],"wp:attachment":[{"href":"https:\/\/roveyayinevi.com.tr\/index.php\/wp-json\/wp\/v2\/media?parent=716912"}],"wp:term":[{"taxonomy":"product_brand","embeddable":true,"href":"https:\/\/roveyayinevi.com.tr\/index.php\/wp-json\/wp\/v2\/product_brand?post=716912"},{"taxonomy":"product_cat","embeddable":true,"href":"https:\/\/roveyayinevi.com.tr\/index.php\/wp-json\/wp\/v2\/product_cat?post=716912"},{"taxonomy":"product_tag","embeddable":true,"href":"https:\/\/roveyayinevi.com.tr\/index.php\/wp-json\/wp\/v2\/product_tag?post=716912"}],"curies":[{"name":"wp","href":"https:\/\/api.w.org\/{rel}","templated":true}]}}