{"id":716910,"date":"2025-08-27T17:48:39","date_gmt":"2025-08-27T14:48:39","guid":{"rendered":"https:\/\/roveyayinevi.com.tr\/index.php\/urun\/uretmeden-kar-etmek\/"},"modified":"2026-04-16T02:25:04","modified_gmt":"2026-04-15T23:25:04","slug":"uretmeden-kar-etmek","status":"publish","type":"product","link":"https:\/\/roveyayinevi.com.tr\/index.php\/urun\/uretmeden-kar-etmek\/","title":{"rendered":"\u00dcretmeden Kar Etmek"},"content":{"rendered":"<p>Finansalla\u015fma son otuz y\u0131lda politik ekonomi alan\u0131nda ortaya \u00e7\u0131kan en yeni kavramlardan biri. Rantiyenin \u00fcretken kapitaliste kar\u015f\u0131 zaferi olarak g\u00f6r\u00fclemeyece\u011fi gibi finans\u0131n veya \u00fcretken sermayenin g\u00fcd\u00fcm\u00fcnde de de\u011fildir. Finans, kapitalist ekonominin ne k\u00fc\u00e7\u00fck bir bile\u015feni ne de asalak bir \u00e7\u0131k\u0131nt\u0131s\u0131d\u0131r; aksine birikimi devam ettiren, ayr\u0131lmaz bir par\u00e7as\u0131d\u0131r. Finansal k\u00e2r, dola\u015f\u0131m s\u00fcre\u00e7lerinden k\u00e2r \u00fcretilmesine olanak tan\u0131r. \u0130\u015fte bu, finansalla\u015fm\u0131\u015f kapitalizmin ay\u0131rt edici \u00f6zelliklerinden biridir.\u00dcretmeden Kar Etmek, finansalla\u015fmay\u0131 finans-d\u0131\u015f\u0131 \u015firketler, bankalar ve hanehalk\u0131n\u0131n davran\u0131\u015flar\u0131ndaki d\u00f6n\u00fc\u015f\u00fcm a\u00e7\u0131s\u0131ndan tan\u0131ml\u0131yor. Geli\u015fmi\u015f \u00fclkelerdeki birikimin \u00fc\u00e7 ay\u0131rt edici e\u011filimi, finansalla\u015fmay\u0131 g\u00fcn\u00fcm\u00fcz kapitalizminin yap\u0131sal bir d\u00f6n\u00fc\u015f\u00fcm\u00fc olarak bi\u00e7imlendirdi. Birincisi, finans-d\u0131\u015f\u0131 \u015firketlerin finansal i\u015flemlere gittik\u00e7e daha fazla d\u00e2hil olmas\u0131; ikincisi, bankalar\u0131n \u015firketlere bor\u00e7 vermektense serbest piyasa i\u015flemlerine ve hanehalk\u0131yla giri\u015filen finansal i\u015flemlere y\u00f6nelmesi; \u00fc\u00e7\u00fcnc\u00fcs\u00fc, hanehalk\u0131n\u0131n bor\u00e7lar ve varl\u0131klar bak\u0131m\u0131ndan finans sistemine daha fazla d\u00e2hil olmas\u0131. Finansalla\u015fman\u0131n ayn\u0131 zamanda geli\u015fmekte olan \u00fclkelerde ba\u011f\u0131ml\u0131 boyutu da vard\u0131r ve d\u00fcnya piyasas\u0131 ve d\u00fcnya paras\u0131n\u0131n hiyerar\u015fik do\u011fas\u0131n\u0131 yans\u0131t\u0131r.Finansalla\u015fm\u0131\u015f kapitalizm, en b\u00fcy\u00fc\u011f\u00fc 2007\u2019de ba\u015flayan \u00e7alkant\u0131 olmak \u00fczere, krizlere meyillidir. \u00dcretmeden Kar Etmek, bolca ampirik veri kullanarak krizin nedenlerini de a\u00e7\u0131kl\u0131yor ve finans\u0131 kontrol etmek i\u00e7in elimizdeki se\u00e7enekleri tart\u0131\u015f\u0131yor. Marksist para ve finans teorisini ustal\u0131kla analiz eden ve pek ele al\u0131nmayan y\u00f6nlerini g\u00fcn \u0131\u015f\u0131\u011f\u0131na \u00e7\u0131karan Lapavitsas, hem \u00e7al\u0131\u015fmas\u0131n\u0131 sa\u011flam bir Marksist temele oturtuyor hem de Marx\u2019\u0131n d\u00f6neminde g\u00fcn\u00fcm\u00fczdeki \u015fekliyle var olmayan finansalla\u015fm\u0131\u015f kapitalizm hakk\u0131nda g\u00fcncel ve \u00e7\u0131\u011f\u0131r a\u00e7an bir teorik \u00e7er\u00e7eve sunuyor. \u00dcretmeden K\u00e2r Etmek, Marx, Hilferding, Lenin gibi teorisyenlerin kendi d\u00f6nemlerindeki eserlerinin muadili olarak g\u00fcn\u00fcm\u00fcz\u00fcn finansalla\u015fm\u0131\u015f kapitalizmini a\u00e7\u0131klayan bir ba\u015fyap\u0131t.<\/p>\n","protected":false},"excerpt":{"rendered":"<p>Finansalla\u015fma son otuz y\u0131lda politik ekonomi alan\u0131nda ortaya \u00e7\u0131kan en yeni kavramlardan biri. Rantiyenin \u00fcretken kapitaliste kar\u015f\u0131 zaferi olarak g\u00f6r\u00fclemeyece\u011fi gibi finans\u0131n veya \u00fcretken sermayenin g\u00fcd\u00fcm\u00fcnde<span class=\"excerpt-hellip\"> [\u2026]<\/span><\/p>\n","protected":false},"featured_media":0,"template":"","meta":{"_monsterinsights_skip_tracking":false,"_monsterinsights_sitenote_active":false,"_monsterinsights_sitenote_note":"","_monsterinsights_sitenote_category":0},"product_brand":[],"product_cat":[20333,13043],"product_tag":[],"class_list":{"0":"post-716910","1":"product","2":"type-product","3":"status-publish","5":"product_cat-diger-ekonomi","6":"product_cat-ekonomi","7":"pa_cilt-ciltsiz","8":"pa_tur-kitap","9":"pa_yayinevi-koc-universitesi-yayinlari","10":"pa_yazar-costas-lapavitsas","12":"first","13":"instock","14":"sale","15":"shipping-taxable","16":"purchasable","17":"product-type-simple"},"_links":{"self":[{"href":"https:\/\/roveyayinevi.com.tr\/index.php\/wp-json\/wp\/v2\/product\/716910","targetHints":{"allow":["GET"]}}],"collection":[{"href":"https:\/\/roveyayinevi.com.tr\/index.php\/wp-json\/wp\/v2\/product"}],"about":[{"href":"https:\/\/roveyayinevi.com.tr\/index.php\/wp-json\/wp\/v2\/types\/product"}],"wp:attachment":[{"href":"https:\/\/roveyayinevi.com.tr\/index.php\/wp-json\/wp\/v2\/media?parent=716910"}],"wp:term":[{"taxonomy":"product_brand","embeddable":true,"href":"https:\/\/roveyayinevi.com.tr\/index.php\/wp-json\/wp\/v2\/product_brand?post=716910"},{"taxonomy":"product_cat","embeddable":true,"href":"https:\/\/roveyayinevi.com.tr\/index.php\/wp-json\/wp\/v2\/product_cat?post=716910"},{"taxonomy":"product_tag","embeddable":true,"href":"https:\/\/roveyayinevi.com.tr\/index.php\/wp-json\/wp\/v2\/product_tag?post=716910"}],"curies":[{"name":"wp","href":"https:\/\/api.w.org\/{rel}","templated":true}]}}