{"id":716907,"date":"2025-08-27T17:48:37","date_gmt":"2025-08-27T14:48:37","guid":{"rendered":"https:\/\/roveyayinevi.com.tr\/index.php\/urun\/hachiko\/"},"modified":"2026-04-16T02:25:04","modified_gmt":"2026-04-15T23:25:04","slug":"hachiko","status":"publish","type":"product","link":"https:\/\/roveyayinevi.com.tr\/index.php\/urun\/hachiko\/","title":{"rendered":"Hachiko"},"content":{"rendered":"<p>Bundan 100 y\u0131l kadar \u00f6nce, bir k\u00f6pekle bir profes\u00f6r aras\u0131nda, sonralar\u0131 t\u00fcm d\u00fcnyay\u0131 derinden etkileyecek bir dostluk ba\u015flad\u0131. Fakat bu dostlar, profes\u00f6r\u00fcn \u00f6l\u00fcm\u00fcyle k\u0131sa s\u00fcre sonra ayr\u0131lmak zorunda kald\u0131. Peki bir k\u00f6pe\u011fe \u00f6l\u00fcm\u00fcn ne oldu\u011funu anlatabilir misiniz? Elbette hay\u0131r. \u0130\u015fte Hachiko da bu y\u00fczden, en yak\u0131n dostunu yakla\u015f\u0131k 10 y\u0131l boyunca bekledi. Hem de her g\u00fcn, ayn\u0131 saatte ve ayn\u0131 yerde. K\u00f6pekler, y\u00fczy\u0131llardan beri insanlar\u0131n en sad\u0131k dostlar\u0131d\u0131r. Ancak baz\u0131 dostluklar, filmlere ve kitaplara konu olacak kadar b\u00fcy\u00fck izler b\u0131rakm\u0131\u015ft\u0131r haf\u0131zalarda. Sahibini y\u0131llarca, sab\u0131rla bekledi\u011fi tren istasyonuna heykeli dikilen Hachiko\u2019nun hik\u00e2yesi, gen\u00e7 ya\u015fl\u0131 demeden t\u00fcm kalpleri \u0131s\u0131tacak t\u00fcrden.   Hachiko bize hi\u00e7bir zaman vazge\u00e7memeyi \u00f6\u011fretti. Bize sadakati ve ba\u011fl\u0131l\u0131\u011f\u0131 \u00f6\u011fretti. Umudu ve inanc\u0131 \u00f6\u011fretti. Sabr\u0131 ve sorumlulu\u011fu \u00f6\u011fretti. Ama hepsinden \u00f6te, Hachiko bize arkada\u015fl\u0131\u011f\u0131n ger\u00e7ek anlam\u0131n\u0131 ve Sevdiklerimizi asla unutmamay\u0131 \u00f6\u011fretti. Te\u015fekk\u00fcrler, Hachiko. <\/p>\n","protected":false},"excerpt":{"rendered":"<p>Bundan 100 y\u0131l kadar \u00f6nce, bir k\u00f6pekle bir profes\u00f6r aras\u0131nda, sonralar\u0131 t\u00fcm d\u00fcnyay\u0131 derinden etkileyecek bir dostluk ba\u015flad\u0131. Fakat bu dostlar, profes\u00f6r\u00fcn \u00f6l\u00fcm\u00fcyle k\u0131sa s\u00fcre sonra<span class=\"excerpt-hellip\"> [\u2026]<\/span><\/p>\n","protected":false},"featured_media":0,"template":"","meta":{"_monsterinsights_skip_tracking":false,"_monsterinsights_sitenote_active":false,"_monsterinsights_sitenote_note":"","_monsterinsights_sitenote_category":0},"product_brand":[],"product_cat":[12291,12711],"product_tag":[],"class_list":{"0":"post-716907","1":"product","2":"type-product","3":"status-publish","5":"product_cat-edebiyat","6":"product_cat-roman-oyku","7":"pa_cilt-ciltsiz","8":"pa_tur-kitap","9":"pa_yayinevi-yakamoz-yayinevi","10":"pa_yazar-leslea-newman","12":"first","13":"instock","14":"sale","15":"shipping-taxable","16":"purchasable","17":"product-type-simple"},"_links":{"self":[{"href":"https:\/\/roveyayinevi.com.tr\/index.php\/wp-json\/wp\/v2\/product\/716907","targetHints":{"allow":["GET"]}}],"collection":[{"href":"https:\/\/roveyayinevi.com.tr\/index.php\/wp-json\/wp\/v2\/product"}],"about":[{"href":"https:\/\/roveyayinevi.com.tr\/index.php\/wp-json\/wp\/v2\/types\/product"}],"wp:attachment":[{"href":"https:\/\/roveyayinevi.com.tr\/index.php\/wp-json\/wp\/v2\/media?parent=716907"}],"wp:term":[{"taxonomy":"product_brand","embeddable":true,"href":"https:\/\/roveyayinevi.com.tr\/index.php\/wp-json\/wp\/v2\/product_brand?post=716907"},{"taxonomy":"product_cat","embeddable":true,"href":"https:\/\/roveyayinevi.com.tr\/index.php\/wp-json\/wp\/v2\/product_cat?post=716907"},{"taxonomy":"product_tag","embeddable":true,"href":"https:\/\/roveyayinevi.com.tr\/index.php\/wp-json\/wp\/v2\/product_tag?post=716907"}],"curies":[{"name":"wp","href":"https:\/\/api.w.org\/{rel}","templated":true}]}}