{"id":716906,"date":"2025-08-27T17:48:36","date_gmt":"2025-08-27T14:48:36","guid":{"rendered":"https:\/\/roveyayinevi.com.tr\/index.php\/urun\/bilim-tanriyi-oldurebilir-mi\/"},"modified":"2026-04-16T02:25:04","modified_gmt":"2026-04-15T23:25:04","slug":"bilim-tanriyi-oldurebilir-mi","status":"publish","type":"product","link":"https:\/\/roveyayinevi.com.tr\/index.php\/urun\/bilim-tanriyi-oldurebilir-mi\/","title":{"rendered":"Bilim Tanr\u0131y\u0131 \u00d6ld\u00fcrebilir mi?"},"content":{"rendered":"<p>Bu kitab\u0131n amac\u0131 Tanr\u0131\u2019n\u0131n varl\u0131\u011f\u0131n\u0131 kan\u0131tlamak de\u011fil, bilimin Tanr\u0131\u2019n\u0131n olmad\u0131\u011f\u0131n\u0131 kan\u0131tlayamayaca\u011f\u0131n\u0131 anlatmakt\u0131r. Tanr\u0131\u2019n\u0131n ne oldu\u011funu bilmedi\u011fimizden ve O\u2019nunla ili\u015fkilendirilen sonsuz g\u00fc\u00e7, sonsuz uzay, sonsuz zaman, sonsuz bilgelik, sonsuz sevgi vb. Tanr\u0131 ile ili\u015fkilendirebilece\u011fimiz derin kavramlar\u0131 tam manas\u0131yla alg\u0131lamam\u0131z\u0131n bir yolu yoktur. \u0130nsana dair t\u00fcm sosyal m\u00fcesseseler gibi dini m\u00fcesseselerin de kusurlar\u0131 vard\u0131r. Fakat Tanr\u0131 \u00e7evremizde g\u00f6rd\u00fc\u011f\u00fcm\u00fcz evrenin yarat\u0131l\u0131\u015f\u0131n\u0131 a\u015fan, anlama yetene\u011fimizin \u00e7ok d\u0131\u015f\u0131nda bir g\u00fc\u00e7t\u00fcr ve bilim bunun aksini kan\u0131tlamam\u0131\u015ft\u0131r ve kan\u0131tlayamayacakt\u0131r. D\u00fcnyay\u0131 ve i\u00e7indeki yerimizi anlamak, d\u00fcnyan\u0131n s\u0131rlar\u0131n\u0131 ayd\u0131nlatma giri\u015fimleri, hem bilimin hem maneviyat\u0131n k\u00f6kleridir ve b\u00fcy\u00fck resime bak\u0131\u015f\u0131m\u0131z\u0131 derinle\u015ftirirler. Tarih boyunca pek \u00e7ok bilimsel ke\u015fif bizi ya\u015fam ve evrenin mucizelerine yak\u0131nla\u015ft\u0131rd\u0131, fakat yarat\u0131l\u0131\u015f i\u00e7in minnettarl\u0131\u011f\u0131m\u0131z\u0131 da \u00f6l\u00e7\u00fclemeyecek nis-pette derinle\u015ftirdi. California Universitesi\u2019nden matematik profes\u00f6r\u00fc ve \u00e7ok satan kitaplar\u0131n yazar\u0131 Amir Aczel\u2019den zihninizi a\u00e7acak, her sayfas\u0131nda yeni bir \u015feyler \u00f6\u011frenece\u011finiz ola\u011fan\u00fcst\u00fc bir eser.<\/p>\n","protected":false},"excerpt":{"rendered":"<p>Bu kitab\u0131n amac\u0131 Tanr\u0131\u2019n\u0131n varl\u0131\u011f\u0131n\u0131 kan\u0131tlamak de\u011fil, bilimin Tanr\u0131\u2019n\u0131n olmad\u0131\u011f\u0131n\u0131 kan\u0131tlayamayaca\u011f\u0131n\u0131 anlatmakt\u0131r. Tanr\u0131\u2019n\u0131n ne oldu\u011funu bilmedi\u011fimizden ve O\u2019nunla ili\u015fkilendirilen sonsuz g\u00fc\u00e7, sonsuz uzay, sonsuz zaman, sonsuz<span class=\"excerpt-hellip\"> [\u2026]<\/span><\/p>\n","protected":false},"featured_media":0,"template":"","meta":{"_monsterinsights_skip_tracking":false,"_monsterinsights_sitenote_active":false,"_monsterinsights_sitenote_note":"","_monsterinsights_sitenote_category":0},"product_brand":[],"product_cat":[13005,13006],"product_tag":[],"class_list":{"0":"post-716906","1":"product","2":"type-product","3":"status-publish","5":"product_cat-bilim-muhendislik","6":"product_cat-populer-bilim","7":"pa_cilt-ciltsiz","8":"pa_tur-kitap","9":"pa_yayinevi-jules-verne","10":"pa_yazar-amir-d-aczel","12":"first","13":"instock","14":"sale","15":"shipping-taxable","16":"purchasable","17":"product-type-simple"},"_links":{"self":[{"href":"https:\/\/roveyayinevi.com.tr\/index.php\/wp-json\/wp\/v2\/product\/716906","targetHints":{"allow":["GET"]}}],"collection":[{"href":"https:\/\/roveyayinevi.com.tr\/index.php\/wp-json\/wp\/v2\/product"}],"about":[{"href":"https:\/\/roveyayinevi.com.tr\/index.php\/wp-json\/wp\/v2\/types\/product"}],"wp:attachment":[{"href":"https:\/\/roveyayinevi.com.tr\/index.php\/wp-json\/wp\/v2\/media?parent=716906"}],"wp:term":[{"taxonomy":"product_brand","embeddable":true,"href":"https:\/\/roveyayinevi.com.tr\/index.php\/wp-json\/wp\/v2\/product_brand?post=716906"},{"taxonomy":"product_cat","embeddable":true,"href":"https:\/\/roveyayinevi.com.tr\/index.php\/wp-json\/wp\/v2\/product_cat?post=716906"},{"taxonomy":"product_tag","embeddable":true,"href":"https:\/\/roveyayinevi.com.tr\/index.php\/wp-json\/wp\/v2\/product_tag?post=716906"}],"curies":[{"name":"wp","href":"https:\/\/api.w.org\/{rel}","templated":true}]}}