{"id":716904,"date":"2025-08-27T17:48:35","date_gmt":"2025-08-27T14:48:35","guid":{"rendered":"https:\/\/roveyayinevi.com.tr\/index.php\/urun\/gulbeseker-turk-tatlilari-tarihi\/"},"modified":"2026-04-16T02:25:04","modified_gmt":"2026-04-15T23:25:04","slug":"gulbeseker-turk-tatlilari-tarihi","status":"publish","type":"product","link":"https:\/\/roveyayinevi.com.tr\/index.php\/urun\/gulbeseker-turk-tatlilari-tarihi\/","title":{"rendered":"G\u00fclbe\u015feker &#8211; T\u00fcrk Tatl\u0131lar\u0131 Tarihi"},"content":{"rendered":"<p>&#8220;Frengi badem \u015fekeri Al ey demadem \u015fekeri Kim hazzetmez be\u011fim ondan Yemez mi adem \u015fekeri&#8221; Bek\u00e7i Manisinden (18 yy) T\u00fcrk yemekleri \u00fczerine yaz\u0131lm\u0131\u015f eski ve yeni kitaplarda tatl\u0131lar\u0131n da \u00f6nemli bir yeri var, tatl\u0131lar \u00fczerine eski ve yeni T\u00fcrk\u00e7e kitaplar da yok de\u011fil&#8230; Ancak G\u00fclbe\u015feker\/ T\u00fcrk Tatl\u0131lar\u0131 Tarihi de T\u00fcrk tatl\u0131 ve \u015fekerleme k\u00fclt\u00fcr\u00fc \u00fczerine kaleme al\u0131nm\u0131\u015f \u00e7al\u0131\u015fmalar aras\u0131nda kendisine mutlaka anlaml\u0131 bir yer bulacakt\u0131r. N\u00f6bet \u015fekerinden peynir \u015fekerine; kudret helvas\u0131ndan a\u011f\u0131z miskine; badem \u015fekerinden \u00e7ar\u015f\u0131 helvalar\u0131na; tatl\u0131 sucuktan g\u00fclla\u00e7, baklava ve kaday\u0131fa; pelteden lokuma; a\u015fureden zerdeye T\u00fcrk tatk\u0131 ve \u015fekerlemeleri&#8230;<\/p>\n","protected":false},"excerpt":{"rendered":"<p>&#8220;Frengi badem \u015fekeri Al ey demadem \u015fekeri Kim hazzetmez be\u011fim ondan Yemez mi adem \u015fekeri&#8221; Bek\u00e7i Manisinden (18 yy) T\u00fcrk yemekleri \u00fczerine yaz\u0131lm\u0131\u015f eski ve yeni<span class=\"excerpt-hellip\"> [\u2026]<\/span><\/p>\n","protected":false},"featured_media":0,"template":"","meta":{"_monsterinsights_skip_tracking":false,"_monsterinsights_sitenote_active":false,"_monsterinsights_sitenote_note":"","_monsterinsights_sitenote_category":0},"product_brand":[],"product_cat":[12458,12457],"product_tag":[],"class_list":{"0":"post-716904","1":"product","2":"type-product","3":"status-publish","5":"product_cat-turk-mutfagi","6":"product_cat-yemek-kitaplari","7":"pa_cilt-ciltsiz","8":"pa_tur-kitap","9":"pa_yayinevi-yapi-kredi-yayinlari","10":"pa_yazar-priscilla-mary-isin","12":"first","13":"instock","14":"sale","15":"shipping-taxable","16":"purchasable","17":"product-type-simple"},"_links":{"self":[{"href":"https:\/\/roveyayinevi.com.tr\/index.php\/wp-json\/wp\/v2\/product\/716904","targetHints":{"allow":["GET"]}}],"collection":[{"href":"https:\/\/roveyayinevi.com.tr\/index.php\/wp-json\/wp\/v2\/product"}],"about":[{"href":"https:\/\/roveyayinevi.com.tr\/index.php\/wp-json\/wp\/v2\/types\/product"}],"wp:attachment":[{"href":"https:\/\/roveyayinevi.com.tr\/index.php\/wp-json\/wp\/v2\/media?parent=716904"}],"wp:term":[{"taxonomy":"product_brand","embeddable":true,"href":"https:\/\/roveyayinevi.com.tr\/index.php\/wp-json\/wp\/v2\/product_brand?post=716904"},{"taxonomy":"product_cat","embeddable":true,"href":"https:\/\/roveyayinevi.com.tr\/index.php\/wp-json\/wp\/v2\/product_cat?post=716904"},{"taxonomy":"product_tag","embeddable":true,"href":"https:\/\/roveyayinevi.com.tr\/index.php\/wp-json\/wp\/v2\/product_tag?post=716904"}],"curies":[{"name":"wp","href":"https:\/\/api.w.org\/{rel}","templated":true}]}}