{"id":716900,"date":"2025-08-27T17:48:33","date_gmt":"2025-08-27T14:48:33","guid":{"rendered":"https:\/\/roveyayinevi.com.tr\/index.php\/urun\/mavi-tuy-2\/"},"modified":"2026-04-16T02:25:04","modified_gmt":"2026-04-15T23:25:04","slug":"mavi-tuy-2","status":"publish","type":"product","link":"https:\/\/roveyayinevi.com.tr\/index.php\/urun\/mavi-tuy-2\/","title":{"rendered":"Mavi T\u00fcy"},"content":{"rendered":"<p>Diyelim ki parkta mavi bir ku\u015f t\u00fcy\u00fc buldun. T\u00fcy\u00fcn sahibini merak edersen biraz \u00e7evrene bakman yeterli olabilir. T\u0131pk\u0131 bu kitaptaki \u00e7ocuk gibi. \u0130\u015fte bu ku\u015f t\u00fcylerinin pe\u015finden gitmek istiyorsan, Zuhal \u00d6zer\u2019in yaz\u0131p Nazl\u0131 Tunal\u0131\u2019n\u0131n resimledi\u011fi K\u00fc\u00e7\u00fcklerle Bilim serisinin \u00fc\u00e7\u00fcnc\u00fc kitab\u0131 olan Mavi T\u00fcy\u2019\u00fcn sayfalar\u0131n\u0131 \u00e7evirmeye ba\u015flayabilirsiniz. Farkl\u0131 ku\u015flar\u0131, t\u00fcyleri ve \u00f6zelliklerini anlatan kitab\u0131m\u0131z, 3 ya\u015f \u00fczeri \u00e7ocuklar\u0131n keyifle ke\u015ffetmeleri i\u00e7in haz\u0131rland\u0131. <\/p>\n","protected":false},"excerpt":{"rendered":"<p>Diyelim ki parkta mavi bir ku\u015f t\u00fcy\u00fc buldun. T\u00fcy\u00fcn sahibini merak edersen biraz \u00e7evrene bakman yeterli olabilir. T\u0131pk\u0131 bu kitaptaki \u00e7ocuk gibi. \u0130\u015fte bu ku\u015f t\u00fcylerinin<span class=\"excerpt-hellip\"> [\u2026]<\/span><\/p>\n","protected":false},"featured_media":0,"template":"","meta":{"_monsterinsights_skip_tracking":false,"_monsterinsights_sitenote_active":false,"_monsterinsights_sitenote_note":"","_monsterinsights_sitenote_category":0},"product_brand":[],"product_cat":[15192,12274],"product_tag":[],"class_list":{"0":"post-716900","1":"product","2":"type-product","3":"status-publish","5":"product_cat-1-3-yas-kitaplari","6":"product_cat-cocuk-ve-genclik-kitaplari","7":"pa_cilt-ciltsiz","8":"pa_tur-kitap","9":"pa_yayinevi-potikare-yayincilik","10":"pa_yazar-zuhal-ozer","12":"first","13":"instock","14":"sale","15":"shipping-taxable","16":"purchasable","17":"product-type-simple"},"_links":{"self":[{"href":"https:\/\/roveyayinevi.com.tr\/index.php\/wp-json\/wp\/v2\/product\/716900","targetHints":{"allow":["GET"]}}],"collection":[{"href":"https:\/\/roveyayinevi.com.tr\/index.php\/wp-json\/wp\/v2\/product"}],"about":[{"href":"https:\/\/roveyayinevi.com.tr\/index.php\/wp-json\/wp\/v2\/types\/product"}],"wp:attachment":[{"href":"https:\/\/roveyayinevi.com.tr\/index.php\/wp-json\/wp\/v2\/media?parent=716900"}],"wp:term":[{"taxonomy":"product_brand","embeddable":true,"href":"https:\/\/roveyayinevi.com.tr\/index.php\/wp-json\/wp\/v2\/product_brand?post=716900"},{"taxonomy":"product_cat","embeddable":true,"href":"https:\/\/roveyayinevi.com.tr\/index.php\/wp-json\/wp\/v2\/product_cat?post=716900"},{"taxonomy":"product_tag","embeddable":true,"href":"https:\/\/roveyayinevi.com.tr\/index.php\/wp-json\/wp\/v2\/product_tag?post=716900"}],"curies":[{"name":"wp","href":"https:\/\/api.w.org\/{rel}","templated":true}]}}