{"id":716898,"date":"2025-08-27T17:48:32","date_gmt":"2025-08-27T14:48:32","guid":{"rendered":"https:\/\/roveyayinevi.com.tr\/index.php\/urun\/kutudan-gelen-sesler-kucuklerle-bilim\/"},"modified":"2026-04-16T02:25:04","modified_gmt":"2026-04-15T23:25:04","slug":"kutudan-gelen-sesler-kucuklerle-bilim","status":"publish","type":"product","link":"https:\/\/roveyayinevi.com.tr\/index.php\/urun\/kutudan-gelen-sesler-kucuklerle-bilim\/","title":{"rendered":"Kutudan Gelen Sesler &#8211; K\u00fc\u00e7\u00fcklerle Bilim"},"content":{"rendered":"<p>Kedimiz Nohut bir kutu buldu. Patisiyle kutuya vurarak oynamaya ba\u015flad\u0131. Her vurdu\u011funda kutudan sesler geliyordu. Bu seslerin ne oldu\u011funu \u00e7ok merak ettik ve \u2026 Seslerin ne oldu\u011funu merak ediyorsan\u0131z, Zuhal \u00d6zer\u2019in yaz\u0131p Nazl\u0131 Tunal\u0131\u2019n\u0131n resimledi\u011fi K\u00fc\u00e7\u00fcklerle Bilim serisinin ikinci kitab\u0131 olan Kutudan Gelen Sesler\u2019i okumaya ba\u015flayabilirsiniz. \u0130\u00e7inde etkinli\u011fi olan ve tohumlar ile ilgili bilimsel verileri de payla\u015fan kitab\u0131m\u0131z, 3 ya\u015f \u00fczeri \u00e7ocuklar\u0131n keyifle ke\u015ffetmeleri i\u00e7in haz\u0131rland\u0131. <\/p>\n","protected":false},"excerpt":{"rendered":"<p>Kedimiz Nohut bir kutu buldu. Patisiyle kutuya vurarak oynamaya ba\u015flad\u0131. Her vurdu\u011funda kutudan sesler geliyordu. Bu seslerin ne oldu\u011funu \u00e7ok merak ettik ve \u2026 Seslerin ne<span class=\"excerpt-hellip\"> [\u2026]<\/span><\/p>\n","protected":false},"featured_media":0,"template":"","meta":{"_monsterinsights_skip_tracking":false,"_monsterinsights_sitenote_active":false,"_monsterinsights_sitenote_note":"","_monsterinsights_sitenote_category":0},"product_brand":[],"product_cat":[15192,12274],"product_tag":[],"class_list":{"0":"post-716898","1":"product","2":"type-product","3":"status-publish","5":"product_cat-1-3-yas-kitaplari","6":"product_cat-cocuk-ve-genclik-kitaplari","7":"pa_cilt-ciltsiz","8":"pa_tur-kitap","9":"pa_yayinevi-potikare-yayincilik","10":"pa_yazar-zuhal-ozer","12":"first","13":"instock","14":"sale","15":"shipping-taxable","16":"purchasable","17":"product-type-simple"},"_links":{"self":[{"href":"https:\/\/roveyayinevi.com.tr\/index.php\/wp-json\/wp\/v2\/product\/716898","targetHints":{"allow":["GET"]}}],"collection":[{"href":"https:\/\/roveyayinevi.com.tr\/index.php\/wp-json\/wp\/v2\/product"}],"about":[{"href":"https:\/\/roveyayinevi.com.tr\/index.php\/wp-json\/wp\/v2\/types\/product"}],"wp:attachment":[{"href":"https:\/\/roveyayinevi.com.tr\/index.php\/wp-json\/wp\/v2\/media?parent=716898"}],"wp:term":[{"taxonomy":"product_brand","embeddable":true,"href":"https:\/\/roveyayinevi.com.tr\/index.php\/wp-json\/wp\/v2\/product_brand?post=716898"},{"taxonomy":"product_cat","embeddable":true,"href":"https:\/\/roveyayinevi.com.tr\/index.php\/wp-json\/wp\/v2\/product_cat?post=716898"},{"taxonomy":"product_tag","embeddable":true,"href":"https:\/\/roveyayinevi.com.tr\/index.php\/wp-json\/wp\/v2\/product_tag?post=716898"}],"curies":[{"name":"wp","href":"https:\/\/api.w.org\/{rel}","templated":true}]}}