{"id":716895,"date":"2025-08-27T17:48:30","date_gmt":"2025-08-27T14:48:30","guid":{"rendered":"https:\/\/roveyayinevi.com.tr\/index.php\/urun\/cingoz-recai-civa-necatinin-harikali-serguzestleri\/"},"modified":"2026-04-03T02:31:28","modified_gmt":"2026-04-02T23:31:28","slug":"cingoz-recai-civa-necatinin-harikali-serguzestleri","status":"publish","type":"product","link":"https:\/\/roveyayinevi.com.tr\/index.php\/urun\/cingoz-recai-civa-necatinin-harikali-serguzestleri\/","title":{"rendered":"Cing\u00f6z Recai-Civa Necati&#8217;nin Harikal\u0131 Serg\u00fcze\u015ftleri"},"content":{"rendered":"<p>Cing\u00f6z\u2019\u00fcn Ak\u0131beti\u2019nde me\u015fhur serserinin serg\u00fcze\u015ftlerini sonland\u0131ran Peyami Safa, C\u0131va Necati ad\u0131n\u0131 verdi\u011fi ba\u015fka bir karakterin onparal\u0131k \u00f6yk\u00fclerine giri\u015fmi\u015f; fakat yeni karakteri, ismi d\u0131\u015f\u0131nda tamam\u0131yla Cing\u00f6z Recai\u2019nin bir kopyas\u0131 olarak ortaya \u00e7\u0131km\u0131\u015ft\u0131r. Bir s\u00fcre sonra bu durum yazar\u0131 ve okuyucuyu ikna etmeyince, C\u0131va Necati\u2019nin \u00fcst\u00fc \u00e7izilmi\u015f ve muhte\u015fem serserimiz bu serinin i\u00e7inde 13. kitap olarak ne\u015fredilen Madam \u00c7iviciyan\u2019\u0131n Gerdanl\u0131\u011f\u0131 ile geri d\u00f6nm\u00fc\u015ft\u00fcr. Bu kitapta, C\u0131va Necati ad\u0131yla yay\u0131mlanan 12 macera, matbu kapaklarda C\u0131va Necati\u2019nin ad\u0131 \u00e7izilerek ve yerine Cing\u00f6z Recai yaz\u0131larak yay\u0131mlanan 4 macera ve \u201cYeni Cing\u00f6z\u2019\u00fcn Maceralar\u0131\u201d olarak yay\u0131mlanmaya ba\u015flayan fakat tek kitap olarak kalan seriye ait 1 macera yer almaktad\u0131r:Bacadan \u00c7\u0131kan DumanAlevlerden SonraEsrarl\u0131 DolapMi\u015fon\u2019un DefinesiBodrumda KalanlarTiyatro Bask\u0131n\u0131Bir D\u00fc\u011f\u00fcn Gecesi\u0130nci Tespih SirkatiAlt\u0131n Dolu K\u00fcpZifiri Karanl\u0131klarda\u00c7al\u0131nan VasiyetnameJapon Masas\u0131Madam \u00c7iviciyan\u2019\u0131n Gerdanl\u0131\u011f\u0131Soyulan \u0130ngilizBanka SoygunuKanl\u0131 Mektup\u00dc\u00e7 Bu\u00e7uk Parmak<\/p>\n","protected":false},"excerpt":{"rendered":"<p>Cing\u00f6z\u2019\u00fcn Ak\u0131beti\u2019nde me\u015fhur serserinin serg\u00fcze\u015ftlerini sonland\u0131ran Peyami Safa, C\u0131va Necati ad\u0131n\u0131 verdi\u011fi ba\u015fka bir karakterin onparal\u0131k \u00f6yk\u00fclerine giri\u015fmi\u015f; fakat yeni karakteri, ismi d\u0131\u015f\u0131nda tamam\u0131yla Cing\u00f6z Recai\u2019nin<span class=\"excerpt-hellip\"> [\u2026]<\/span><\/p>\n","protected":false},"featured_media":0,"template":"","meta":{"_monsterinsights_skip_tracking":false,"_monsterinsights_sitenote_active":false,"_monsterinsights_sitenote_note":"","_monsterinsights_sitenote_category":0},"product_brand":[],"product_cat":[12291,12711],"product_tag":[],"class_list":{"0":"post-716895","1":"product","2":"type-product","3":"status-publish","5":"product_cat-edebiyat","6":"product_cat-roman-oyku","7":"pa_cilt-ciltsiz","8":"pa_tur-kitap","9":"pa_yayinevi-otuken-nesriyat","10":"pa_yazar-peyami-safa-server-bedi","12":"first","13":"instock","14":"sale","15":"shipping-taxable","16":"purchasable","17":"product-type-simple"},"_links":{"self":[{"href":"https:\/\/roveyayinevi.com.tr\/index.php\/wp-json\/wp\/v2\/product\/716895","targetHints":{"allow":["GET"]}}],"collection":[{"href":"https:\/\/roveyayinevi.com.tr\/index.php\/wp-json\/wp\/v2\/product"}],"about":[{"href":"https:\/\/roveyayinevi.com.tr\/index.php\/wp-json\/wp\/v2\/types\/product"}],"wp:attachment":[{"href":"https:\/\/roveyayinevi.com.tr\/index.php\/wp-json\/wp\/v2\/media?parent=716895"}],"wp:term":[{"taxonomy":"product_brand","embeddable":true,"href":"https:\/\/roveyayinevi.com.tr\/index.php\/wp-json\/wp\/v2\/product_brand?post=716895"},{"taxonomy":"product_cat","embeddable":true,"href":"https:\/\/roveyayinevi.com.tr\/index.php\/wp-json\/wp\/v2\/product_cat?post=716895"},{"taxonomy":"product_tag","embeddable":true,"href":"https:\/\/roveyayinevi.com.tr\/index.php\/wp-json\/wp\/v2\/product_tag?post=716895"}],"curies":[{"name":"wp","href":"https:\/\/api.w.org\/{rel}","templated":true}]}}