{"id":716894,"date":"2025-08-27T17:48:29","date_gmt":"2025-08-27T14:48:29","guid":{"rendered":"https:\/\/roveyayinevi.com.tr\/index.php\/urun\/kurk-mantolu-madonna-9\/"},"modified":"2026-04-16T02:25:04","modified_gmt":"2026-04-15T23:25:04","slug":"kurk-mantolu-madonna-9","status":"publish","type":"product","link":"https:\/\/roveyayinevi.com.tr\/index.php\/urun\/kurk-mantolu-madonna-9\/","title":{"rendered":"K\u00fcrk Mantolu Madonna"},"content":{"rendered":"<p>Roman\u0131n kahraman\u0131 gen\u00e7 Raif Efendi\u2019yi, baba mesle\u011fini ilerletmek \u00fczere 1930\u2019larda gitti\u011fi Almanya\u2019dan d\u00f6n\u00fc\u015f\u00fcyle birlikte, s\u0131radan bir ya\u015fam ve mutsuz bir evlilik beklemektedir.Hasta yata\u011f\u0131ndayken ziyarete gelen arkada\u015f\u0131ndan, \u00e7ekmeceden \u00e7\u0131kard\u0131\u011f\u0131 hat\u0131ra defterini sobaya at\u0131p yakmas\u0131n\u0131 ister. Bu defterde Almanya\u2019dayken bir galeride g\u00f6rd\u00fc\u011f\u00fc tabloyla ba\u015flayan tutkulu a\u015fk\u0131n hik\u00e2yesi anlat\u0131lmaktad\u0131r. Hemen her g\u00fcn u\u011fray\u0131p \u00f6n\u00fcnden ayr\u0131lamad\u0131\u011f\u0131 bu resimdeki K\u00fcrk Mantolu Madonna, asl\u0131nda tablonun ressam\u0131 olan Maria Puder\u2019in ta kendisidir.Ya\u015fanan bu tak\u0131nt\u0131l\u0131 a\u015fk\u0131n \u00f6yk\u00fcs\u00fc ve hayat\u0131n s\u00fcrprizle sonu\u00e7lanacak trajedisi b\u00f6yle ba\u015flar.<\/p>\n","protected":false},"excerpt":{"rendered":"<p>Roman\u0131n kahraman\u0131 gen\u00e7 Raif Efendi\u2019yi, baba mesle\u011fini ilerletmek \u00fczere 1930\u2019larda gitti\u011fi Almanya\u2019dan d\u00f6n\u00fc\u015f\u00fcyle birlikte, s\u0131radan bir ya\u015fam ve mutsuz bir evlilik beklemektedir.Hasta yata\u011f\u0131ndayken ziyarete gelen arkada\u015f\u0131ndan,<span class=\"excerpt-hellip\"> [\u2026]<\/span><\/p>\n","protected":false},"featured_media":0,"template":"","meta":{"_monsterinsights_skip_tracking":false,"_monsterinsights_sitenote_active":false,"_monsterinsights_sitenote_note":"","_monsterinsights_sitenote_category":0},"product_brand":[],"product_cat":[12291,12711],"product_tag":[],"class_list":{"0":"post-716894","1":"product","2":"type-product","3":"status-publish","5":"product_cat-edebiyat","6":"product_cat-roman-oyku","7":"pa_cilt-ciltsiz","8":"pa_tur-kitap","9":"pa_yayinevi-remzi-kitabevi","10":"pa_yazar-sabahattin-ali","12":"first","13":"instock","14":"sale","15":"shipping-taxable","16":"purchasable","17":"product-type-simple"},"_links":{"self":[{"href":"https:\/\/roveyayinevi.com.tr\/index.php\/wp-json\/wp\/v2\/product\/716894","targetHints":{"allow":["GET"]}}],"collection":[{"href":"https:\/\/roveyayinevi.com.tr\/index.php\/wp-json\/wp\/v2\/product"}],"about":[{"href":"https:\/\/roveyayinevi.com.tr\/index.php\/wp-json\/wp\/v2\/types\/product"}],"wp:attachment":[{"href":"https:\/\/roveyayinevi.com.tr\/index.php\/wp-json\/wp\/v2\/media?parent=716894"}],"wp:term":[{"taxonomy":"product_brand","embeddable":true,"href":"https:\/\/roveyayinevi.com.tr\/index.php\/wp-json\/wp\/v2\/product_brand?post=716894"},{"taxonomy":"product_cat","embeddable":true,"href":"https:\/\/roveyayinevi.com.tr\/index.php\/wp-json\/wp\/v2\/product_cat?post=716894"},{"taxonomy":"product_tag","embeddable":true,"href":"https:\/\/roveyayinevi.com.tr\/index.php\/wp-json\/wp\/v2\/product_tag?post=716894"}],"curies":[{"name":"wp","href":"https:\/\/api.w.org\/{rel}","templated":true}]}}