{"id":716893,"date":"2025-08-27T17:48:28","date_gmt":"2025-08-27T14:48:28","guid":{"rendered":"https:\/\/roveyayinevi.com.tr\/index.php\/urun\/civit-mavisi\/"},"modified":"2026-04-03T02:31:28","modified_gmt":"2026-04-02T23:31:28","slug":"civit-mavisi","status":"publish","type":"product","link":"https:\/\/roveyayinevi.com.tr\/index.php\/urun\/civit-mavisi\/","title":{"rendered":"\u00c7ivit Mavisi"},"content":{"rendered":"<p>Evet, ben buraya ait de\u011filim. \u0130stanbullu de\u011filim ben, Ankaral\u0131 bile de\u011filim. Orta Anadolu\u2019nun ortas\u0131ndan geldim. \u00c7ok \u00e7al\u0131\u015ft\u0131m, \u00fcniversiteler, y\u00fcksek lisanslar bitirdim, tezler yazd\u0131m. Neredeyse doktora yapacakt\u0131m. Yald\u0131zl\u0131 karnelerim, kurdeleli diplomalar\u0131m oldu. Sonra nas\u0131l olduysa burada buldum kedimi. Bir i\u015f ar\u0131yordum. Ne olursa olsun i\u015fe girmek laz\u0131md\u0131. Ne i\u015f oldu\u011fu, ruhuna uygun olup olmad\u0131\u011f\u0131 falan \u00f6nemli de\u011fildi. \u0130\u015f bulmak, para kazanmakt\u0131; para, erkti. Ba\u015far\u0131, para kazanmakt\u0131r diyordu sistem. Nezaketle, zarafetle ya\u015famak, incelikleri g\u00f6zetmek, insanlara faydal\u0131 olabilmek falan hi\u00e7 telaffuz edilmemi\u015fti okullarda. \u0130\u015f ar\u0131yordum, burada buldum kendimi. Arzu ettim demek ki burada olmay\u0131. Her \u015feyi de nasip ile a\u00e7\u0131klay\u0131p kolayc\u0131l\u0131\u011fa ka\u00e7mak istemem. Kaderimiz \u00e7abam\u0131za ba\u011fl\u0131 k\u0131l\u0131nm\u0131\u015f nihayetinde.ek hedefimin do\u011fru kuzular\u0131 bulup eve getirmek oldu\u011fu mutlu yaz tatillerim vard\u0131 oysa. Sar\u0131l\u0131p \u00f6pt\u00fc\u011f\u00fcm kuzular\u0131m vard\u0131. \u015eimdi anlatsam ya ben bunlara\u2026 Durun desem, durun! \u2018Han\u0131mlar, beyler! Siz biliyor musunuz, koyunlar\u0131n evlerinin yolunu bildi\u011fini? Her sabah caminin \u00f6n\u00fcnden al\u0131r onlar\u0131 \u00e7oban, g\u00f6t\u00fcr\u00fcr, otlat\u0131r ak\u015fama kadar, ak\u015fam yine caminin \u00f6n\u00fcne getirir. Koyun k\u0131sm\u0131 ak\u0131ll\u0131d\u0131r, bilir evinin yolunu. Ama kuzular bilmezler. Meydandaki a\u011f\u0131la b\u0131rak\u0131r \u00e7oban onlar\u0131. Biz \u00e7ocuklar, vakit geldi mi a\u011f\u0131llara ko\u015fard\u0131k. Eve biz getirirdik kuzular\u0131. Kimini kuca\u011f\u0131m\u0131zda ta\u015f\u0131r, kimini \u00f6n\u00fcm\u00fczde ko\u015fturur, oyna\u015f\u0131r dururduk onlarla. Nas\u0131l da c\u0131v\u0131l c\u0131v\u0131l bir manzara olu\u015furdu. Beyaz, bembeyaz bulut k\u00fcmeleri gibi koyunlar, kuzular, \u00e7oban k\u00f6pekleri\u2026 Hepsi bir araya toplan\u0131r, melemeler, kuzu sesleri, \u00e7\u0131ng\u0131rak sesleri birbirine kar\u0131\u015f\u0131rd\u0131. Ama sahipleri kar\u0131\u015ft\u0131rmazd\u0131 onlar\u0131. Herkes kuzusunu, koyununu bilirdi. Bizim kuzular \u00e7ivit mavisiydi\u2026\u2019<\/p>\n","protected":false},"excerpt":{"rendered":"<p>Evet, ben buraya ait de\u011filim. \u0130stanbullu de\u011filim ben, Ankaral\u0131 bile de\u011filim. Orta Anadolu\u2019nun ortas\u0131ndan geldim. \u00c7ok \u00e7al\u0131\u015ft\u0131m, \u00fcniversiteler, y\u00fcksek lisanslar bitirdim, tezler yazd\u0131m. Neredeyse doktora yapacakt\u0131m.<span class=\"excerpt-hellip\"> [\u2026]<\/span><\/p>\n","protected":false},"featured_media":0,"template":"","meta":{"_monsterinsights_skip_tracking":false,"_monsterinsights_sitenote_active":false,"_monsterinsights_sitenote_note":"","_monsterinsights_sitenote_category":0},"product_brand":[],"product_cat":[12291,12711],"product_tag":[],"class_list":{"0":"post-716893","1":"product","2":"type-product","3":"status-publish","5":"product_cat-edebiyat","6":"product_cat-roman-oyku","7":"pa_cilt-ciltsiz","8":"pa_tur-kitap","9":"pa_yayinevi-otuken-nesriyat","10":"pa_yazar-yesim-monus","12":"first","13":"instock","14":"sale","15":"shipping-taxable","16":"purchasable","17":"product-type-simple"},"_links":{"self":[{"href":"https:\/\/roveyayinevi.com.tr\/index.php\/wp-json\/wp\/v2\/product\/716893","targetHints":{"allow":["GET"]}}],"collection":[{"href":"https:\/\/roveyayinevi.com.tr\/index.php\/wp-json\/wp\/v2\/product"}],"about":[{"href":"https:\/\/roveyayinevi.com.tr\/index.php\/wp-json\/wp\/v2\/types\/product"}],"wp:attachment":[{"href":"https:\/\/roveyayinevi.com.tr\/index.php\/wp-json\/wp\/v2\/media?parent=716893"}],"wp:term":[{"taxonomy":"product_brand","embeddable":true,"href":"https:\/\/roveyayinevi.com.tr\/index.php\/wp-json\/wp\/v2\/product_brand?post=716893"},{"taxonomy":"product_cat","embeddable":true,"href":"https:\/\/roveyayinevi.com.tr\/index.php\/wp-json\/wp\/v2\/product_cat?post=716893"},{"taxonomy":"product_tag","embeddable":true,"href":"https:\/\/roveyayinevi.com.tr\/index.php\/wp-json\/wp\/v2\/product_tag?post=716893"}],"curies":[{"name":"wp","href":"https:\/\/api.w.org\/{rel}","templated":true}]}}