{"id":716892,"date":"2025-08-27T17:48:28","date_gmt":"2025-08-27T14:48:28","guid":{"rendered":"https:\/\/roveyayinevi.com.tr\/index.php\/urun\/mesele\/"},"modified":"2026-04-16T02:25:04","modified_gmt":"2026-04-15T23:25:04","slug":"mesele","status":"publish","type":"product","link":"https:\/\/roveyayinevi.com.tr\/index.php\/urun\/mesele\/","title":{"rendered":"Mesele"},"content":{"rendered":"<p>Ta\u015fer; fikirleriyle, insanl\u0131\u011f\u0131yla, efendili\u011fiyle, akl\u0131, mant\u0131\u011f\u0131, zek\u00e2s\u0131yla ender bulunan bir ki\u015filikti. Onun, Ziya Nur, Erol G\u00fcng\u00f6r, Nevzat K\u00f6so\u011flu, Cemil Meri\u00e7, Galip Erdem gibi kendileri de birer \u201ckutup insan\u201d noktas\u0131na eri\u015fmi\u015f b\u00fcy\u00fcklerimizce sayg\u0131yla an\u0131lmas\u0131 ve takdir g\u00f6rmesi \u00e7ok \u00f6nemli bir hadisedir, inanc\u0131nday\u0131m. Ta\u015fer\u2019in rahmete var\u0131\u015f\u0131 neredeyse yar\u0131m asra yakla\u015f\u0131yor. Temiz, p\u0131r\u0131l p\u0131r\u0131l, tavizsiz; sevgi, sayg\u0131 ve takdir dolu bir hayat\u0131 ya\u015fayarak ard\u0131nda yar\u0131m as\u0131r sonra da hat\u0131rlanmay\u0131 icap ettirir bir de\u011fer b\u0131rak\u0131p g\u00f6\u00e7mek her insana nasip olmaz. Mesele, Ta\u015fer\u2019den yadig\u00e2rd\u0131r, Ta\u015fer\u2019in miras\u0131d\u0131r\u2026 Neredeyse yar\u0131m asra yak\u0131n bir zaman sonra \u00d6t\u00fcken Ne\u015friyat\u2019\u0131n \u201cMesele\u201dye sahip \u00e7\u0131karak yeni bir bask\u0131s\u0131n\u0131 yapmaya talip olmas\u0131 ise, biz aile mensuplar\u0131 i\u00e7in \u00e7ok \u00f6nemli bir olayd\u0131r; zira \u201cMesele\u201dyi bug\u00fcnlere ve yar\u0131na ta\u015f\u0131mak en \u00e7ok \u00d6t\u00fcken\u2019e yak\u0131\u015f\u0131rd\u0131\u2026 \u015eevket B\u00fclend Yahnici<\/p>\n","protected":false},"excerpt":{"rendered":"<p>Ta\u015fer; fikirleriyle, insanl\u0131\u011f\u0131yla, efendili\u011fiyle, akl\u0131, mant\u0131\u011f\u0131, zek\u00e2s\u0131yla ender bulunan bir ki\u015filikti. Onun, Ziya Nur, Erol G\u00fcng\u00f6r, Nevzat K\u00f6so\u011flu, Cemil Meri\u00e7, Galip Erdem gibi kendileri de birer<span class=\"excerpt-hellip\"> [\u2026]<\/span><\/p>\n","protected":false},"featured_media":0,"template":"","meta":{"_monsterinsights_skip_tracking":false,"_monsterinsights_sitenote_active":false,"_monsterinsights_sitenote_note":"","_monsterinsights_sitenote_category":0},"product_brand":[],"product_cat":[13059,12337],"product_tag":[],"class_list":{"0":"post-716892","1":"product","2":"type-product","3":"status-publish","5":"product_cat-diger-politika-siyaset","6":"product_cat-politika-siyaset","7":"pa_cilt-ciltsiz","8":"pa_tur-kitap","9":"pa_yayinevi-otuken-nesriyat","10":"pa_yazar-dundar-taser","12":"first","13":"instock","14":"sale","15":"shipping-taxable","16":"purchasable","17":"product-type-simple"},"_links":{"self":[{"href":"https:\/\/roveyayinevi.com.tr\/index.php\/wp-json\/wp\/v2\/product\/716892","targetHints":{"allow":["GET"]}}],"collection":[{"href":"https:\/\/roveyayinevi.com.tr\/index.php\/wp-json\/wp\/v2\/product"}],"about":[{"href":"https:\/\/roveyayinevi.com.tr\/index.php\/wp-json\/wp\/v2\/types\/product"}],"wp:attachment":[{"href":"https:\/\/roveyayinevi.com.tr\/index.php\/wp-json\/wp\/v2\/media?parent=716892"}],"wp:term":[{"taxonomy":"product_brand","embeddable":true,"href":"https:\/\/roveyayinevi.com.tr\/index.php\/wp-json\/wp\/v2\/product_brand?post=716892"},{"taxonomy":"product_cat","embeddable":true,"href":"https:\/\/roveyayinevi.com.tr\/index.php\/wp-json\/wp\/v2\/product_cat?post=716892"},{"taxonomy":"product_tag","embeddable":true,"href":"https:\/\/roveyayinevi.com.tr\/index.php\/wp-json\/wp\/v2\/product_tag?post=716892"}],"curies":[{"name":"wp","href":"https:\/\/api.w.org\/{rel}","templated":true}]}}