{"id":716883,"date":"2025-08-27T17:48:21","date_gmt":"2025-08-27T14:48:21","guid":{"rendered":"https:\/\/roveyayinevi.com.tr\/index.php\/urun\/aurelia-2\/"},"modified":"2026-04-16T02:25:04","modified_gmt":"2026-04-15T23:25:04","slug":"aurelia-2","status":"publish","type":"product","link":"https:\/\/roveyayinevi.com.tr\/index.php\/urun\/aurelia-2\/","title":{"rendered":"Aure\u0301lia"},"content":{"rendered":"<p>\u201cYavas\u0327 yavas\u0327 ayd\u0131nlanan belirsiz bir yeralt\u0131d\u0131r uyku, burada go\u0308lgeden ve gecenin ic\u0327inden, araf\u0131 mesken tutmus\u0327, ciddiyetle hareketsiz duran soluk siluetler c\u0327\u0131kagelir.\u201d Nerval r\u00fcyalar\u0131 bildi\u011fimiz d\u00fcnyayla ger\u00e7ek\u00fcst\u00fc d\u00fcnya aras\u0131ndaki ileti\u015fimi sa\u011flayan bir vas\u0131ta olarak g\u00f6r\u00fcr. Yaz\u0131lar\u0131 onun mant\u0131k ve tutarl\u0131l\u0131kla kuvvetli ba\u011f\u0131n\u0131 sarsan hayaller ve fantezilerle doludur. Bunun en \u00f6nemli \u00f6rneklerinden biri olan ve en \u00f6nemli eseri kabul edilen Aure\u0301lia\u2019da d\u00fc\u015fle ger\u00e7eklik, delilikle yarat\u0131c\u0131l\u0131k aras\u0131ndaki belirsiz, gizemli \u00e7izgiyi, kendi ruhsal deneyim ve aray\u0131\u015flar\u0131ndan yola \u00e7\u0131karak inceliyor. Frans\u0131z romantizminin \u00f6nemli yazar ve \u015fairlerinden, sembolizm ve ger\u00e7ek\u00fcst\u00fcc\u00fcl\u00fck ak\u0131m\u0131n\u0131 oldu\u011fu kadar T. S. Eliot, Ahmet Hamdi Tanp\u0131nar, Charles Baudelaire ve Marcel Proust gibi pek \u00e7ok yazar\u0131 etkilemi\u015f Nerval e\u015fsiz ve zarif edebi \u00fcslubuyla safl\u0131k, kaybedilmi\u015f gen\u00e7lik, kendini ger\u00e7ekle\u015ftirme ve g\u00fczellik ideallerini yans\u0131tan imgeleri Aure\u0301lia\u2019da bulu\u015fturuyor. Bu edisyonu \u00f6zel k\u0131lan Ali \u00c7etinkaya&#8217;n\u0131n hik\u00e2yeye e\u015flik eden \u00e7arp\u0131c\u0131 \u00e7izimleri. <\/p>\n","protected":false},"excerpt":{"rendered":"<p>\u201cYavas\u0327 yavas\u0327 ayd\u0131nlanan belirsiz bir yeralt\u0131d\u0131r uyku, burada go\u0308lgeden ve gecenin ic\u0327inden, araf\u0131 mesken tutmus\u0327, ciddiyetle hareketsiz duran soluk siluetler c\u0327\u0131kagelir.\u201d Nerval r\u00fcyalar\u0131 bildi\u011fimiz d\u00fcnyayla ger\u00e7ek\u00fcst\u00fc<span class=\"excerpt-hellip\"> [\u2026]<\/span><\/p>\n","protected":false},"featured_media":0,"template":"","meta":{"_monsterinsights_skip_tracking":false,"_monsterinsights_sitenote_active":false,"_monsterinsights_sitenote_note":"","_monsterinsights_sitenote_category":0},"product_brand":[],"product_cat":[12291,12711],"product_tag":[],"class_list":{"0":"post-716883","1":"product","2":"type-product","3":"status-publish","5":"product_cat-edebiyat","6":"product_cat-roman-oyku","7":"pa_cilt-ciltsiz","8":"pa_tur-kitap","9":"pa_yayinevi-kolektif-kitap","10":"pa_yazar-gerard-de-nerval","12":"first","13":"instock","14":"sale","15":"shipping-taxable","16":"purchasable","17":"product-type-simple"},"_links":{"self":[{"href":"https:\/\/roveyayinevi.com.tr\/index.php\/wp-json\/wp\/v2\/product\/716883","targetHints":{"allow":["GET"]}}],"collection":[{"href":"https:\/\/roveyayinevi.com.tr\/index.php\/wp-json\/wp\/v2\/product"}],"about":[{"href":"https:\/\/roveyayinevi.com.tr\/index.php\/wp-json\/wp\/v2\/types\/product"}],"wp:attachment":[{"href":"https:\/\/roveyayinevi.com.tr\/index.php\/wp-json\/wp\/v2\/media?parent=716883"}],"wp:term":[{"taxonomy":"product_brand","embeddable":true,"href":"https:\/\/roveyayinevi.com.tr\/index.php\/wp-json\/wp\/v2\/product_brand?post=716883"},{"taxonomy":"product_cat","embeddable":true,"href":"https:\/\/roveyayinevi.com.tr\/index.php\/wp-json\/wp\/v2\/product_cat?post=716883"},{"taxonomy":"product_tag","embeddable":true,"href":"https:\/\/roveyayinevi.com.tr\/index.php\/wp-json\/wp\/v2\/product_tag?post=716883"}],"curies":[{"name":"wp","href":"https:\/\/api.w.org\/{rel}","templated":true}]}}