{"id":716882,"date":"2025-08-27T17:48:20","date_gmt":"2025-08-27T14:48:20","guid":{"rendered":"https:\/\/roveyayinevi.com.tr\/index.php\/urun\/mitoloji-kitabi-ciltli\/"},"modified":"2026-04-16T02:25:04","modified_gmt":"2026-04-15T23:25:04","slug":"mitoloji-kitabi-ciltli","status":"publish","type":"product","link":"https:\/\/roveyayinevi.com.tr\/index.php\/urun\/mitoloji-kitabi-ciltli\/","title":{"rendered":"Mitoloji Kitab\u0131 (Ciltli)"},"content":{"rendered":"<p>Hilebaz tanr\u0131 Maui kimdir? \u015eiirin bal lik\u00f6r\u00fc nedir ve onu i\u00e7enlere nas\u0131l bir marifet kazand\u0131r\u0131r? Antik M\u0131s\u0131r mitolojisi Yeralt\u0131 D\u00fcnyas\u0131na ili\u015fkin neler anlat\u0131r? Bu kitap, bu ve benzer sorulara yan\u0131t verirken, b\u00fct\u00fcn d\u00fcnyadan 80\u2019in \u00fczerindeki miti irdeliyor. Yetkin ve kapsaml\u0131 bir \u00e7al\u0131\u015fma olan Mitoloji Kitab\u0131, \u00e7arp\u0131c\u0131 g\u00f6rsellerle ve ilgin\u00e7 hik\u00e2yelerle doludur. Mitlere ve bu mitlerin onlar\u0131 yaratan k\u00fclt\u00fcrler i\u00e7in ne anlam ifade etti\u011fine dair yeni bir yakla\u015f\u0131m getirmektedir. Loki ve Thor\u2019dan Viracocha ve Cuhulainn\u2019e, her bir ba\u015fl\u0131k renkli karakterleri ve onlar\u0131n maceralar\u0131n\u0131 ele almaktad\u0131r. \u0130ster konuya yeni ilgi duyun, ister geleneklerin ve mitlerin hevesli bir \u00f6\u011frencisi, ister sadece b\u00fcy\u00fck hik\u00e2yelerden ho\u015flanan biri olun, bu kitapta sizi ilgilendirecek ve hayretler i\u00e7inde b\u0131rakacak \u00e7ok \u015fey bulacaks\u0131n\u0131z..<\/p>\n","protected":false},"excerpt":{"rendered":"<p>Hilebaz tanr\u0131 Maui kimdir? \u015eiirin bal lik\u00f6r\u00fc nedir ve onu i\u00e7enlere nas\u0131l bir marifet kazand\u0131r\u0131r? Antik M\u0131s\u0131r mitolojisi Yeralt\u0131 D\u00fcnyas\u0131na ili\u015fkin neler anlat\u0131r? Bu kitap, bu<span class=\"excerpt-hellip\"> [\u2026]<\/span><\/p>\n","protected":false},"featured_media":0,"template":"","meta":{"_monsterinsights_skip_tracking":false,"_monsterinsights_sitenote_active":false,"_monsterinsights_sitenote_note":"","_monsterinsights_sitenote_category":0},"product_brand":[],"product_cat":[13489,13488],"product_tag":[],"class_list":{"0":"post-716882","1":"product","2":"type-product","3":"status-publish","5":"product_cat-populer-kultur","6":"product_cat-toplum-ve-insan","7":"pa_cilt-ciltli","8":"pa_tur-kitap","9":"pa_yayinevi-alfa-yayinlari","10":"pa_yazar-kolektif","12":"first","13":"instock","14":"sale","15":"shipping-taxable","16":"purchasable","17":"product-type-simple"},"_links":{"self":[{"href":"https:\/\/roveyayinevi.com.tr\/index.php\/wp-json\/wp\/v2\/product\/716882","targetHints":{"allow":["GET"]}}],"collection":[{"href":"https:\/\/roveyayinevi.com.tr\/index.php\/wp-json\/wp\/v2\/product"}],"about":[{"href":"https:\/\/roveyayinevi.com.tr\/index.php\/wp-json\/wp\/v2\/types\/product"}],"wp:attachment":[{"href":"https:\/\/roveyayinevi.com.tr\/index.php\/wp-json\/wp\/v2\/media?parent=716882"}],"wp:term":[{"taxonomy":"product_brand","embeddable":true,"href":"https:\/\/roveyayinevi.com.tr\/index.php\/wp-json\/wp\/v2\/product_brand?post=716882"},{"taxonomy":"product_cat","embeddable":true,"href":"https:\/\/roveyayinevi.com.tr\/index.php\/wp-json\/wp\/v2\/product_cat?post=716882"},{"taxonomy":"product_tag","embeddable":true,"href":"https:\/\/roveyayinevi.com.tr\/index.php\/wp-json\/wp\/v2\/product_tag?post=716882"}],"curies":[{"name":"wp","href":"https:\/\/api.w.org\/{rel}","templated":true}]}}