{"id":716878,"date":"2025-08-27T17:48:18","date_gmt":"2025-08-27T14:48:18","guid":{"rendered":"https:\/\/roveyayinevi.com.tr\/index.php\/urun\/goklerin-otesi\/"},"modified":"2026-04-16T02:25:04","modified_gmt":"2026-04-15T23:25:04","slug":"goklerin-otesi","status":"publish","type":"product","link":"https:\/\/roveyayinevi.com.tr\/index.php\/urun\/goklerin-otesi\/","title":{"rendered":"G\u00f6klerin \u00d6tesi"},"content":{"rendered":"<p>44 Dilde 100\u2019\u00fc a\u015fk\u0131n \u00fclkede okunan T\u00fcrk romanc\u0131 Serdar \u00d6zkan\u2019\u0131n kaleminden, d\u00fcnyevi g\u00fczelliklerin, hedeflerin ve ba\u015far\u0131lar\u0131n insana yetmedi\u011fini, yetmeyece\u011fini anlatan yeni bir roman. \u201cGe\u00e7mi\u015f hayat\u0131m\u0131z ile bu hayat\u0131m\u0131z aras\u0131ndaki fark, g\u00f6r\u00fcn\u00fcrde fazla bir \u015fey de\u011fi\u015fmemi\u015f olsa bile, darl\u0131k ile geni\u015flik, yer ile g\u00f6k aras\u0131ndaki fark gibiydi. Ne kadar b\u00fcy\u00fck olursa olsun, fiziksel d\u00fcnya \u00e7ok dard\u0131. G\u00f6kler bile dard\u0131. Allah\u2019\u0131n d\u00fcnyas\u0131 ise sonsuz. Ba\u015fka bir deyi\u015fle, fiziksel d\u00fcnya her konfora sahip dar bir ev gibiydi. Bir s\u00fcre sonra s\u0131\u011fam\u0131yordunuz i\u00e7ine, daha geni\u015f bir yer istiyordunuz. \u0130\u015fte hayat\u0131m\u0131zdaki en b\u00fcy\u00fck de\u011fi\u015fiklik bu olmu\u015ftu. O dar evdeyken, bir anda sonsuzlu\u011fa uzanan bir pencere a\u00e7\u0131lm\u0131\u015ft\u0131 \u00f6n\u00fcm\u00fcze.\u201d Serdar \u00d6zkan ismi \u015fimdiden Paulo Coelho, Richard Bach ve hatta Antoine de Saint-Exup\u00e9ry ile birlikte an\u0131l\u0131yor.\u201d Corriere della Sera, \u0130talya<\/p>\n","protected":false},"excerpt":{"rendered":"<p>44 Dilde 100\u2019\u00fc a\u015fk\u0131n \u00fclkede okunan T\u00fcrk romanc\u0131 Serdar \u00d6zkan\u2019\u0131n kaleminden, d\u00fcnyevi g\u00fczelliklerin, hedeflerin ve ba\u015far\u0131lar\u0131n insana yetmedi\u011fini, yetmeyece\u011fini anlatan yeni bir roman. \u201cGe\u00e7mi\u015f hayat\u0131m\u0131z ile<span class=\"excerpt-hellip\"> [\u2026]<\/span><\/p>\n","protected":false},"featured_media":0,"template":"","meta":{"_monsterinsights_skip_tracking":false,"_monsterinsights_sitenote_active":false,"_monsterinsights_sitenote_note":"","_monsterinsights_sitenote_category":0},"product_brand":[],"product_cat":[12274,12284],"product_tag":[],"class_list":{"0":"post-716878","1":"product","2":"type-product","3":"status-publish","5":"product_cat-cocuk-ve-genclik-kitaplari","6":"product_cat-hikayeler","7":"pa_cilt-ciltsiz","8":"pa_tur-kitap","9":"pa_yayinevi-artemis-yayinlari","10":"pa_yazar-serdar-ozkan","12":"first","13":"instock","14":"sale","15":"shipping-taxable","16":"purchasable","17":"product-type-simple"},"_links":{"self":[{"href":"https:\/\/roveyayinevi.com.tr\/index.php\/wp-json\/wp\/v2\/product\/716878","targetHints":{"allow":["GET"]}}],"collection":[{"href":"https:\/\/roveyayinevi.com.tr\/index.php\/wp-json\/wp\/v2\/product"}],"about":[{"href":"https:\/\/roveyayinevi.com.tr\/index.php\/wp-json\/wp\/v2\/types\/product"}],"wp:attachment":[{"href":"https:\/\/roveyayinevi.com.tr\/index.php\/wp-json\/wp\/v2\/media?parent=716878"}],"wp:term":[{"taxonomy":"product_brand","embeddable":true,"href":"https:\/\/roveyayinevi.com.tr\/index.php\/wp-json\/wp\/v2\/product_brand?post=716878"},{"taxonomy":"product_cat","embeddable":true,"href":"https:\/\/roveyayinevi.com.tr\/index.php\/wp-json\/wp\/v2\/product_cat?post=716878"},{"taxonomy":"product_tag","embeddable":true,"href":"https:\/\/roveyayinevi.com.tr\/index.php\/wp-json\/wp\/v2\/product_tag?post=716878"}],"curies":[{"name":"wp","href":"https:\/\/api.w.org\/{rel}","templated":true}]}}