{"id":716876,"date":"2025-08-27T17:48:17","date_gmt":"2025-08-27T14:48:17","guid":{"rendered":"https:\/\/roveyayinevi.com.tr\/index.php\/urun\/kendini-tutamayan-bosluk\/"},"modified":"2026-03-05T02:39:21","modified_gmt":"2026-03-04T23:39:21","slug":"kendini-tutamayan-bosluk","status":"publish","type":"product","link":"https:\/\/roveyayinevi.com.tr\/index.php\/urun\/kendini-tutamayan-bosluk\/","title":{"rendered":"Kendini Tutamayan Bo\u015fluk"},"content":{"rendered":"<p>G\u00fcn\u00fcm\u00fczde en ilgin\u00e7 teorik m\u00fcdahaleler belli ba\u015fl\u0131 alanlar\u0131n i\u00e7inden de\u011fil, a\u00e7\u0131k\u00e7a belli bir alana ait olmayan, bu alanlar aras\u0131nda kalan \u00e7atlaklardan do\u011fuyorsa e\u011fer, en dikkat \u00e7ekici teorisyenlerden biri de Slavoj \u017di\u017eek olmal\u0131. Ne \u00e7i\u015fini ne belini tutabilen bu kitab\u0131nda \u017di\u017eek\u2019in geli\u015ftirdi\u011fi fikirler tam da b\u00f6yle bir i\u015f g\u00f6r\u00fcyor: Felsefe, psikanaliz ve siyasal iktisad\u0131n ele\u015ftirisi aras\u0131ndaki bo\u015fluklar\u0131 dolduruyor.Ontolojiden cinsiyetlenmeye, cinsiyetlenmeden siyasal iktisad\u0131n ele\u015ftirisine i\u00e7kin ge\u00e7i\u015fler \u00fcst\u00fcnde duruyor \u017di\u017eek: \u201c\u00dcst\u00fc \u00e7izili Bir\u2019in olu\u015fturdu\u011fu ontolojik Bo\u015fluk\u2019a ancak cinsiyetlenmenin a\u00e7mazlar\u0131 \u00fcst\u00fcnden eri\u015fmek m\u00fcmk\u00fcnken, k\u00fcresel kapitalizmde tekno-bilimsel ilerlemeyle birlikte do\u011fup halen \u00f6n\u00fcm\u00fczde duran cinselli\u011fin la\u011fvedilmesi, yani bizatihi \u2018insan do\u011fas\u0131n\u0131n\u2019 de\u011fi\u015fmesi ihtimali de bizi odak noktas\u0131n\u0131 siyasal iktisad\u0131n ele\u015ftirisine kayd\u0131rmak durumunda b\u0131rakmaktad\u0131r.\u201d Alenka Zupancic\u2019in yeni yay\u0131mlad\u0131\u011f\u0131m\u0131z Cinsellik Nedir? kitab\u0131yla kurdu\u011fu diyalogdan hareketle, ontolojinin s\u0131n\u0131r\u0131na radikal olumsuzlu\u011fu cisimle\u015ftiren fazlal\u0131k bir unsur, varl\u0131k d\u00fczenine nak\u015fedildi\u011fi haliyle cinsiyet fark\u0131 antagonizmas\u0131 \u00fcst\u00fcnden yakla\u015f\u0131yor \u017di\u017eek. \u0130ktisadi-felsefi bir perspektiften, \u00f6nce bu ontolojik fazladan Marx\u2019\u0131n art\u0131-de\u011ferine, oradan da Lacan\u2019\u0131n art\u0131-keyif kavram\u0131na uzan\u0131yor. Tuhaf bir kitap bu. Spinoza\u2019n\u0131n Etika\u2019s\u0131nda kar\u015f\u0131m\u0131za \u00e7\u0131kan paradoksu hat\u0131rlat\u0131yor: Bir yandan varl\u0131\u011f\u0131n temel yap\u0131s\u0131 gibi \u201cebedi\u201d konulara odaklan\u0131rken, di\u011fer yandan Pok\u00e9mon Go oyunundan pop\u00fcler televizyon dizisi Castle\u2019a kadar \u00e7e\u015fitli \u00f6rneklerle g\u00fcncel meseleler \u00fcst\u00fcne gayet spesifik bir\u00e7ok tart\u0131\u015fmaya giriyor. <\/p>\n","protected":false},"excerpt":{"rendered":"<p>G\u00fcn\u00fcm\u00fczde en ilgin\u00e7 teorik m\u00fcdahaleler belli ba\u015fl\u0131 alanlar\u0131n i\u00e7inden de\u011fil, a\u00e7\u0131k\u00e7a belli bir alana ait olmayan, bu alanlar aras\u0131nda kalan \u00e7atlaklardan do\u011fuyorsa e\u011fer, en dikkat \u00e7ekici<span class=\"excerpt-hellip\"> [\u2026]<\/span><\/p>\n","protected":false},"featured_media":0,"template":"","meta":{"_monsterinsights_skip_tracking":false,"_monsterinsights_sitenote_active":false,"_monsterinsights_sitenote_note":"","_monsterinsights_sitenote_category":0},"product_brand":[],"product_cat":[12389,12388],"product_tag":[],"class_list":{"0":"post-716876","1":"product","2":"type-product","3":"status-publish","5":"product_cat-diger-felsefe","6":"product_cat-felsefe","7":"pa_cilt-ciltsiz","8":"pa_tur-kitap","9":"pa_yayinevi-metis-yayinlari","10":"pa_yazar-slavoj-zizek","12":"first","13":"instock","14":"sale","15":"shipping-taxable","16":"purchasable","17":"product-type-simple"},"_links":{"self":[{"href":"https:\/\/roveyayinevi.com.tr\/index.php\/wp-json\/wp\/v2\/product\/716876","targetHints":{"allow":["GET"]}}],"collection":[{"href":"https:\/\/roveyayinevi.com.tr\/index.php\/wp-json\/wp\/v2\/product"}],"about":[{"href":"https:\/\/roveyayinevi.com.tr\/index.php\/wp-json\/wp\/v2\/types\/product"}],"wp:attachment":[{"href":"https:\/\/roveyayinevi.com.tr\/index.php\/wp-json\/wp\/v2\/media?parent=716876"}],"wp:term":[{"taxonomy":"product_brand","embeddable":true,"href":"https:\/\/roveyayinevi.com.tr\/index.php\/wp-json\/wp\/v2\/product_brand?post=716876"},{"taxonomy":"product_cat","embeddable":true,"href":"https:\/\/roveyayinevi.com.tr\/index.php\/wp-json\/wp\/v2\/product_cat?post=716876"},{"taxonomy":"product_tag","embeddable":true,"href":"https:\/\/roveyayinevi.com.tr\/index.php\/wp-json\/wp\/v2\/product_tag?post=716876"}],"curies":[{"name":"wp","href":"https:\/\/api.w.org\/{rel}","templated":true}]}}