{"id":716875,"date":"2025-08-27T17:48:16","date_gmt":"2025-08-27T14:48:16","guid":{"rendered":"https:\/\/roveyayinevi.com.tr\/index.php\/urun\/yeni-turkiye-hakikatsiz-siyaset-soylu-yalan\/"},"modified":"2026-04-16T02:25:03","modified_gmt":"2026-04-15T23:25:03","slug":"yeni-turkiye-hakikatsiz-siyaset-soylu-yalan","status":"publish","type":"product","link":"https:\/\/roveyayinevi.com.tr\/index.php\/urun\/yeni-turkiye-hakikatsiz-siyaset-soylu-yalan\/","title":{"rendered":"Yeni T\u00fcrkiye Hakikatsiz Siyaset Soylu Yalan"},"content":{"rendered":"<p>Siyaset\u00e7ilerin, yeri geldi\u011finde yalan\u0131 bir ara\u00e7 olarak kulland\u0131klar\u0131, tarihte say\u0131s\u0131z \u00f6rnekle sabittir. Bu durum en ba\u015f\u0131ndan itibaren bir\u00e7ok d\u00fc\u015f\u00fcn\u00fcr\u00fcn akl\u0131n\u0131 me\u015fgul etmi\u015f, Platon, Machiavelli ve yak\u0131n tarihte Leo Strauss gibi bir\u00e7ok \u00f6nemli ismi yalan\u0131n siyasetin harc\u0131nda bulundu\u011funu ileri s\u00fcrmeye, siyaset\u00e7ilerin ve devlet y\u00f6neticilerinin halka en az\u0131ndan \u201cdevletin bekas\u0131\u201d veya \u201ctoplumun selameti\u201d ad\u0131na \u201csoylu\u201d yalanlar s\u00f6ylemelerini me\u015frula\u015ft\u0131rmaya itmi\u015ftir. Bu bak\u0131mdan Nazilerin deh\u015fet verici propaganda ayg\u0131t\u0131, So\u011fuk Sava\u015f\u2019\u0131n taraflar\u0131n\u0131n y\u0131llarca y\u00fcr\u00fctt\u00fckleri propaganda sava\u015flar\u0131, daha yak\u0131n tarihlerde 11 Eyl\u00fcl sald\u0131r\u0131lar\u0131n\u0131n ard\u0131ndan ABD\u2019nin Irak\u2019a m\u00fcdahalesini me\u015frula\u015ft\u0131rmak i\u00e7in ba\u015fvurdu\u011fu yalan, T\u00fcrkiye\u2019de ise Gezi Park\u0131 s\u00fcrecinde eylemleri durdurmak ve itibars\u0131zla\u015ft\u0131rmak i\u00e7in medya arac\u0131l\u0131\u011f\u0131yla kurgulanan Kabata\u015f Sald\u0131r\u0131s\u0131 gibi \u00f6rnekler, siyasetin bir \u201cyalan s\u00f6yleme sanat\u0131\u201d oldu\u011fu inanc\u0131nda ifade bulan ve Hannah Arendt\u2019in demokrasiye y\u00f6nelik en \u00f6nemli tehditlerden biri olarak g\u00f6rd\u00fc\u011f\u00fc bu tavr\u0131n varabilece\u011fi \u00fcrk\u00fct\u00fcc\u00fc noktay\u0131 g\u00f6zler \u00f6n\u00fcne sermi\u015ftir. Ger\u00e7ek ile kurgu aras\u0131ndaki s\u0131n\u0131rlar\u0131n bu \u015fekilde bulan\u0131kla\u015ft\u0131r\u0131lmas\u0131, neoliberal siyasetin d\u00fcmen suyunda \u015fekillenen yeni d\u00fcnya d\u00fczeninde siyaset, hakikat ve yalan aras\u0131nda kurulan yeni ili\u015fkilerin mercek alt\u0131na al\u0131nmas\u0131n\u0131 akademik bir bilgilenme \u00e7abas\u0131n\u0131n yan\u0131 s\u0131ra bir etik sorumluluk haline de getirmektedir.Yeni T\u00fcrkiye, Hakikatsiz Siyaset, Soylu Yalan, siyaset, yalan ve hakikat aras\u0131ndaki ili\u015fkinin yal\u0131n ve tek y\u00f6nl\u00fc olmad\u0131\u011f\u0131n\u0131, bu kavramlar aras\u0131nda son derece karma\u015f\u0131k, dall\u0131 budakl\u0131 bir ili\u015fkinin bulundu\u011funu ortaya koyuyor. \u0130ktidarlar\u0131n merkezile\u015fti\u011fi, \u00e7at\u0131\u015fma ortam\u0131n\u0131n ve \u015fiddetin her ge\u00e7en g\u00fcn artt\u0131\u011f\u0131, siyasal sa\u011f\u0131rl\u0131\u011f\u0131n ve komplo teorilerinin al\u0131p ba\u015f\u0131n\u0131 gitti\u011fi ve kimilerince \u201chakikat sonras\u0131\u201d diye nitelenen yeni bir d\u00fcnya d\u00fczeninde \u201cyeni\u201d T\u00fcrkiye\u2019nin nerede durdu\u011funu sorunla\u015ft\u0131r\u0131yor. Ulusal ve uluslararas\u0131 siyasette yalanlara kar\u015f\u0131 daha etkili stratejiler, pratikler ve s\u00f6ylemler geli\u015ftirilmesine yard\u0131mc\u0131 olabilecek bir tart\u0131\u015fmaya \u00f6n ayak olmay\u0131 ama\u00e7l\u0131yor. <\/p>\n","protected":false},"excerpt":{"rendered":"<p>Siyaset\u00e7ilerin, yeri geldi\u011finde yalan\u0131 bir ara\u00e7 olarak kulland\u0131klar\u0131, tarihte say\u0131s\u0131z \u00f6rnekle sabittir. Bu durum en ba\u015f\u0131ndan itibaren bir\u00e7ok d\u00fc\u015f\u00fcn\u00fcr\u00fcn akl\u0131n\u0131 me\u015fgul etmi\u015f, Platon, Machiavelli ve yak\u0131n<span class=\"excerpt-hellip\"> [\u2026]<\/span><\/p>\n","protected":false},"featured_media":0,"template":"","meta":{"_monsterinsights_skip_tracking":false,"_monsterinsights_sitenote_active":false,"_monsterinsights_sitenote_note":"","_monsterinsights_sitenote_category":0},"product_brand":[],"product_cat":[12337,14706],"product_tag":[],"class_list":{"0":"post-716875","1":"product","2":"type-product","3":"status-publish","5":"product_cat-politika-siyaset","6":"product_cat-siyaset-bilimi","7":"pa_cilt-ciltsiz","8":"pa_tur-kitap","9":"pa_yayinevi-phoenix-yayinevi","10":"pa_yazar-kolektif","12":"first","13":"instock","14":"sale","15":"shipping-taxable","16":"purchasable","17":"product-type-simple"},"_links":{"self":[{"href":"https:\/\/roveyayinevi.com.tr\/index.php\/wp-json\/wp\/v2\/product\/716875","targetHints":{"allow":["GET"]}}],"collection":[{"href":"https:\/\/roveyayinevi.com.tr\/index.php\/wp-json\/wp\/v2\/product"}],"about":[{"href":"https:\/\/roveyayinevi.com.tr\/index.php\/wp-json\/wp\/v2\/types\/product"}],"wp:attachment":[{"href":"https:\/\/roveyayinevi.com.tr\/index.php\/wp-json\/wp\/v2\/media?parent=716875"}],"wp:term":[{"taxonomy":"product_brand","embeddable":true,"href":"https:\/\/roveyayinevi.com.tr\/index.php\/wp-json\/wp\/v2\/product_brand?post=716875"},{"taxonomy":"product_cat","embeddable":true,"href":"https:\/\/roveyayinevi.com.tr\/index.php\/wp-json\/wp\/v2\/product_cat?post=716875"},{"taxonomy":"product_tag","embeddable":true,"href":"https:\/\/roveyayinevi.com.tr\/index.php\/wp-json\/wp\/v2\/product_tag?post=716875"}],"curies":[{"name":"wp","href":"https:\/\/api.w.org\/{rel}","templated":true}]}}