{"id":716874,"date":"2025-08-27T17:48:16","date_gmt":"2025-08-27T14:48:16","guid":{"rendered":"https:\/\/roveyayinevi.com.tr\/index.php\/urun\/itaate-karsi\/"},"modified":"2026-04-16T02:25:03","modified_gmt":"2026-04-15T23:25:03","slug":"itaate-karsi","status":"publish","type":"product","link":"https:\/\/roveyayinevi.com.tr\/index.php\/urun\/itaate-karsi\/","title":{"rendered":"\u0130taate Kar\u015f\u0131"},"content":{"rendered":"<p>\u201c\u0130ki gen\u00e7 bal\u0131k yol boyunca y\u00fczmektedir ve tesad\u00fcfen ters y\u00f6nde y\u00fczmekte olan ya\u015fl\u0131 bir bal\u0131\u011fa rastlarlar. Ya\u015fl\u0131 bal\u0131k onlara ba\u015f\u0131n\u0131 sallar ve \u2018G\u00fcnayd\u0131n gen\u00e7ler, su nas\u0131l?\u2019 diye sorar. \u0130ki gen\u00e7 bal\u0131k bir s\u00fcre daha y\u00fczmeye devam ederler ve sonunda biri di\u011ferine bakarak, \u2018Su da ne demek oluyor?\u2019 diye sorar.\u201d David Foster Wallace\u2019\u0131n ger\u00e7e\u011fi oturttu\u011fu bu benzetmede oldu\u011fu gibi itaat, ya\u015fad\u0131\u011f\u0131m\u0131z her yerde ve her alanda oldu\u011fundan ger\u00e7e\u011fi alg\u0131lamak g\u00fc\u00e7le\u015fiyor. Adeta imkans\u0131z bir hale geliyor. B\u00f6ylelikle insano\u011flu onu hava ,su kadar normal kar\u015f\u0131l\u0131yor. Arno Gruen \u0130taat kavram\u0131n\u0131 medeniyetimizin en temel sorunu olarak \u00f6ng\u00f6r\u00fcrken bunun hastal\u0131kl\u0131 etkilerini g\u00fcnl\u00fck ya\u015famda, e\u011fitimde, aile ili\u015fkilerinde, politikada inceleyip ilgin\u00e7 saptamalarda bulunuyor.<\/p>\n","protected":false},"excerpt":{"rendered":"<p>\u201c\u0130ki gen\u00e7 bal\u0131k yol boyunca y\u00fczmektedir ve tesad\u00fcfen ters y\u00f6nde y\u00fczmekte olan ya\u015fl\u0131 bir bal\u0131\u011fa rastlarlar. Ya\u015fl\u0131 bal\u0131k onlara ba\u015f\u0131n\u0131 sallar ve \u2018G\u00fcnayd\u0131n gen\u00e7ler, su nas\u0131l?\u2019<span class=\"excerpt-hellip\"> [\u2026]<\/span><\/p>\n","protected":false},"featured_media":0,"template":"","meta":{"_monsterinsights_skip_tracking":false,"_monsterinsights_sitenote_active":false,"_monsterinsights_sitenote_note":"","_monsterinsights_sitenote_category":0},"product_brand":[],"product_cat":[14787,13488],"product_tag":[],"class_list":{"0":"post-716874","1":"product","2":"type-product","3":"status-publish","5":"product_cat-diger-toplum-ve-insan","6":"product_cat-toplum-ve-insan","7":"pa_cilt-ciltsiz","8":"pa_tur-kitap","9":"pa_yayinevi-totem-yayinlari","10":"pa_yazar-arno-gruen","12":"first","13":"instock","14":"sale","15":"shipping-taxable","16":"purchasable","17":"product-type-simple"},"_links":{"self":[{"href":"https:\/\/roveyayinevi.com.tr\/index.php\/wp-json\/wp\/v2\/product\/716874","targetHints":{"allow":["GET"]}}],"collection":[{"href":"https:\/\/roveyayinevi.com.tr\/index.php\/wp-json\/wp\/v2\/product"}],"about":[{"href":"https:\/\/roveyayinevi.com.tr\/index.php\/wp-json\/wp\/v2\/types\/product"}],"wp:attachment":[{"href":"https:\/\/roveyayinevi.com.tr\/index.php\/wp-json\/wp\/v2\/media?parent=716874"}],"wp:term":[{"taxonomy":"product_brand","embeddable":true,"href":"https:\/\/roveyayinevi.com.tr\/index.php\/wp-json\/wp\/v2\/product_brand?post=716874"},{"taxonomy":"product_cat","embeddable":true,"href":"https:\/\/roveyayinevi.com.tr\/index.php\/wp-json\/wp\/v2\/product_cat?post=716874"},{"taxonomy":"product_tag","embeddable":true,"href":"https:\/\/roveyayinevi.com.tr\/index.php\/wp-json\/wp\/v2\/product_tag?post=716874"}],"curies":[{"name":"wp","href":"https:\/\/api.w.org\/{rel}","templated":true}]}}