{"id":716871,"date":"2025-08-27T17:48:14","date_gmt":"2025-08-27T14:48:14","guid":{"rendered":"https:\/\/roveyayinevi.com.tr\/index.php\/urun\/renkler-3\/"},"modified":"2026-04-16T02:25:03","modified_gmt":"2026-04-15T23:25:03","slug":"renkler-3","status":"publish","type":"product","link":"https:\/\/roveyayinevi.com.tr\/index.php\/urun\/renkler-3\/","title":{"rendered":"Renkler"},"content":{"rendered":"<p>K\u00fc\u00e7\u00fck Farecik Lili ile mevsimleri \u00f6\u011freniyoruz: Sonbahar, K\u0131\u015f, \u0130lkbahar ve Yaz. Renkli eller b\u00f6l\u00fcm\u00fcnde, K\u00fc\u00e7\u00fck Farecik Lili ile parmaklar\u0131m\u0131z\u0131 ve ellerimizi boyuyor, harika el bask\u0131s\u0131 resimler yap\u0131yoruz. <\/p>\n","protected":false},"excerpt":{"rendered":"<p>K\u00fc\u00e7\u00fck Farecik Lili ile mevsimleri \u00f6\u011freniyoruz: Sonbahar, K\u0131\u015f, \u0130lkbahar ve Yaz. Renkli eller b\u00f6l\u00fcm\u00fcnde, K\u00fc\u00e7\u00fck Farecik Lili ile parmaklar\u0131m\u0131z\u0131 ve ellerimizi boyuyor, harika el bask\u0131s\u0131 resimler<span class=\"excerpt-hellip\"> [\u2026]<\/span><\/p>\n","protected":false},"featured_media":0,"template":"","meta":{"_monsterinsights_skip_tracking":false,"_monsterinsights_sitenote_active":false,"_monsterinsights_sitenote_note":"","_monsterinsights_sitenote_category":0},"product_brand":[],"product_cat":[12274,15842],"product_tag":[],"class_list":{"0":"post-716871","1":"product","2":"type-product","3":"status-publish","5":"product_cat-cocuk-ve-genclik-kitaplari","6":"product_cat-egitici-kitaplar","7":"pa_cilt-ciltsiz","8":"pa_tur-kitap","9":"pa_yayinevi-1001-cicek-kitaplar","10":"pa_yazar-lucie-albon","12":"first","13":"instock","14":"sale","15":"shipping-taxable","16":"purchasable","17":"product-type-simple"},"_links":{"self":[{"href":"https:\/\/roveyayinevi.com.tr\/index.php\/wp-json\/wp\/v2\/product\/716871","targetHints":{"allow":["GET"]}}],"collection":[{"href":"https:\/\/roveyayinevi.com.tr\/index.php\/wp-json\/wp\/v2\/product"}],"about":[{"href":"https:\/\/roveyayinevi.com.tr\/index.php\/wp-json\/wp\/v2\/types\/product"}],"wp:attachment":[{"href":"https:\/\/roveyayinevi.com.tr\/index.php\/wp-json\/wp\/v2\/media?parent=716871"}],"wp:term":[{"taxonomy":"product_brand","embeddable":true,"href":"https:\/\/roveyayinevi.com.tr\/index.php\/wp-json\/wp\/v2\/product_brand?post=716871"},{"taxonomy":"product_cat","embeddable":true,"href":"https:\/\/roveyayinevi.com.tr\/index.php\/wp-json\/wp\/v2\/product_cat?post=716871"},{"taxonomy":"product_tag","embeddable":true,"href":"https:\/\/roveyayinevi.com.tr\/index.php\/wp-json\/wp\/v2\/product_tag?post=716871"}],"curies":[{"name":"wp","href":"https:\/\/api.w.org\/{rel}","templated":true}]}}