{"id":716868,"date":"2025-08-27T17:48:12","date_gmt":"2025-08-27T14:48:12","guid":{"rendered":"https:\/\/roveyayinevi.com.tr\/index.php\/urun\/hangi-ay-hangi-sebze\/"},"modified":"2026-04-16T02:25:03","modified_gmt":"2026-04-15T23:25:03","slug":"hangi-ay-hangi-sebze","status":"publish","type":"product","link":"https:\/\/roveyayinevi.com.tr\/index.php\/urun\/hangi-ay-hangi-sebze\/","title":{"rendered":"Hangi Ay, Hangi Sebze?"},"content":{"rendered":"<p>K\u00fc\u00e7\u00fck Farecik Lili ile ile aylar\u0131 \u00f6\u011freniyoruz ve sebzeleri tan\u0131yoruz: Ocak, \u015eubat, Mart\u2026 Karnabahar, P\u0131rasa, Marul\u2026 Ne kadar \u00e7ok sebze varm\u0131\u015f! Renkli eller b\u00f6l\u00fcm\u00fcnde, K\u00fc\u00e7\u00fck Farecik Lili ile parmaklar\u0131m\u0131z\u0131 ve ellerimizi boyuyor, harika el bask\u0131s\u0131 resimler yap\u0131yoruz. <\/p>\n","protected":false},"excerpt":{"rendered":"<p>K\u00fc\u00e7\u00fck Farecik Lili ile ile aylar\u0131 \u00f6\u011freniyoruz ve sebzeleri tan\u0131yoruz: Ocak, \u015eubat, Mart\u2026 Karnabahar, P\u0131rasa, Marul\u2026 Ne kadar \u00e7ok sebze varm\u0131\u015f! Renkli eller b\u00f6l\u00fcm\u00fcnde, K\u00fc\u00e7\u00fck Farecik<span class=\"excerpt-hellip\"> [\u2026]<\/span><\/p>\n","protected":false},"featured_media":0,"template":"","meta":{"_monsterinsights_skip_tracking":false,"_monsterinsights_sitenote_active":false,"_monsterinsights_sitenote_note":"","_monsterinsights_sitenote_category":0},"product_brand":[],"product_cat":[12274,12284],"product_tag":[],"class_list":{"0":"post-716868","1":"product","2":"type-product","3":"status-publish","5":"product_cat-cocuk-ve-genclik-kitaplari","6":"product_cat-hikayeler","7":"pa_cilt-ciltsiz","8":"pa_tur-kitap","9":"pa_yayinevi-1001-cicek-kitaplar","10":"pa_yazar-lucie-albon","12":"first","13":"instock","14":"sale","15":"shipping-taxable","16":"purchasable","17":"product-type-simple"},"_links":{"self":[{"href":"https:\/\/roveyayinevi.com.tr\/index.php\/wp-json\/wp\/v2\/product\/716868","targetHints":{"allow":["GET"]}}],"collection":[{"href":"https:\/\/roveyayinevi.com.tr\/index.php\/wp-json\/wp\/v2\/product"}],"about":[{"href":"https:\/\/roveyayinevi.com.tr\/index.php\/wp-json\/wp\/v2\/types\/product"}],"wp:attachment":[{"href":"https:\/\/roveyayinevi.com.tr\/index.php\/wp-json\/wp\/v2\/media?parent=716868"}],"wp:term":[{"taxonomy":"product_brand","embeddable":true,"href":"https:\/\/roveyayinevi.com.tr\/index.php\/wp-json\/wp\/v2\/product_brand?post=716868"},{"taxonomy":"product_cat","embeddable":true,"href":"https:\/\/roveyayinevi.com.tr\/index.php\/wp-json\/wp\/v2\/product_cat?post=716868"},{"taxonomy":"product_tag","embeddable":true,"href":"https:\/\/roveyayinevi.com.tr\/index.php\/wp-json\/wp\/v2\/product_tag?post=716868"}],"curies":[{"name":"wp","href":"https:\/\/api.w.org\/{rel}","templated":true}]}}