{"id":716867,"date":"2025-08-27T17:48:11","date_gmt":"2025-08-27T14:48:11","guid":{"rendered":"https:\/\/roveyayinevi.com.tr\/index.php\/urun\/metanoia\/"},"modified":"2026-04-16T02:25:03","modified_gmt":"2026-04-15T23:25:03","slug":"metanoia","status":"publish","type":"product","link":"https:\/\/roveyayinevi.com.tr\/index.php\/urun\/metanoia\/","title":{"rendered":"Metanoia"},"content":{"rendered":"<p>Bu kitapta duygular\u0131 metaforik c\u00fcmlelerle anlat\u0131lan kad\u0131nlar\u0131n hikayeleri \u00fczerinden neredeyse on y\u0131l ge\u00e7ti. Baz\u0131lar\u0131 yukar\u0131da yazd\u0131\u011f\u0131m, o zaman kurduklar\u0131 bu c\u00fcmleleri unuttular bile\u2026 Baz\u0131lar\u0131 unutmad\u0131 ama bunlar\u0131 cebine birer haf\u0131za ta\u015f\u0131 olarak koydu ve yoluna devam etti. Baz\u0131lar\u0131 \u00f6yle, baz\u0131lar\u0131 b\u00f6yle&#8230; Bir \u015fekilde hayatlar\u0131na devam ettiler. Kitab\u0131n ad\u0131 da i\u015fte bu y\u00fczden Metanoia.Ki\u015finin kendini de\u011fi\u015ftirmesi, ruhunu ar\u0131nd\u0131rmas\u0131, ruh d\u00f6n\u00fc\u015f\u00fcm\u00fc demek Metanoia\u2026\u015eimdi se\u00e7im sizin\u2026 Ya\u015fad\u0131\u011f\u0131n\u0131z duygular\u0131 s\u0131rt\u0131n\u0131za hi\u00e7 \u00e7\u0131karmayaca\u011f\u0131n\u0131z bir h\u0131rka yap\u0131p d\u00f6rt mevsim onunla m\u0131 gezeceksiniz yoksa her \u015feyin ilac\u0131 olan zaman kavram\u0131na; sabr\u0131n\u0131z ve iradenizle yard\u0131mc\u0131 olup ayd\u0131nl\u0131\u011fa m\u0131 y\u00fcr\u00fcyeceksiniz? Hadi kitab\u0131 okumaya ba\u015flay\u0131n ve i\u00e7inizdeki duygular\u0131n nas\u0131l evrildi\u011fini, evrilebildi\u011fini g\u00f6r\u00fcn! Fark\u0131ndal\u0131k t\u00fcm ya\u015fam\u0131n\u0131z\u0131 de\u011fi\u015ftirecek\u2026<\/p>\n","protected":false},"excerpt":{"rendered":"<p>Bu kitapta duygular\u0131 metaforik c\u00fcmlelerle anlat\u0131lan kad\u0131nlar\u0131n hikayeleri \u00fczerinden neredeyse on y\u0131l ge\u00e7ti. Baz\u0131lar\u0131 yukar\u0131da yazd\u0131\u011f\u0131m, o zaman kurduklar\u0131 bu c\u00fcmleleri unuttular bile\u2026 Baz\u0131lar\u0131 unutmad\u0131 ama<span class=\"excerpt-hellip\"> [\u2026]<\/span><\/p>\n","protected":false},"featured_media":0,"template":"","meta":{"_monsterinsights_skip_tracking":false,"_monsterinsights_sitenote_active":false,"_monsterinsights_sitenote_note":"","_monsterinsights_sitenote_category":0},"product_brand":[],"product_cat":[12777,12291],"product_tag":[],"class_list":{"0":"post-716867","1":"product","2":"type-product","3":"status-publish","5":"product_cat-deneme","6":"product_cat-edebiyat","7":"pa_cilt-ciltsiz","8":"pa_tur-kitap","9":"pa_yayinevi-yade-yayinlari","10":"pa_yazar-neslihan-gursoy","12":"first","13":"instock","14":"sale","15":"shipping-taxable","16":"purchasable","17":"product-type-simple"},"_links":{"self":[{"href":"https:\/\/roveyayinevi.com.tr\/index.php\/wp-json\/wp\/v2\/product\/716867","targetHints":{"allow":["GET"]}}],"collection":[{"href":"https:\/\/roveyayinevi.com.tr\/index.php\/wp-json\/wp\/v2\/product"}],"about":[{"href":"https:\/\/roveyayinevi.com.tr\/index.php\/wp-json\/wp\/v2\/types\/product"}],"wp:attachment":[{"href":"https:\/\/roveyayinevi.com.tr\/index.php\/wp-json\/wp\/v2\/media?parent=716867"}],"wp:term":[{"taxonomy":"product_brand","embeddable":true,"href":"https:\/\/roveyayinevi.com.tr\/index.php\/wp-json\/wp\/v2\/product_brand?post=716867"},{"taxonomy":"product_cat","embeddable":true,"href":"https:\/\/roveyayinevi.com.tr\/index.php\/wp-json\/wp\/v2\/product_cat?post=716867"},{"taxonomy":"product_tag","embeddable":true,"href":"https:\/\/roveyayinevi.com.tr\/index.php\/wp-json\/wp\/v2\/product_tag?post=716867"}],"curies":[{"name":"wp","href":"https:\/\/api.w.org\/{rel}","templated":true}]}}