{"id":716865,"date":"2025-08-27T17:48:10","date_gmt":"2025-08-27T14:48:10","guid":{"rendered":"https:\/\/roveyayinevi.com.tr\/index.php\/urun\/firuzan\/"},"modified":"2026-04-16T02:25:03","modified_gmt":"2026-04-15T23:25:03","slug":"firuzan","status":"publish","type":"product","link":"https:\/\/roveyayinevi.com.tr\/index.php\/urun\/firuzan\/","title":{"rendered":"Firuzan"},"content":{"rendered":"<p>\u201cBir ak\u015fam bulutlar da\u011f\u0131ld\u0131 g\u00f6ky\u00fcz\u00fcnde, g\u00fcne\u015f g\u00f6r\u00fcnd\u00fc aniden. Tam kaybolmaya y\u00fcz tutmu\u015fken tam karanl\u0131\u011fa salacakken kendini, geriye d\u00f6n\u00fcp g\u00fcl\u00fcmsedi, el sallad\u0131 g\u00fcnler sonra. Is\u0131nma vakti bu an m\u0131d\u0131r? Ya\u015fad\u0131\u011f\u0131m \u015fehrin \u00f6n\u00fcnde k\u0131\u015fa dair aylar var. G\u00f6z yang\u0131nlar\u0131, s\u00f6z r\u00fcyas\u0131nda g\u00fcn\u00fcn\u00fc tamamlarken, y\u0131ld\u0131zlar \u0131\u015f\u0131k fasl\u0131nda na\u011fmelere vurgun, ay parampar\u00e7a. Sen ki yosun tutmu\u015f bo\u011faz manzaral\u0131, g\u00f6kku\u015fa\u011f\u0131m yedi rengin hardal\u0131, bulut renklim, \u015fim\u015fek ak\u0131\u015fl\u0131m, \u015fafak bak\u0131\u015fl\u0131m yan\u0131mdas\u0131n biliyorum. Bozk\u0131r ak\u0131nt\u0131s\u0131 ve uzant\u0131s\u0131nda, yokluk ve bolluk ad\u0131na ne varsa heybemden hi\u00e7 eksik olmad\u0131. Ya\u011fmur y\u0131kan\u0131\u015f\u0131nda ne kadar \u0131slanm\u0131\u015fsa ayazca o kadar \u00fc\u015f\u00fcd\u00fc. Kuruyan elleri \u00e7atlad\u0131, g\u00fcne\u015fin yakalad\u0131\u011f\u0131 ne varsa \u0131s\u0131t\u0131verdi\u201d<\/p>\n","protected":false},"excerpt":{"rendered":"<p>\u201cBir ak\u015fam bulutlar da\u011f\u0131ld\u0131 g\u00f6ky\u00fcz\u00fcnde, g\u00fcne\u015f g\u00f6r\u00fcnd\u00fc aniden. Tam kaybolmaya y\u00fcz tutmu\u015fken tam karanl\u0131\u011fa salacakken kendini, geriye d\u00f6n\u00fcp g\u00fcl\u00fcmsedi, el sallad\u0131 g\u00fcnler sonra. Is\u0131nma vakti bu<span class=\"excerpt-hellip\"> [\u2026]<\/span><\/p>\n","protected":false},"featured_media":0,"template":"","meta":{"_monsterinsights_skip_tracking":false,"_monsterinsights_sitenote_active":false,"_monsterinsights_sitenote_note":"","_monsterinsights_sitenote_category":0},"product_brand":[],"product_cat":[12777,12291],"product_tag":[],"class_list":{"0":"post-716865","1":"product","2":"type-product","3":"status-publish","5":"product_cat-deneme","6":"product_cat-edebiyat","7":"pa_cilt-ciltsiz","8":"pa_tur-kitap","9":"pa_yayinevi-yade-yayinlari","10":"pa_yazar-osman-bas","12":"first","13":"instock","14":"sale","15":"shipping-taxable","16":"purchasable","17":"product-type-simple"},"_links":{"self":[{"href":"https:\/\/roveyayinevi.com.tr\/index.php\/wp-json\/wp\/v2\/product\/716865","targetHints":{"allow":["GET"]}}],"collection":[{"href":"https:\/\/roveyayinevi.com.tr\/index.php\/wp-json\/wp\/v2\/product"}],"about":[{"href":"https:\/\/roveyayinevi.com.tr\/index.php\/wp-json\/wp\/v2\/types\/product"}],"wp:attachment":[{"href":"https:\/\/roveyayinevi.com.tr\/index.php\/wp-json\/wp\/v2\/media?parent=716865"}],"wp:term":[{"taxonomy":"product_brand","embeddable":true,"href":"https:\/\/roveyayinevi.com.tr\/index.php\/wp-json\/wp\/v2\/product_brand?post=716865"},{"taxonomy":"product_cat","embeddable":true,"href":"https:\/\/roveyayinevi.com.tr\/index.php\/wp-json\/wp\/v2\/product_cat?post=716865"},{"taxonomy":"product_tag","embeddable":true,"href":"https:\/\/roveyayinevi.com.tr\/index.php\/wp-json\/wp\/v2\/product_tag?post=716865"}],"curies":[{"name":"wp","href":"https:\/\/api.w.org\/{rel}","templated":true}]}}