{"id":716864,"date":"2025-08-27T17:48:09","date_gmt":"2025-08-27T14:48:09","guid":{"rendered":"https:\/\/roveyayinevi.com.tr\/index.php\/urun\/askin-kirk-kurali\/"},"modified":"2026-04-16T02:25:03","modified_gmt":"2026-04-15T23:25:03","slug":"askin-kirk-kurali","status":"publish","type":"product","link":"https:\/\/roveyayinevi.com.tr\/index.php\/urun\/askin-kirk-kurali\/","title":{"rendered":"A\u015fk\u0131n K\u0131rk Kural\u0131"},"content":{"rendered":"<p>Elif \u015eafak\u2019\u0131n yay\u0131nc\u0131l\u0131\u011f\u0131m\u0131zda bir fenomen olan, 1 milyona yak\u0131n satan roman\u0131 A\u015fk\u2019\u0131n en \u00e7ok sevilen, en \u00e7ok payla\u015f\u0131lan b\u00f6l\u00fcm\u00fc A\u015fk\u0131n K\u0131rk Kural\u0131 kitap oldu&#8230;Ella ve Aziz\u2019in a\u015fk\u0131n\u0131, Mevl\u00e2n\u00e2 ve \u015eems\u2019in yolda\u015fl\u0131\u011f\u0131n\u0131 g\u00fczel ve b\u00fcy\u00fcl\u00fc bir \u00e7er\u00e7eve gibi saran A\u015fk\u0131n K\u0131rk Kural\u0131, \u015eafak\u2019\u0131n a\u015fk, tasavvuf ve anlam aray\u0131\u015f\u0131 \u00fczerine kaleme ald\u0131\u011f\u0131 bir metin. Kitapta bu k\u0131rk kurala A\u015fk kitab\u0131nda yer alan, a\u015fka dair en g\u00fczel c\u00fcmleler de e\u015flik ediyor.Bu kitap i\u00e7in \u00f6zel olarak yazd\u0131\u011f\u0131 Sunu\u015f yaz\u0131s\u0131nda Elif \u015eafak \u201cU\u00e7suz bucaks\u0131z bir deryad\u0131r tasavvuf\u201d diyor\u2026 \u201ckiminin elinde bir kep\u00e7e, kiminin elinde bir \u00e7ay ka\u015f\u0131\u011f\u0131\u2026 herkes kendi y\u00fcre\u011finin kab\u0131 kadar \u00e7eker o denizden\u2026 ho\u015f\u00e7a bak\u0131n zat\u0131n\u0131za\u2026\u201d<\/p>\n","protected":false},"excerpt":{"rendered":"<p>Elif \u015eafak\u2019\u0131n yay\u0131nc\u0131l\u0131\u011f\u0131m\u0131zda bir fenomen olan, 1 milyona yak\u0131n satan roman\u0131 A\u015fk\u2019\u0131n en \u00e7ok sevilen, en \u00e7ok payla\u015f\u0131lan b\u00f6l\u00fcm\u00fc A\u015fk\u0131n K\u0131rk Kural\u0131 kitap oldu&#8230;Ella ve Aziz\u2019in<span class=\"excerpt-hellip\"> [\u2026]<\/span><\/p>\n","protected":false},"featured_media":0,"template":"","meta":{"_monsterinsights_skip_tracking":false,"_monsterinsights_sitenote_active":false,"_monsterinsights_sitenote_note":"","_monsterinsights_sitenote_category":0},"product_brand":[],"product_cat":[27157,12291],"product_tag":[],"class_list":{"0":"post-716864","1":"product","2":"type-product","3":"status-publish","5":"product_cat-derleme","6":"product_cat-edebiyat","7":"pa_cilt-ciltsiz","8":"pa_tur-kitap","9":"pa_yayinevi-dogan-kitap","10":"pa_yazar-elif-safak","12":"first","13":"instock","14":"sale","15":"shipping-taxable","16":"purchasable","17":"product-type-simple"},"_links":{"self":[{"href":"https:\/\/roveyayinevi.com.tr\/index.php\/wp-json\/wp\/v2\/product\/716864","targetHints":{"allow":["GET"]}}],"collection":[{"href":"https:\/\/roveyayinevi.com.tr\/index.php\/wp-json\/wp\/v2\/product"}],"about":[{"href":"https:\/\/roveyayinevi.com.tr\/index.php\/wp-json\/wp\/v2\/types\/product"}],"wp:attachment":[{"href":"https:\/\/roveyayinevi.com.tr\/index.php\/wp-json\/wp\/v2\/media?parent=716864"}],"wp:term":[{"taxonomy":"product_brand","embeddable":true,"href":"https:\/\/roveyayinevi.com.tr\/index.php\/wp-json\/wp\/v2\/product_brand?post=716864"},{"taxonomy":"product_cat","embeddable":true,"href":"https:\/\/roveyayinevi.com.tr\/index.php\/wp-json\/wp\/v2\/product_cat?post=716864"},{"taxonomy":"product_tag","embeddable":true,"href":"https:\/\/roveyayinevi.com.tr\/index.php\/wp-json\/wp\/v2\/product_tag?post=716864"}],"curies":[{"name":"wp","href":"https:\/\/api.w.org\/{rel}","templated":true}]}}