{"id":716863,"date":"2025-08-27T17:48:08","date_gmt":"2025-08-27T14:48:08","guid":{"rendered":"https:\/\/roveyayinevi.com.tr\/index.php\/urun\/afrika-ekonomi-politigi\/"},"modified":"2026-04-16T02:25:03","modified_gmt":"2026-04-15T23:25:03","slug":"afrika-ekonomi-politigi","status":"publish","type":"product","link":"https:\/\/roveyayinevi.com.tr\/index.php\/urun\/afrika-ekonomi-politigi\/","title":{"rendered":"Afrika Ekonomi Politi\u011fi"},"content":{"rendered":"<p>D\u00fcnyan\u0131n en h\u0131zl\u0131 b\u00fcy\u00fcyen ekonomilerinin ba\u015f\u0131nda gelen Afrika \u00fclkeleri, T\u00fcrkiye&#8217;nin farkl\u0131 pazarlara y\u00f6nelme gereklili\u011fi a\u00e7\u0131s\u0131ndan b\u00fcy\u00fck \u00f6nem arz etmektedir. T\u00fcrkiye, 1980 sonras\u0131 d\u0131\u015fa a\u00e7\u0131lma politikalar\u0131 \u00e7er\u00e7evesinde farkl\u0131 co\u011frafyalarda ekonomik ve siyasi ili\u015fkiler kurup, k\u00fcresel sisteme entegre olmaya y\u00f6nelik \u00e7abalar\u0131n\u0131 artm\u0131\u015ft\u0131r. Bu minvalde T\u00fcrkiye, ge\u00e7mi\u015fte ili\u015fkileri yok denebilecek kadar az olan Afrika \u00fclkeleri ile ili\u015fkileri artt\u0131rmaya y\u00f6n\u00fcnde politikalar belirleyerek, 2003 y\u0131l\u0131nda Afrika \u0130li\u015fkileri ile Ekonomik \u0130li\u015fkilerin Geli\u015ftirilmesi Stratejisi uygulanmaya ba\u015flanm\u0131\u015f ve 2005 y\u0131l\u0131n\u0131 da Afrika Y\u0131l\u0131 ilan etmi\u015ftir.\u0130\u00e7indekiler:Afrika Kitas\u0131&#8217;n\u0131n Kar\u015f\u0131la\u015ft\u0131rmal\u0131 B\u00fcy\u00fcme Performans\u0131Afrika K\u0131tas\u0131&#8217;n\u0131n Uluslararas\u0131 Ekonomi-Politik konumundaki De\u011fi\u015fime Tarihsel Bir Bak\u0131\u015fSermaye Hareketlili\u011fi, Tasarruf ve Yat\u0131r\u0131m \u0130li\u015fkisi: Bat\u0131 Afrika Devletleri Ekonomik Toplulu\u011fuSahra Alt\u0131 Afrika \u00dclkelerinde Yoksullu\u011fun Do\u011fas\u0131 ve Sebepleri \u00dczerine\u00dcr\u00fcn Desenleri Temelinde T\u00fcrkiye ve Afrika \u00dclkeleri Aras\u0131ndaki Ticaret PotansiyeliAfrika K\u0131tas\u0131n\u0131n Co\u011frafi Konumu, Do\u011fal Kaynaklar\u0131, Ekonomisi ve T\u00fcrkiye ile Olna Ekonomik \u0130li\u015fkileriAfrika&#8217;da B\u00f6lgesel Ekonomik B\u00fct\u00fcnle\u015fmeAfrika&#8217;da Bankac\u0131l\u0131k SistemiT\u00fcrkiye-Afrika Ekonomik \u0130li\u015fkilerinde \u0130nsani Diplomasi, D\u0131\u015f Yard\u0131m ve Sivil toplum Kurulu\u015flar\u0131<\/p>\n","protected":false},"excerpt":{"rendered":"<p>D\u00fcnyan\u0131n en h\u0131zl\u0131 b\u00fcy\u00fcyen ekonomilerinin ba\u015f\u0131nda gelen Afrika \u00fclkeleri, T\u00fcrkiye&#8217;nin farkl\u0131 pazarlara y\u00f6nelme gereklili\u011fi a\u00e7\u0131s\u0131ndan b\u00fcy\u00fck \u00f6nem arz etmektedir. T\u00fcrkiye, 1980 sonras\u0131 d\u0131\u015fa a\u00e7\u0131lma politikalar\u0131 \u00e7er\u00e7evesinde<span class=\"excerpt-hellip\"> [\u2026]<\/span><\/p>\n","protected":false},"featured_media":0,"template":"","meta":{"_monsterinsights_skip_tracking":false,"_monsterinsights_sitenote_active":false,"_monsterinsights_sitenote_note":"","_monsterinsights_sitenote_category":0},"product_brand":[],"product_cat":[13044,13043],"product_tag":[],"class_list":{"0":"post-716863","1":"product","2":"type-product","3":"status-publish","5":"product_cat-dunya-ekonomisi","6":"product_cat-ekonomi","7":"pa_cilt-ciltsiz","8":"pa_tur-kitap","9":"pa_yayinevi-gazi-kitabevi","10":"pa_yazar-kolektif","12":"first","13":"instock","14":"sale","15":"shipping-taxable","16":"purchasable","17":"product-type-simple"},"_links":{"self":[{"href":"https:\/\/roveyayinevi.com.tr\/index.php\/wp-json\/wp\/v2\/product\/716863","targetHints":{"allow":["GET"]}}],"collection":[{"href":"https:\/\/roveyayinevi.com.tr\/index.php\/wp-json\/wp\/v2\/product"}],"about":[{"href":"https:\/\/roveyayinevi.com.tr\/index.php\/wp-json\/wp\/v2\/types\/product"}],"wp:attachment":[{"href":"https:\/\/roveyayinevi.com.tr\/index.php\/wp-json\/wp\/v2\/media?parent=716863"}],"wp:term":[{"taxonomy":"product_brand","embeddable":true,"href":"https:\/\/roveyayinevi.com.tr\/index.php\/wp-json\/wp\/v2\/product_brand?post=716863"},{"taxonomy":"product_cat","embeddable":true,"href":"https:\/\/roveyayinevi.com.tr\/index.php\/wp-json\/wp\/v2\/product_cat?post=716863"},{"taxonomy":"product_tag","embeddable":true,"href":"https:\/\/roveyayinevi.com.tr\/index.php\/wp-json\/wp\/v2\/product_tag?post=716863"}],"curies":[{"name":"wp","href":"https:\/\/api.w.org\/{rel}","templated":true}]}}