{"id":716860,"date":"2025-08-27T17:48:06","date_gmt":"2025-08-27T14:48:06","guid":{"rendered":"https:\/\/roveyayinevi.com.tr\/index.php\/urun\/buyumek-isteyen-goril\/"},"modified":"2026-04-11T13:44:30","modified_gmt":"2026-04-11T10:44:30","slug":"buyumek-isteyen-goril","status":"publish","type":"product","link":"https:\/\/roveyayinevi.com.tr\/index.php\/urun\/buyumek-isteyen-goril\/","title":{"rendered":"B\u00fcy\u00fcmek \u0130steyen Goril"},"content":{"rendered":"<p>Pongo \u00e7ok oyuncu bir yavru goril. Arkada\u015flar\u0131yla oynamay\u0131 \u00e7ok seviyor ama bir yandan da bir an \u00f6nce b\u00fcy\u00fcy\u00fcp babas\u0131 gibi olmak istiyor\u2026 Acaba Pongo ormanda nelerle kar\u015f\u0131lacak?Jill Tomlinson\u2019\u0131n \u00e7ok sevilen hayvan hik\u00e2yeleri ve Paul Howard\u2019\u0131n muhte\u015fem karakalem \u00e7izimleri, yeni tasar\u0131mlar\u0131 ve g\u00f6zden ge\u00e7irilmi\u015f bask\u0131lar\u0131yla yeniden okurlarla bulu\u015fuyor. \u00c7ocuklar bu e\u011flenceli \u00f6yk\u00fclerle kitap okuman\u0131n zevkine var\u0131rken, hayvanlar\u0131 tan\u0131man\u0131n yan\u0131 s\u0131ra b\u00fcy\u00fcmek, duygular\u0131 tan\u0131mak, zorluklar\u0131n \u00fcstesinden gelmek, dayan\u0131\u015fmak gibi konularda d\u00fc\u015f\u00fcnm\u00fc\u015f olacaklar<\/p>\n","protected":false},"excerpt":{"rendered":"<p>Pongo \u00e7ok oyuncu bir yavru goril. Arkada\u015flar\u0131yla oynamay\u0131 \u00e7ok seviyor ama bir yandan da bir an \u00f6nce b\u00fcy\u00fcy\u00fcp babas\u0131 gibi olmak istiyor\u2026 Acaba Pongo ormanda nelerle<span class=\"excerpt-hellip\"> [\u2026]<\/span><\/p>\n","protected":false},"featured_media":0,"template":"","meta":{"_monsterinsights_skip_tracking":false,"_monsterinsights_sitenote_active":false,"_monsterinsights_sitenote_note":"","_monsterinsights_sitenote_category":0},"product_brand":[],"product_cat":[12274,12284],"product_tag":[],"class_list":{"0":"post-716860","1":"product","2":"type-product","3":"status-publish","5":"product_cat-cocuk-ve-genclik-kitaplari","6":"product_cat-hikayeler","7":"pa_cilt-ciltsiz","8":"pa_tur-kitap","9":"pa_yayinevi-redhouse-kidz-yayinlari","10":"pa_yazar-jill-tomlinson","12":"first","13":"instock","14":"sale","15":"shipping-taxable","16":"purchasable","17":"product-type-simple"},"_links":{"self":[{"href":"https:\/\/roveyayinevi.com.tr\/index.php\/wp-json\/wp\/v2\/product\/716860","targetHints":{"allow":["GET"]}}],"collection":[{"href":"https:\/\/roveyayinevi.com.tr\/index.php\/wp-json\/wp\/v2\/product"}],"about":[{"href":"https:\/\/roveyayinevi.com.tr\/index.php\/wp-json\/wp\/v2\/types\/product"}],"wp:attachment":[{"href":"https:\/\/roveyayinevi.com.tr\/index.php\/wp-json\/wp\/v2\/media?parent=716860"}],"wp:term":[{"taxonomy":"product_brand","embeddable":true,"href":"https:\/\/roveyayinevi.com.tr\/index.php\/wp-json\/wp\/v2\/product_brand?post=716860"},{"taxonomy":"product_cat","embeddable":true,"href":"https:\/\/roveyayinevi.com.tr\/index.php\/wp-json\/wp\/v2\/product_cat?post=716860"},{"taxonomy":"product_tag","embeddable":true,"href":"https:\/\/roveyayinevi.com.tr\/index.php\/wp-json\/wp\/v2\/product_tag?post=716860"}],"curies":[{"name":"wp","href":"https:\/\/api.w.org\/{rel}","templated":true}]}}