{"id":716858,"date":"2025-08-27T17:48:05","date_gmt":"2025-08-27T14:48:05","guid":{"rendered":"https:\/\/roveyayinevi.com.tr\/index.php\/urun\/yalniz-efe-7\/"},"modified":"2026-04-16T02:25:03","modified_gmt":"2026-04-15T23:25:03","slug":"yalniz-efe-7","status":"publish","type":"product","link":"https:\/\/roveyayinevi.com.tr\/index.php\/urun\/yalniz-efe-7\/","title":{"rendered":"Yaln\u0131z Efe"},"content":{"rendered":"<p>\u201cAnadolu efeleri u\u015faklar\u0131yla gezerler. Halbuki bu efe tek ba\u015f\u0131na\u2026 Yan\u0131na u\u015fak falan almaz. \u0130\u015fte bunun i\u00e7in k\u00f6yl\u00fc ona Yaln\u0131z Efe der. Onun korkusundan kazada kimse k\u00f6t\u00fcl\u00fck yapamazm\u0131\u015f. Zenginlere haber g\u00f6nderir, \u2018Falan fakire yard\u0131m ediniz. Falan \u00f6ks\u00fcz\u00fc evlendiriniz, falan k\u00f6pr\u00fcy\u00fc yap\u0131n\u0131z. Falan k\u00f6ye bir mektep kurunuz,\u2019 gibi emirler verirmi\u015f. Benim teyzem bir kere odundan gelirken onu g\u00f6rm\u00fc\u015f. Anlat\u0131rd\u0131: Arkas\u0131nda erkek giysisi varm\u0131\u015f, yama\u00e7ta namaz k\u0131l\u0131yormu\u015f. Peri gibi g\u00fczelmi\u015f.\u201d\u00d6mer Seyfettin\u2019in haks\u0131zl\u0131\u011fa boyun e\u011fmeyen, kendini yoksullar\u0131 savunmaya adam\u0131\u015f kahraman\u0131 Yaln\u0131z Efe, g\u00fcn\u00fcm\u00fcz T\u00fcrk\u00e7esine uyarlanm\u0131\u015f etkileyici \u00f6yk\u00fcs\u00fcyle okurlarla bulu\u015fuyor.<\/p>\n","protected":false},"excerpt":{"rendered":"<p>\u201cAnadolu efeleri u\u015faklar\u0131yla gezerler. Halbuki bu efe tek ba\u015f\u0131na\u2026 Yan\u0131na u\u015fak falan almaz. \u0130\u015fte bunun i\u00e7in k\u00f6yl\u00fc ona Yaln\u0131z Efe der. Onun korkusundan kazada kimse k\u00f6t\u00fcl\u00fck<span class=\"excerpt-hellip\"> [\u2026]<\/span><\/p>\n","protected":false},"featured_media":0,"template":"","meta":{"_monsterinsights_skip_tracking":false,"_monsterinsights_sitenote_active":false,"_monsterinsights_sitenote_note":"","_monsterinsights_sitenote_category":0},"product_brand":[],"product_cat":[12274,12467],"product_tag":[],"class_list":{"0":"post-716858","1":"product","2":"type-product","3":"status-publish","5":"product_cat-cocuk-ve-genclik-kitaplari","6":"product_cat-dunya-klasikleri","7":"pa_cilt-ciltsiz","8":"pa_tur-kitap","9":"pa_yayinevi-turkuvaz-kitap","10":"pa_yazar-omer-seyfettin","12":"first","13":"instock","14":"sale","15":"shipping-taxable","16":"purchasable","17":"product-type-simple"},"_links":{"self":[{"href":"https:\/\/roveyayinevi.com.tr\/index.php\/wp-json\/wp\/v2\/product\/716858","targetHints":{"allow":["GET"]}}],"collection":[{"href":"https:\/\/roveyayinevi.com.tr\/index.php\/wp-json\/wp\/v2\/product"}],"about":[{"href":"https:\/\/roveyayinevi.com.tr\/index.php\/wp-json\/wp\/v2\/types\/product"}],"wp:attachment":[{"href":"https:\/\/roveyayinevi.com.tr\/index.php\/wp-json\/wp\/v2\/media?parent=716858"}],"wp:term":[{"taxonomy":"product_brand","embeddable":true,"href":"https:\/\/roveyayinevi.com.tr\/index.php\/wp-json\/wp\/v2\/product_brand?post=716858"},{"taxonomy":"product_cat","embeddable":true,"href":"https:\/\/roveyayinevi.com.tr\/index.php\/wp-json\/wp\/v2\/product_cat?post=716858"},{"taxonomy":"product_tag","embeddable":true,"href":"https:\/\/roveyayinevi.com.tr\/index.php\/wp-json\/wp\/v2\/product_tag?post=716858"}],"curies":[{"name":"wp","href":"https:\/\/api.w.org\/{rel}","templated":true}]}}