{"id":716849,"date":"2025-08-27T17:48:00","date_gmt":"2025-08-27T14:48:00","guid":{"rendered":"https:\/\/roveyayinevi.com.tr\/index.php\/urun\/adiyaman-ili-ve-yoresi-agizlari-soz-varligi\/"},"modified":"2026-04-16T02:25:03","modified_gmt":"2026-04-15T23:25:03","slug":"adiyaman-ili-ve-yoresi-agizlari-soz-varligi","status":"publish","type":"product","link":"https:\/\/roveyayinevi.com.tr\/index.php\/urun\/adiyaman-ili-ve-yoresi-agizlari-soz-varligi\/","title":{"rendered":"Ad\u0131yaman \u0130li ve Y\u00f6resi A\u011f\u0131zlar\u0131 S\u00f6z Varl\u0131\u011f\u0131"},"content":{"rendered":"<p>\u0130\u00e7indekiler\u00d6zge\u00e7mi\u015f\u00d6n S\u00f6zS\u00f6zl\u00fck Hakk\u0131ndaTaranan Eserler ve K\u0131saltmalar\u0131Di\u011fer K\u0131saltmalarTranskripsiyon \u0130\u015faretleriS\u00f6zl\u00fckKaynak\u00e7a<\/p>\n","protected":false},"excerpt":{"rendered":"<p>\u0130\u00e7indekiler\u00d6zge\u00e7mi\u015f\u00d6n S\u00f6zS\u00f6zl\u00fck Hakk\u0131ndaTaranan Eserler ve K\u0131saltmalar\u0131Di\u011fer K\u0131saltmalarTranskripsiyon \u0130\u015faretleriS\u00f6zl\u00fckKaynak\u00e7a<\/p>\n","protected":false},"featured_media":0,"template":"","meta":{"_monsterinsights_skip_tracking":false,"_monsterinsights_sitenote_active":false,"_monsterinsights_sitenote_note":"","_monsterinsights_sitenote_category":0},"product_brand":[],"product_cat":[13055,13054],"product_tag":[],"class_list":{"0":"post-716849","1":"product","2":"type-product","3":"status-publish","5":"product_cat-gezi-rehberi","6":"product_cat-gezi-ve-rehber-kitaplari","7":"pa_cilt-ciltsiz","8":"pa_tur-kitap","9":"pa_yayinevi-gazi-kitabevi","10":"pa_yazar-burak-telli-turker-baris-bulduk","12":"first","13":"instock","14":"sale","15":"shipping-taxable","16":"purchasable","17":"product-type-simple"},"_links":{"self":[{"href":"https:\/\/roveyayinevi.com.tr\/index.php\/wp-json\/wp\/v2\/product\/716849","targetHints":{"allow":["GET"]}}],"collection":[{"href":"https:\/\/roveyayinevi.com.tr\/index.php\/wp-json\/wp\/v2\/product"}],"about":[{"href":"https:\/\/roveyayinevi.com.tr\/index.php\/wp-json\/wp\/v2\/types\/product"}],"wp:attachment":[{"href":"https:\/\/roveyayinevi.com.tr\/index.php\/wp-json\/wp\/v2\/media?parent=716849"}],"wp:term":[{"taxonomy":"product_brand","embeddable":true,"href":"https:\/\/roveyayinevi.com.tr\/index.php\/wp-json\/wp\/v2\/product_brand?post=716849"},{"taxonomy":"product_cat","embeddable":true,"href":"https:\/\/roveyayinevi.com.tr\/index.php\/wp-json\/wp\/v2\/product_cat?post=716849"},{"taxonomy":"product_tag","embeddable":true,"href":"https:\/\/roveyayinevi.com.tr\/index.php\/wp-json\/wp\/v2\/product_tag?post=716849"}],"curies":[{"name":"wp","href":"https:\/\/api.w.org\/{rel}","templated":true}]}}