{"id":716848,"date":"2025-08-27T17:47:59","date_gmt":"2025-08-27T14:47:59","guid":{"rendered":"https:\/\/roveyayinevi.com.tr\/index.php\/urun\/her-seyi-isterim-kral-benim-ne-zormus-buyumek\/"},"modified":"2026-04-16T02:25:03","modified_gmt":"2026-04-15T23:25:03","slug":"her-seyi-isterim-kral-benim-ne-zormus-buyumek","status":"publish","type":"product","link":"https:\/\/roveyayinevi.com.tr\/index.php\/urun\/her-seyi-isterim-kral-benim-ne-zormus-buyumek\/","title":{"rendered":"Her \u015eeyi \u0130sterim Kral Benim! &#8211; Ne Zormu\u015f B\u00fcy\u00fcmek"},"content":{"rendered":"<p>\u00c7ocu\u011funuz i\u00e7in resimli bir hik\u00e2ye, sizin i\u00e7in ise yavrunuzun, \u00e7ocuk olman\u0131n getirdi\u011fi zorluklar\u0131 a\u015fmas\u0131na yard\u0131mc\u0131 bir rehber.3 ile 6 ya\u015f aras\u0131ndaki bir \u00e7ocuk i\u00e7in istemek, elde etmek demektir. \u0130stekleri yerine getirilmezse h\u0131r\u00e7\u0131nla\u015fabilir, \u00f6fke patlamalar\u0131 ya\u015fayabilir. Ne Zormu\u015f B\u00fcy\u00fcmek serisinin ilk kitab\u0131 Her \u015eeyi \u0130sterim, Kral Benim! bol resimli ve kafiyeli anlat\u0131m\u0131yla \u00e7ocu\u011funuzun kaprislerini azaltmas\u0131na yard\u0131mc\u0131 olurken, etkinlik \u00f6nerileriyle bu s\u00fcre\u00e7te onunla do\u011fru ileti\u015fim kurman\u0131z\u0131 sa\u011flayacak.<\/p>\n","protected":false},"excerpt":{"rendered":"<p>\u00c7ocu\u011funuz i\u00e7in resimli bir hik\u00e2ye, sizin i\u00e7in ise yavrunuzun, \u00e7ocuk olman\u0131n getirdi\u011fi zorluklar\u0131 a\u015fmas\u0131na yard\u0131mc\u0131 bir rehber.3 ile 6 ya\u015f aras\u0131ndaki bir \u00e7ocuk i\u00e7in istemek, elde<span class=\"excerpt-hellip\"> [\u2026]<\/span><\/p>\n","protected":false},"featured_media":0,"template":"","meta":{"_monsterinsights_skip_tracking":false,"_monsterinsights_sitenote_active":false,"_monsterinsights_sitenote_note":"","_monsterinsights_sitenote_category":0},"product_brand":[],"product_cat":[12274,12518],"product_tag":[],"class_list":{"0":"post-716848","1":"product","2":"type-product","3":"status-publish","5":"product_cat-cocuk-ve-genclik-kitaplari","6":"product_cat-okul-oncesi-kitaplar","7":"pa_cilt-ciltsiz","8":"pa_tur-kitap","9":"pa_yayinevi-turkuvaz-kitap","10":"pa_yazar-alberto-pellai-barbara-tamborini","12":"first","13":"instock","14":"sale","15":"shipping-taxable","16":"purchasable","17":"product-type-simple"},"_links":{"self":[{"href":"https:\/\/roveyayinevi.com.tr\/index.php\/wp-json\/wp\/v2\/product\/716848","targetHints":{"allow":["GET"]}}],"collection":[{"href":"https:\/\/roveyayinevi.com.tr\/index.php\/wp-json\/wp\/v2\/product"}],"about":[{"href":"https:\/\/roveyayinevi.com.tr\/index.php\/wp-json\/wp\/v2\/types\/product"}],"wp:attachment":[{"href":"https:\/\/roveyayinevi.com.tr\/index.php\/wp-json\/wp\/v2\/media?parent=716848"}],"wp:term":[{"taxonomy":"product_brand","embeddable":true,"href":"https:\/\/roveyayinevi.com.tr\/index.php\/wp-json\/wp\/v2\/product_brand?post=716848"},{"taxonomy":"product_cat","embeddable":true,"href":"https:\/\/roveyayinevi.com.tr\/index.php\/wp-json\/wp\/v2\/product_cat?post=716848"},{"taxonomy":"product_tag","embeddable":true,"href":"https:\/\/roveyayinevi.com.tr\/index.php\/wp-json\/wp\/v2\/product_tag?post=716848"}],"curies":[{"name":"wp","href":"https:\/\/api.w.org\/{rel}","templated":true}]}}