{"id":716847,"date":"2025-08-27T17:47:59","date_gmt":"2025-08-27T14:47:59","guid":{"rendered":"https:\/\/roveyayinevi.com.tr\/index.php\/urun\/bu-is-siniklere-gore-degil-iyi-gazetecilik-uzerine-konusmalar\/"},"modified":"2026-04-16T02:25:03","modified_gmt":"2026-04-15T23:25:03","slug":"bu-is-siniklere-gore-degil-iyi-gazetecilik-uzerine-konusmalar","status":"publish","type":"product","link":"https:\/\/roveyayinevi.com.tr\/index.php\/urun\/bu-is-siniklere-gore-degil-iyi-gazetecilik-uzerine-konusmalar\/","title":{"rendered":"Bu \u0130\u015f Siniklere G\u00f6re De\u011fil &#8211; \u0130yi Gazetecilik \u00dczerine Konu\u015fmalar"},"content":{"rendered":"<p>\u00d6tekilerin tarihini yazmaya adanm\u0131\u015f bir hayatDelidolu&#8217;nun \u201cD\u00fcnyay\u0131 Okumak\u201d temal\u0131 kurmaca d\u0131\u015f\u0131 eserler koleksiyonunda yerini alan Bu \u0130\u015f Siniklere G\u00f6re De\u011fil, \u00dc\u00e7\u00fcnc\u00fc D\u00fcnya \u00fclkelerinin zorlu \u015fartlar\u0131nda uzun y\u0131llar g\u00f6rev yapan Polonyal\u0131 \u00fcnl\u00fc gazeteci Ryszard Kapuscinski\u2019nin deneyimlerini ve g\u00f6zlemlerini samimiyetle payla\u015ft\u0131\u011f\u0131 bir kitap.John Berger\u2019\u0131n eserlerini \u0130talyancaya \u00e7eviren Maria Nadotti\u2019nin \u00f6ns\u00f6z\u00fcyle birlikte sunulan Bu \u0130\u015f Siniklere G\u00f6re De\u011fil, alan\u0131nda duayen bir isim olan Kapu\u015bci\u0144ski\u2019nin, gazetecilik mesle\u011finin ilkelerine, y\u00f6ntemlerine, zorluklar\u0131na, entelekt\u00fcel ve ahlaki sorumluluklar\u0131na dair g\u00f6r\u00fc\u015flerini i\u00e7eren \u00fc\u00e7 farkl\u0131 s\u00f6yle\u015fiden olu\u015fuyor.John Berger\u2019la daha \u00f6nce yay\u0131mlanmam\u0131\u015f diyaloglar\u0131n\u0131n da yer ald\u0131\u011f\u0131 kitapta Kapu\u015bci\u0144ski, sinizmin gazetecilikle ba\u011fda\u015fmad\u0131\u011f\u0131na vurgu yaparken kendi ger\u00e7ekli\u011fini dayatan medya d\u00fcnyas\u0131na da ele\u015ftiriler getiriyor.Kitap, \u00e7a\u011f\u0131m\u0131z\u0131n b\u00fcy\u00fck anlat\u0131c\u0131lar\u0131ndan birinin e\u015fine az rastlan\u0131r deneyimlerinden yararlanma f\u0131rsat\u0131 sunarken yaln\u0131zca gazeteciler ve gazeteci adaylar\u0131 i\u00e7in de\u011fil, her dakika, d\u00f6rt bir yandan haberle ku\u015fat\u0131lan okurlar i\u00e7in de g\u00fcn\u00fcm\u00fczde eksikli\u011fi hissedilen \u201cd\u00fcr\u00fcst\u201d gazetecilik anlay\u0131\u015f\u0131n\u0131n \u00e7arp\u0131c\u0131 bir \u00f6zetini sunuyor.\u201cHer \u015feyden \u00f6nce, gazetecilik yapabilmek i\u00e7in iyi bir insan olmak gerekti\u011fine inan\u0131yorum. K\u00f6t\u00fc insanlar iyi gazeteci olamazlar. Bu meslekte iyi bir insan demek, ba\u015fkalar\u0131n\u0131 anlamak; onlar\u0131n niyetlerini, inan\u00e7lar\u0131n\u0131, ilgi alanlar\u0131n\u0131, s\u0131k\u0131nt\u0131lar\u0131n\u0131 ve ac\u0131lar\u0131n\u0131 anlamak demektir. Ve ilk andan itibaren onlar\u0131n kaderlerine ortak olmak demektir.\u201d<\/p>\n","protected":false},"excerpt":{"rendered":"<p>\u00d6tekilerin tarihini yazmaya adanm\u0131\u015f bir hayatDelidolu&#8217;nun \u201cD\u00fcnyay\u0131 Okumak\u201d temal\u0131 kurmaca d\u0131\u015f\u0131 eserler koleksiyonunda yerini alan Bu \u0130\u015f Siniklere G\u00f6re De\u011fil, \u00dc\u00e7\u00fcnc\u00fc D\u00fcnya \u00fclkelerinin zorlu \u015fartlar\u0131nda uzun<span class=\"excerpt-hellip\"> [\u2026]<\/span><\/p>\n","protected":false},"featured_media":0,"template":"","meta":{"_monsterinsights_skip_tracking":false,"_monsterinsights_sitenote_active":false,"_monsterinsights_sitenote_note":"","_monsterinsights_sitenote_category":0},"product_brand":[],"product_cat":[15983,13488],"product_tag":[],"class_list":{"0":"post-716847","1":"product","2":"type-product","3":"status-publish","5":"product_cat-iletisim-ve-medya","6":"product_cat-toplum-ve-insan","7":"pa_cilt-ciltsiz","8":"pa_tur-kitap","9":"pa_yayinevi-delidolu","10":"pa_yazar-ryszard-kapuscinski","12":"first","13":"instock","14":"sale","15":"shipping-taxable","16":"purchasable","17":"product-type-simple"},"_links":{"self":[{"href":"https:\/\/roveyayinevi.com.tr\/index.php\/wp-json\/wp\/v2\/product\/716847","targetHints":{"allow":["GET"]}}],"collection":[{"href":"https:\/\/roveyayinevi.com.tr\/index.php\/wp-json\/wp\/v2\/product"}],"about":[{"href":"https:\/\/roveyayinevi.com.tr\/index.php\/wp-json\/wp\/v2\/types\/product"}],"wp:attachment":[{"href":"https:\/\/roveyayinevi.com.tr\/index.php\/wp-json\/wp\/v2\/media?parent=716847"}],"wp:term":[{"taxonomy":"product_brand","embeddable":true,"href":"https:\/\/roveyayinevi.com.tr\/index.php\/wp-json\/wp\/v2\/product_brand?post=716847"},{"taxonomy":"product_cat","embeddable":true,"href":"https:\/\/roveyayinevi.com.tr\/index.php\/wp-json\/wp\/v2\/product_cat?post=716847"},{"taxonomy":"product_tag","embeddable":true,"href":"https:\/\/roveyayinevi.com.tr\/index.php\/wp-json\/wp\/v2\/product_tag?post=716847"}],"curies":[{"name":"wp","href":"https:\/\/api.w.org\/{rel}","templated":true}]}}