{"id":716846,"date":"2025-08-27T17:47:58","date_gmt":"2025-08-27T14:47:58","guid":{"rendered":"https:\/\/roveyayinevi.com.tr\/index.php\/urun\/kanin-buyusu-ciltli\/"},"modified":"2025-10-30T11:59:51","modified_gmt":"2025-10-30T08:59:51","slug":"kanin-buyusu-ciltli","status":"publish","type":"product","link":"https:\/\/roveyayinevi.com.tr\/index.php\/urun\/kanin-buyusu-ciltli\/","title":{"rendered":"Kan\u0131n B\u00fcy\u00fcs\u00fc (Ciltli)"},"content":{"rendered":"<p>Kurtlar\u0131n aras\u0131nda yaln\u0131zca yer edinmekle kalmay\u0131p ayn\u0131 zamanda onlardan birine d\u00f6n\u00fc\u015fen Ada\u2019n\u0131n art\u0131k en b\u00fcy\u00fck sorunu hayatta kalmak de\u011fildi. Tan\u0131\u015ft\u0131klar\u0131 ilk g\u00fcnlerde g\u00f6rd\u00fc\u011f\u00fc Dawson, daha beter bir \u015fekilde geri d\u00f6nm\u00fc\u015ft\u00fc. Amona\u2019n\u0131n b\u00fcy\u00fcs\u00fc y\u00fcz\u00fcnden bamba\u015fka bir ger\u00e7ekli\u011fe hapsolan Dawson, Ada\u2019n\u0131n tahmininden daha b\u00fcy\u00fck bir karanl\u0131ktayd\u0131.B\u00fcy\u00fcc\u00fclerin onlara kar\u015f\u0131 harekete ge\u00e7mesiyle t\u00fcm \u00f6ncelikleri de\u011fi\u015fecekti. Ada\u2019n\u0131n efsanevi bir yarat\u0131\u011fa ala kurda d\u00f6n\u00fc\u015ft\u00fc\u011f\u00fc haberi tahminlerinden daha h\u0131zl\u0131 yay\u0131lm\u0131\u015ft\u0131. Yeni g\u00fc\u00e7lerini ke\u015ffederken ayn\u0131 zamanda ailesini kurtarmaya \u00e7al\u0131\u015fan Ada i\u00e7in sava\u015fmaktan ba\u015fka bir se\u00e7enek yoktu.Bir sava\u015f yakla\u015f\u0131yordu. \u00dcstelik bu sava\u015f\u0131 \u00f6nce kocas\u0131na, sonra da kurtlar\u0131n en b\u00fcy\u00fck d\u00fc\u015fmanlar\u0131na kar\u015f\u0131 vermek zorundayd\u0131. Beklemedi\u011fi \u015feyse ge\u00e7mi\u015finden gelen hayaletlerin ona yard\u0131m etmesiydi.\u201cKan ve k\u00fcf kokulu bir depoda, kocas\u0131 yaral\u0131 bir halde masaya ba\u011flanm\u0131\u015fken uykuya dald\u0131. Ona yard\u0131m etmedi, kurtulmas\u0131 i\u00e7in kelep\u00e7elerini \u00e7\u00f6zmedi. Sadece s\u0131radaki i\u015fkencesinin ne zaman ba\u015flayaca\u011f\u0131n\u0131 d\u00fc\u015f\u00fcnd\u00fc.Yan\u0131nda duran b\u0131\u00e7a\u011f\u0131n\u0131 temizlemi\u015fti. Kullan\u0131lmaya haz\u0131rd\u0131.\u201d<\/p>\n","protected":false},"excerpt":{"rendered":"<p>Kurtlar\u0131n aras\u0131nda yaln\u0131zca yer edinmekle kalmay\u0131p ayn\u0131 zamanda onlardan birine d\u00f6n\u00fc\u015fen Ada\u2019n\u0131n art\u0131k en b\u00fcy\u00fck sorunu hayatta kalmak de\u011fildi. Tan\u0131\u015ft\u0131klar\u0131 ilk g\u00fcnlerde g\u00f6rd\u00fc\u011f\u00fc Dawson, daha beter<span class=\"excerpt-hellip\"> [\u2026]<\/span><\/p>\n","protected":false},"featured_media":0,"template":"","meta":{"_monsterinsights_skip_tracking":false,"_monsterinsights_sitenote_active":false,"_monsterinsights_sitenote_note":"","_monsterinsights_sitenote_category":0},"product_brand":[],"product_cat":[12291,12711],"product_tag":[],"class_list":{"0":"post-716846","1":"product","2":"type-product","3":"status-publish","5":"product_cat-edebiyat","6":"product_cat-roman-oyku","7":"pa_cilt-ciltli","8":"pa_tur-kitap","9":"pa_yayinevi-ephesus-yayinlari","10":"pa_yazar-busra-toraman","12":"first","13":"instock","14":"sale","15":"shipping-taxable","16":"purchasable","17":"product-type-simple"},"_links":{"self":[{"href":"https:\/\/roveyayinevi.com.tr\/index.php\/wp-json\/wp\/v2\/product\/716846","targetHints":{"allow":["GET"]}}],"collection":[{"href":"https:\/\/roveyayinevi.com.tr\/index.php\/wp-json\/wp\/v2\/product"}],"about":[{"href":"https:\/\/roveyayinevi.com.tr\/index.php\/wp-json\/wp\/v2\/types\/product"}],"wp:attachment":[{"href":"https:\/\/roveyayinevi.com.tr\/index.php\/wp-json\/wp\/v2\/media?parent=716846"}],"wp:term":[{"taxonomy":"product_brand","embeddable":true,"href":"https:\/\/roveyayinevi.com.tr\/index.php\/wp-json\/wp\/v2\/product_brand?post=716846"},{"taxonomy":"product_cat","embeddable":true,"href":"https:\/\/roveyayinevi.com.tr\/index.php\/wp-json\/wp\/v2\/product_cat?post=716846"},{"taxonomy":"product_tag","embeddable":true,"href":"https:\/\/roveyayinevi.com.tr\/index.php\/wp-json\/wp\/v2\/product_tag?post=716846"}],"curies":[{"name":"wp","href":"https:\/\/api.w.org\/{rel}","templated":true}]}}