{"id":716845,"date":"2025-08-27T17:47:57","date_gmt":"2025-08-27T14:47:57","guid":{"rendered":"https:\/\/roveyayinevi.com.tr\/index.php\/urun\/sabahattin-ali-butun-siirleri\/"},"modified":"2026-04-16T02:25:03","modified_gmt":"2026-04-15T23:25:03","slug":"sabahattin-ali-butun-siirleri","status":"publish","type":"product","link":"https:\/\/roveyayinevi.com.tr\/index.php\/urun\/sabahattin-ali-butun-siirleri\/","title":{"rendered":"Sabahattin Ali B\u00fct\u00fcn \u015eiirleri"},"content":{"rendered":"<p>\u201cD\u00f6nd\u00fcm daldan d\u00fc\u015fen kuru yapra\u011fa Seher yeli da\u011f\u0131t beni k\u0131r beni G\u00f6t\u00fcr tozlar\u0131m\u0131 burdan uza\u011fa Y\u00e2rin \u00e7\u0131plak aya\u011f\u0131na s\u00fcr beni&#8230;\u201d Edebiyat\u0131m\u0131z\u0131n en \u00fcretken yazarlar\u0131ndan Sabahattin Ali\u2019nin tek \u015fiir kitab\u0131 olan DA\u011eLAR VE R\u00dcZG\u00c2R ile di\u011fer yay\u0131n organlar\u0131nda yay\u0131mlanm\u0131\u015f olan t\u00fcm \u015fiirlerini \u00f6zenli bir \u00e7al\u0131\u015fmayla bir araya getirdi\u011fimiz bu yap\u0131tla onun yarat\u0131c\u0131 ve \u00e7ok y\u00f6nl\u00fc kalemi \u00f6n\u00fcnde bir kez daha sayg\u0131yla e\u011filiyoruz&#8230; <\/p>\n","protected":false},"excerpt":{"rendered":"<p>\u201cD\u00f6nd\u00fcm daldan d\u00fc\u015fen kuru yapra\u011fa Seher yeli da\u011f\u0131t beni k\u0131r beni G\u00f6t\u00fcr tozlar\u0131m\u0131 burdan uza\u011fa Y\u00e2rin \u00e7\u0131plak aya\u011f\u0131na s\u00fcr beni&#8230;\u201d Edebiyat\u0131m\u0131z\u0131n en \u00fcretken yazarlar\u0131ndan Sabahattin Ali\u2019nin<span class=\"excerpt-hellip\"> [\u2026]<\/span><\/p>\n","protected":false},"featured_media":0,"template":"","meta":{"_monsterinsights_skip_tracking":false,"_monsterinsights_sitenote_active":false,"_monsterinsights_sitenote_note":"","_monsterinsights_sitenote_category":0},"product_brand":[],"product_cat":[12291,12509],"product_tag":[],"class_list":{"0":"post-716845","1":"product","2":"type-product","3":"status-publish","5":"product_cat-edebiyat","6":"product_cat-siir","7":"pa_cilt-ciltsiz","8":"pa_tur-kitap","9":"pa_yayinevi-destek-yayinlari","10":"pa_yazar-sabahattin-ali","12":"first","13":"instock","14":"sale","15":"shipping-taxable","16":"purchasable","17":"product-type-simple"},"_links":{"self":[{"href":"https:\/\/roveyayinevi.com.tr\/index.php\/wp-json\/wp\/v2\/product\/716845","targetHints":{"allow":["GET"]}}],"collection":[{"href":"https:\/\/roveyayinevi.com.tr\/index.php\/wp-json\/wp\/v2\/product"}],"about":[{"href":"https:\/\/roveyayinevi.com.tr\/index.php\/wp-json\/wp\/v2\/types\/product"}],"wp:attachment":[{"href":"https:\/\/roveyayinevi.com.tr\/index.php\/wp-json\/wp\/v2\/media?parent=716845"}],"wp:term":[{"taxonomy":"product_brand","embeddable":true,"href":"https:\/\/roveyayinevi.com.tr\/index.php\/wp-json\/wp\/v2\/product_brand?post=716845"},{"taxonomy":"product_cat","embeddable":true,"href":"https:\/\/roveyayinevi.com.tr\/index.php\/wp-json\/wp\/v2\/product_cat?post=716845"},{"taxonomy":"product_tag","embeddable":true,"href":"https:\/\/roveyayinevi.com.tr\/index.php\/wp-json\/wp\/v2\/product_tag?post=716845"}],"curies":[{"name":"wp","href":"https:\/\/api.w.org\/{rel}","templated":true}]}}