{"id":716840,"date":"2025-08-27T17:47:54","date_gmt":"2025-08-27T14:47:54","guid":{"rendered":"https:\/\/roveyayinevi.com.tr\/index.php\/urun\/nereden-nereye-devletin-icindeki-orgutle-mucadele\/"},"modified":"2026-04-16T02:25:03","modified_gmt":"2026-04-15T23:25:03","slug":"nereden-nereye-devletin-icindeki-orgutle-mucadele","status":"publish","type":"product","link":"https:\/\/roveyayinevi.com.tr\/index.php\/urun\/nereden-nereye-devletin-icindeki-orgutle-mucadele\/","title":{"rendered":"Nereden Nereye? &#8211; Devletin \u0130\u00e7indeki \u00d6rg\u00fctle M\u00fccadele"},"content":{"rendered":"<p>Osman Ba\u015f\u0131b\u00fcy\u00fck, \u201cAKP, ABD ve Cemaat Koalisyonunda T\u00fcrkiye\u2019de neler oldu?\u201d kitab\u0131ndan sonra yeni kitab\u0131yla okuyucularla bulu\u015fuyor; \u201c Nereden Nereye, Devletin \u0130\u00e7indeki \u00d6rg\u00fctle M\u00fccadele\u2026\u201d Osman Ba\u015f\u0131b\u00fcy\u00fck, kitab\u0131n\u0131 \u015fu \u015fekilde tan\u0131t\u0131yor; \u201c\u2026Ordudan ayr\u0131lmaya zorlanarak 30 y\u0131ll\u0131k askeri kariyeri iftira ile bitirilmi\u015f bir T\u00fcrk subay\u0131yd\u0131m\u2026   Kendimi k\u00f6k\u00fcnden s\u00f6k\u00fclm\u00fc\u015f bir a\u011fa\u00e7 gibi hissediyordum. Ya do\u011fdu\u011fum topraklara tutunarak kurumaktan kurtulacak ya da kaybolup gidecektim. Bana reva g\u00f6r\u00fclen bu kaderi bozmak maksad\u0131yla 2 y\u0131l\u0131 yurt d\u0131\u015f\u0131nda olmak \u00fczere 4 y\u0131l m\u00fccadele ettim. Kaleme ald\u0131\u011f\u0131m makalelerin, verdi\u011fim konferanslar\u0131n bir faydas\u0131 olup olmad\u0131\u011f\u0131na okuyucu karar verecektir\u2026   Cemaatin geldi\u011fi nokta ortada\u2026 Art\u0131k toplumun her kesimi, Fe*tullah\u00e7\u0131lar\u0131n ikiy\u00fczl\u00fc oldu\u011funu, yalan s\u00f6yledi\u011fini, iftira att\u0131\u011f\u0131n\u0131, hara\u00e7 kesti\u011fini, soru \u00e7ald\u0131\u011f\u0131n\u0131, \u0130slam dinini istismar etti\u011fini, liderlerini peygamber veya mehdi gibi g\u00f6rd\u00fcklerini, birer ha\u015fha\u015fi olduklar\u0131n\u0131 biliyor\u2026   Sonu\u00e7 olarak Cemaat art\u0131k kendine yeni m\u00fcrit dev\u015firemeyecek ve bir s\u00fcre sonra \u00e7\u00f6z\u00fcl\u00fcp y\u0131k\u0131l\u0131p gidecektir.   Fe*tullah G\u00fclen\u2019i h\u00e2l\u00e2 bir i\u015fimize yarar diye elinde tutan Washington\u2019daki baz\u0131 yetkililerin de bu ger\u00e7e\u011fi g\u00f6rmesi uzun s\u00fcrmez.   TSK\u2019den ayr\u0131lmak zorunda kal\u0131\u015f\u0131mla ba\u015flayan yazarl\u0131k hayat\u0131mda kaleme ald\u0131\u011f\u0131m FE*T\u00d6 ile yapt\u0131\u011f\u0131m m\u00fccadeleyi i\u00e7eren makalelerimi bu kitapta toplayarak okurlar\u0131n dikkatine topluca sunmak istedim\u2026 Mustafa Kemal\u2019in bir albay\u0131 olarak kaleme ald\u0131\u011f\u0131m bu kitab\u0131n bizlerin yerini dolduracak gen\u00e7 askerlere \u0131\u015f\u0131k tutaca\u011f\u0131 \u00fcmidiyle\u2026 \u201c <\/p>\n","protected":false},"excerpt":{"rendered":"<p>Osman Ba\u015f\u0131b\u00fcy\u00fck, \u201cAKP, ABD ve Cemaat Koalisyonunda T\u00fcrkiye\u2019de neler oldu?\u201d kitab\u0131ndan sonra yeni kitab\u0131yla okuyucularla bulu\u015fuyor; \u201c Nereden Nereye, Devletin \u0130\u00e7indeki \u00d6rg\u00fctle M\u00fccadele\u2026\u201d Osman Ba\u015f\u0131b\u00fcy\u00fck, kitab\u0131n\u0131<span class=\"excerpt-hellip\"> [\u2026]<\/span><\/p>\n","protected":false},"featured_media":0,"template":"","meta":{"_monsterinsights_skip_tracking":false,"_monsterinsights_sitenote_active":false,"_monsterinsights_sitenote_note":"","_monsterinsights_sitenote_category":0},"product_brand":[],"product_cat":[12337,14543],"product_tag":[],"class_list":{"0":"post-716840","1":"product","2":"type-product","3":"status-publish","5":"product_cat-politika-siyaset","6":"product_cat-turkiye-siyaseti-ve-politikasi","7":"pa_cilt-ciltsiz","8":"pa_tur-kitap","9":"pa_yayinevi-galeati-yayincilik","10":"pa_yazar-osman-basibuyuk","12":"first","13":"instock","14":"sale","15":"shipping-taxable","16":"purchasable","17":"product-type-simple"},"_links":{"self":[{"href":"https:\/\/roveyayinevi.com.tr\/index.php\/wp-json\/wp\/v2\/product\/716840","targetHints":{"allow":["GET"]}}],"collection":[{"href":"https:\/\/roveyayinevi.com.tr\/index.php\/wp-json\/wp\/v2\/product"}],"about":[{"href":"https:\/\/roveyayinevi.com.tr\/index.php\/wp-json\/wp\/v2\/types\/product"}],"wp:attachment":[{"href":"https:\/\/roveyayinevi.com.tr\/index.php\/wp-json\/wp\/v2\/media?parent=716840"}],"wp:term":[{"taxonomy":"product_brand","embeddable":true,"href":"https:\/\/roveyayinevi.com.tr\/index.php\/wp-json\/wp\/v2\/product_brand?post=716840"},{"taxonomy":"product_cat","embeddable":true,"href":"https:\/\/roveyayinevi.com.tr\/index.php\/wp-json\/wp\/v2\/product_cat?post=716840"},{"taxonomy":"product_tag","embeddable":true,"href":"https:\/\/roveyayinevi.com.tr\/index.php\/wp-json\/wp\/v2\/product_tag?post=716840"}],"curies":[{"name":"wp","href":"https:\/\/api.w.org\/{rel}","templated":true}]}}