{"id":716839,"date":"2025-08-27T17:47:54","date_gmt":"2025-08-27T14:47:54","guid":{"rendered":"https:\/\/roveyayinevi.com.tr\/index.php\/urun\/ebeveynlerde-tukenmislik\/"},"modified":"2026-04-16T02:25:03","modified_gmt":"2026-04-15T23:25:03","slug":"ebeveynlerde-tukenmislik","status":"publish","type":"product","link":"https:\/\/roveyayinevi.com.tr\/index.php\/urun\/ebeveynlerde-tukenmislik\/","title":{"rendered":"Ebeveynlerde T\u00fckenmi\u015flik"},"content":{"rendered":"<p>Bug\u00fcn anne baba olmak, \u00f6nceki ku\u015faklar\u0131n ebeveynlik prati\u011finden olduk\u00e7a farkl\u0131 bir anlam ta\u015f\u0131yor. Son otuz k\u0131rk y\u0131l i\u00e7inde, ara\u015ft\u0131rmac\u0131lar \u201ciyi bir ebeveyn\u201din nas\u0131l olmas\u0131, ne yapmas\u0131, nelerden ka\u00e7\u0131nmas\u0131 gerekti\u011fine dair kafa yormaya ve bu alanda \u00e7al\u0131\u015fmalar yapmaya ba\u015flad\u0131lar. Ayn\u0131 s\u00fcre\u00e7te gazeteler ve dergiler de konuya e\u011filen \u00f6\u011fretici yaz\u0131lar, alt\u0131n kurallar i\u00e7eren listeler yay\u0131mlad\u0131lar. K\u0131sacas\u0131 ebeveynlik, adeta bir uzmanl\u0131k alan\u0131na d\u00f6n\u00fc\u015ft\u00fc. \u00c7ocuklar\u0131n geli\u015fimi, sa\u011fl\u0131\u011f\u0131 ve mutlulu\u011fu i\u00e7in her zamankinden fazla \u00e7aba g\u00f6sterme bask\u0131s\u0131, ayn\u0131 zamanda yeni bir kavram\u0131 da beraberinde getirdi: ebeveynlerde t\u00fckenmi\u015flik sendromu. Peki kimler etkilenir bundan? Anne babalar\u0131 t\u00fckenmi\u015flik sendromuna g\u00f6t\u00fcren risk fakt\u00f6rleri nelerdir? Kronik stresin t\u00fckenmi\u015flikle ba\u011flant\u0131s\u0131 nedir? Aile ideali, t\u00fckenmi\u015fli\u011fin ortaya \u00e7\u0131kmas\u0131nda nas\u0131l bir rol oynar? T\u00fckenmi\u015fli\u011fin tetikledi\u011fi olumsuz davran\u0131\u015flar hangileridir? Risk fakt\u00f6rlerini telafi eden koruma fakt\u00f6rleri nelerdir, bunlar nas\u0131l geli\u015ftirilebilir? T\u00fckenmi\u015flik sendromuna yakalanma ihtimalini azaltmak i\u00e7in hangi e\u011fitim y\u00f6ntemlerinden ka\u00e7\u0131nmak gerekir? \u201cOlumlu ebeveynlik\u201d nedir? T\u00fckenmi\u015fli\u011fe kar\u015f\u0131 ebeveyn imgesini d\u00fczeltmenin yollar\u0131 nelerdir? Ebeveynlerde t\u00fckenmi\u015flik ka\u00e7\u0131n\u0131lmaz ve kal\u0131c\u0131 bir durum mudur, ba\u015fka deyi\u015fle kader midir? Her ikisi de klinik psikolog olan Mo\u00efra Mikolajczak ve Isabelle Roskam, Ebeveynlerde T\u00fckenmi\u015flik\u2019te mesleki birikimlerini ki\u015fisel ebeveynlik deneyimleriyle bulu\u015fturarak, bu zorlu tablonun olu\u015fma s\u00fcrecine ve sonu\u00e7lar\u0131na \u0131\u015f\u0131k tutuyorlar. \u00c7ocuklar\u0131yla ili\u015fkilerinde yorgun d\u00fc\u015fm\u00fc\u015f, tekrar sa\u011fl\u0131kl\u0131 ve dengeli bir ebeveynli\u011fe \u00e7\u0131kan yolu arayan anne babalar i\u00e7in benzersiz bir kaynak. <\/p>\n","protected":false},"excerpt":{"rendered":"<p>Bug\u00fcn anne baba olmak, \u00f6nceki ku\u015faklar\u0131n ebeveynlik prati\u011finden olduk\u00e7a farkl\u0131 bir anlam ta\u015f\u0131yor. Son otuz k\u0131rk y\u0131l i\u00e7inde, ara\u015ft\u0131rmac\u0131lar \u201ciyi bir ebeveyn\u201din nas\u0131l olmas\u0131, ne yapmas\u0131,<span class=\"excerpt-hellip\"> [\u2026]<\/span><\/p>\n","protected":false},"featured_media":0,"template":"","meta":{"_monsterinsights_skip_tracking":false,"_monsterinsights_sitenote_active":false,"_monsterinsights_sitenote_note":"","_monsterinsights_sitenote_category":0},"product_brand":[],"product_cat":[17996,12364],"product_tag":[],"class_list":{"0":"post-716839","1":"product","2":"type-product","3":"status-publish","5":"product_cat-ebeveyn-kitaplari","6":"product_cat-genel-konular","7":"pa_cilt-ciltsiz","8":"pa_tur-kitap","9":"pa_yayinevi-iletisim-yayinlari","10":"pa_yazar-moira-mikolajczak-isabelle-roskam","12":"first","13":"instock","14":"sale","15":"shipping-taxable","16":"purchasable","17":"product-type-simple"},"_links":{"self":[{"href":"https:\/\/roveyayinevi.com.tr\/index.php\/wp-json\/wp\/v2\/product\/716839","targetHints":{"allow":["GET"]}}],"collection":[{"href":"https:\/\/roveyayinevi.com.tr\/index.php\/wp-json\/wp\/v2\/product"}],"about":[{"href":"https:\/\/roveyayinevi.com.tr\/index.php\/wp-json\/wp\/v2\/types\/product"}],"wp:attachment":[{"href":"https:\/\/roveyayinevi.com.tr\/index.php\/wp-json\/wp\/v2\/media?parent=716839"}],"wp:term":[{"taxonomy":"product_brand","embeddable":true,"href":"https:\/\/roveyayinevi.com.tr\/index.php\/wp-json\/wp\/v2\/product_brand?post=716839"},{"taxonomy":"product_cat","embeddable":true,"href":"https:\/\/roveyayinevi.com.tr\/index.php\/wp-json\/wp\/v2\/product_cat?post=716839"},{"taxonomy":"product_tag","embeddable":true,"href":"https:\/\/roveyayinevi.com.tr\/index.php\/wp-json\/wp\/v2\/product_tag?post=716839"}],"curies":[{"name":"wp","href":"https:\/\/api.w.org\/{rel}","templated":true}]}}