{"id":716838,"date":"2025-08-27T17:47:53","date_gmt":"2025-08-27T14:47:53","guid":{"rendered":"https:\/\/roveyayinevi.com.tr\/index.php\/urun\/halkla-iliskiler-ideali\/"},"modified":"2026-04-16T02:25:03","modified_gmt":"2026-04-15T23:25:03","slug":"halkla-iliskiler-ideali","status":"publish","type":"product","link":"https:\/\/roveyayinevi.com.tr\/index.php\/urun\/halkla-iliskiler-ideali\/","title":{"rendered":"Halkla \u0130li\u015fkiler \u0130deali"},"content":{"rendered":"<p>Bug\u00fcn i\u00e7in halkla ili\u015fkilerin herkese g\u00f6re farkl\u0131 bir tan\u0131m\u0131 olsa da esas olan ileti\u015fimi y\u00f6netme g\u00fcc\u00fcd\u00fcr. Halkla ili\u015fkiler bu g\u00fcc\u00fc, etik ve sosyal sorumluluk prensibinden al\u0131r. Oyuna dahil olan herkesin kazand\u0131\u011f\u0131 bir olas\u0131l\u0131k her zaman vard\u0131r. Bizim halkla ili\u015fkiler idealimiz, toplumsal perspektiften bakarak oyuna dahil olan herkesin kazanc\u0131n\u0131n hesaba kat\u0131ld\u0131\u011f\u0131, etik ve sosyal sorumluluk prensibinden beslenen ve t\u00fcm sosyal payda\u015flar\u0131n\u0131n da ayn\u0131 anlay\u0131\u015fla oyuna dahil oldu\u011fu bir \u201cileti\u015fim y\u00f6netimi\u201d anlay\u0131\u015f\u0131d\u0131r.Bu kitap, hemen her kavram\u0131n i\u00e7inin bo\u015falt\u0131ld\u0131\u011f\u0131 ger\u00e7ek \u00f6tesi bir d\u00f6nemde yeniden okumalarla yola \u00e7\u0131km\u0131\u015f pusulas\u0131 vicdan rotas\u0131 her zaman iyiden yana olan bir ger\u00e7eklik in\u015fas\u0131 aray\u0131\u015f\u0131yla sizi alan\u0131 yeniden ke\u015ffe davet etmektedir.<\/p>\n","protected":false},"excerpt":{"rendered":"<p>Bug\u00fcn i\u00e7in halkla ili\u015fkilerin herkese g\u00f6re farkl\u0131 bir tan\u0131m\u0131 olsa da esas olan ileti\u015fimi y\u00f6netme g\u00fcc\u00fcd\u00fcr. Halkla ili\u015fkiler bu g\u00fcc\u00fc, etik ve sosyal sorumluluk prensibinden al\u0131r.<span class=\"excerpt-hellip\"> [\u2026]<\/span><\/p>\n","protected":false},"featured_media":0,"template":"","meta":{"_monsterinsights_skip_tracking":false,"_monsterinsights_sitenote_active":false,"_monsterinsights_sitenote_note":"","_monsterinsights_sitenote_category":0},"product_brand":[],"product_cat":[13043,14754],"product_tag":[],"class_list":{"0":"post-716838","1":"product","2":"type-product","3":"status-publish","5":"product_cat-ekonomi","6":"product_cat-halkla-iliskiler-insan-kaynaklari","7":"pa_cilt-ciltsiz","8":"pa_tur-kitap","9":"pa_yayinevi-pozitif-yayinlari","10":"pa_yazar-kollektif","12":"first","13":"instock","14":"sale","15":"shipping-taxable","16":"purchasable","17":"product-type-simple"},"_links":{"self":[{"href":"https:\/\/roveyayinevi.com.tr\/index.php\/wp-json\/wp\/v2\/product\/716838","targetHints":{"allow":["GET"]}}],"collection":[{"href":"https:\/\/roveyayinevi.com.tr\/index.php\/wp-json\/wp\/v2\/product"}],"about":[{"href":"https:\/\/roveyayinevi.com.tr\/index.php\/wp-json\/wp\/v2\/types\/product"}],"wp:attachment":[{"href":"https:\/\/roveyayinevi.com.tr\/index.php\/wp-json\/wp\/v2\/media?parent=716838"}],"wp:term":[{"taxonomy":"product_brand","embeddable":true,"href":"https:\/\/roveyayinevi.com.tr\/index.php\/wp-json\/wp\/v2\/product_brand?post=716838"},{"taxonomy":"product_cat","embeddable":true,"href":"https:\/\/roveyayinevi.com.tr\/index.php\/wp-json\/wp\/v2\/product_cat?post=716838"},{"taxonomy":"product_tag","embeddable":true,"href":"https:\/\/roveyayinevi.com.tr\/index.php\/wp-json\/wp\/v2\/product_tag?post=716838"}],"curies":[{"name":"wp","href":"https:\/\/api.w.org\/{rel}","templated":true}]}}