{"id":716833,"date":"2025-08-27T17:47:44","date_gmt":"2025-08-27T14:47:44","guid":{"rendered":"https:\/\/roveyayinevi.com.tr\/index.php\/urun\/alakent-churh-a-byzantine-monument-at-myra-12th-13th-centuries-ciltli\/"},"modified":"2026-04-16T02:25:03","modified_gmt":"2026-04-15T23:25:03","slug":"alakent-churh-a-byzantine-monument-at-myra-12th-13th-centuries-ciltli","status":"publish","type":"product","link":"https:\/\/roveyayinevi.com.tr\/index.php\/urun\/alakent-churh-a-byzantine-monument-at-myra-12th-13th-centuries-ciltli\/","title":{"rendered":"Alakent Churh &#8211;  A Byzantine Monument At Myra (12th-13th Centur\u0131es) (Ciltli)"},"content":{"rendered":"<p>The presence of this small Byzantine church in the Alakent neighborhood of Demre has been known to archaeologists and art historians for quite some time. Revealing the structure from under the five meter deep alluvial fill in which it was buried was only possible as a result of the excavation work carried out in 2010 as part of the Myra\u2013Andriake Excavations. The alluvial fill kept most of the aspects of the building such as mural paintings, roof tiles, facade decorations and spolia intact. The book was edited by the GABAM\u2019s director and member of Ko\u00e7 University Archaeology and Art History Department, Engin Aky\u00fcrek. The chapters of book are \u201cThe Story of the Excavation\u201d by Nevzat\u00c7evik, the director of the Myra\u2013Andriake Excavations, \u201cMyra: The Metropolis of Lycia\u201d, \u201cAlakent Church: Location And Architecture\u201d and \u201cConclusion\u201d by Engin Aky\u00fcrek, \u201cArchitectural Sculpture\u201d by Ay\u00e7a Tiryaki, \u201cWall Paintings\u201d by Nilay \u00c7ora\u011fan, \u201cCeramic Finds\u201d and \u201cBurials\u201d by \u00d6zg\u00fc\u00c7\u00f6mezo\u011flu Uzbek, \u201cInscriptions\u201d by H\u00fcseyin Sami \u00d6zt\u00fcrk and Christof Schuler, \u201cConservation Treatments\u201d by Sebahattin K\u00fc\u00e7\u00fck. <\/p>\n","protected":false},"excerpt":{"rendered":"<p>The presence of this small Byzantine church in the Alakent neighborhood of Demre has been known to archaeologists and art historians for quite some time. Revealing<span class=\"excerpt-hellip\"> [\u2026]<\/span><\/p>\n","protected":false},"featured_media":0,"template":"","meta":{"_monsterinsights_skip_tracking":false,"_monsterinsights_sitenote_active":false,"_monsterinsights_sitenote_note":"","_monsterinsights_sitenote_category":0},"product_brand":[],"product_cat":[52477,52478],"product_tag":[],"class_list":{"0":"post-716833","1":"product","2":"type-product","3":"status-publish","5":"product_cat-arastirma","6":"product_cat-arkeoloji","7":"pa_cilt-ciltli","8":"pa_tur-kitap","9":"pa_yayinevi-koc-universitesi-yayinlari","10":"pa_yazar-kolektif","12":"first","13":"instock","14":"sale","15":"shipping-taxable","16":"purchasable","17":"product-type-simple"},"_links":{"self":[{"href":"https:\/\/roveyayinevi.com.tr\/index.php\/wp-json\/wp\/v2\/product\/716833","targetHints":{"allow":["GET"]}}],"collection":[{"href":"https:\/\/roveyayinevi.com.tr\/index.php\/wp-json\/wp\/v2\/product"}],"about":[{"href":"https:\/\/roveyayinevi.com.tr\/index.php\/wp-json\/wp\/v2\/types\/product"}],"wp:attachment":[{"href":"https:\/\/roveyayinevi.com.tr\/index.php\/wp-json\/wp\/v2\/media?parent=716833"}],"wp:term":[{"taxonomy":"product_brand","embeddable":true,"href":"https:\/\/roveyayinevi.com.tr\/index.php\/wp-json\/wp\/v2\/product_brand?post=716833"},{"taxonomy":"product_cat","embeddable":true,"href":"https:\/\/roveyayinevi.com.tr\/index.php\/wp-json\/wp\/v2\/product_cat?post=716833"},{"taxonomy":"product_tag","embeddable":true,"href":"https:\/\/roveyayinevi.com.tr\/index.php\/wp-json\/wp\/v2\/product_tag?post=716833"}],"curies":[{"name":"wp","href":"https:\/\/api.w.org\/{rel}","templated":true}]}}