{"id":716832,"date":"2025-08-27T17:47:44","date_gmt":"2025-08-27T14:47:44","guid":{"rendered":"https:\/\/roveyayinevi.com.tr\/index.php\/urun\/alakent-kilisesi-myrada-bir-bizans-yapisi-12-13-yuzyillar-ciltli\/"},"modified":"2026-04-16T02:25:03","modified_gmt":"2026-04-15T23:25:03","slug":"alakent-kilisesi-myrada-bir-bizans-yapisi-12-13-yuzyillar-ciltli","status":"publish","type":"product","link":"https:\/\/roveyayinevi.com.tr\/index.php\/urun\/alakent-kilisesi-myrada-bir-bizans-yapisi-12-13-yuzyillar-ciltli\/","title":{"rendered":"Alakent Kilisesi &#8211; Myra\u2019da Bir Bizans Yap\u0131s\u0131 (12. \u2013 13. Y\u00fczy\u0131llar) (Ciltli)"},"content":{"rendered":"<p>Ko\u00e7 \u00dcniversitesi Stavros Niarchos Vakf\u0131 Ge\u00e7 Antik \u00c7a\u011f ve Bizans Ara\u015ft\u0131rmalar\u0131 Merkezi\u2019nin (GABAM) ilk kitab\u0131 T\u00fcrk\u00e7e ve \u0130ngilizce iki ayr\u0131 cilt olarak yay\u0131mland\u0131. \u201cAlakent Kilisesi.Myra\u2019da Bir Bizans Yap\u0131s\u0131 (12. \u2013 13. Y\u00fczy\u0131llar)\u201d ba\u015fl\u0131kl\u0131 kitap, 2010-2013 y\u0131llar\u0131 aras\u0131nda Antalya\u2019n\u0131n Demre \u0130l\u00e7esi\u2019nde bulunan Myra Antik Kenti\u2019nin Roma d\u00f6nemi tiyatrosuna 250 metre uzakl\u0131kta bulunan bir orta Bizans d\u00f6nemi kilisesinin kaz\u0131s\u0131ndan restorasyonuna kadar olan t\u00fcm a\u015famalar\u0131n\u0131 ele al\u0131yor. Demre\u2019nin Alakent Mahallesi&#8217;nde bulunan, varl\u0131\u011f\u0131 arkeologlar ve sanat tarih\u00e7ileri taraf\u0131ndan uzun s\u00fcredir bilinmekte olan bu k\u00fc\u00e7\u00fck Bizans kilisesi Myra  Andriake Kaz\u0131lar\u0131 kapsam\u0131nda y\u00fcr\u00fct\u00fclen bir kaz\u0131 \u00e7al\u0131\u015fmas\u0131 sonucu g\u00fcn \u0131\u015f\u0131\u011f\u0131na \u00e7\u0131kar\u0131ld\u0131. Yap\u0131n\u0131n y\u00fczy\u0131llar boyunca 5 metrelik al\u00fcvyon dolgunun alt\u0131nda kalm\u0131\u015f olmas\u0131, duvar resimlerinden \u00e7at\u0131 kiremitlerine, cephe s\u00fcslemelerinden dev\u015firme malzemelere kadar bir\u00e7ok \u00f6\u011feye yerinde ve iyi durumda korunmu\u015f olarak ula\u015f\u0131lmas\u0131n\u0131 sa\u011flad\u0131. Demre\u2019nin Alakent Mahallesi&#8217;nde bulunan, varl\u0131\u011f\u0131 arkeologlar ve sanat tarih\u00e7ileri taraf\u0131ndan uzun s\u00fcredir bilinmekte olan bu k\u00fc\u00e7\u00fck Bizans kilisesi Myra  Andriake Kaz\u0131lar\u0131 kapsam\u0131nda y\u00fcr\u00fct\u00fclen bir kaz\u0131 \u00e7al\u0131\u015fmas\u0131 sonucu g\u00fcn \u0131\u015f\u0131\u011f\u0131na \u00e7\u0131kar\u0131ld\u0131. Yap\u0131n\u0131n y\u00fczy\u0131llar boyunca 5 metrelik al\u00fcvyon dolgunun alt\u0131nda kalm\u0131\u015f olmas\u0131, duvar resimlerinden \u00e7at\u0131 kiremitlerine, cephe s\u00fcslemelerinden dev\u015firme malzemelere kadar bir\u00e7ok \u00f6\u011feye yerinde ve iyi durumda korunmu\u015f olarak ula\u015f\u0131lmas\u0131n\u0131 sa\u011flad\u0131.  Edit\u00f6rl\u00fc\u011f\u00fcn\u00fc GABAM Direkt\u00f6r\u00fc ve Ko\u00e7 \u00dcniversitesi Arkeoloji ve Sanat Tarihi B\u00f6l\u00fcm\u00fc \u00f6\u011fretim \u00fcyesi Engin Aky\u00fcrek\u2019in yapt\u0131\u011f\u0131 kitapta, Myra \u2013 Andriake Kaz\u0131lar\u0131 ba\u015fkan\u0131 Nevzat \u00c7evik\u2019in \u201cKaz\u0131n\u0131n \u00d6yk\u00fcs\u00fc\u201d, Engin Aky\u00fcrek\u2019in \u201cMyra: Likya\u2019n\u0131n Metropolisi\u201d, \u201cAlakent Kilisesi: Konumu ve Mimarisi\u201d ve \u201cDe\u011ferlendirme\u201d, Ay\u00e7a Tiryaki\u2019nin \u201cMimari Plastik\u201d, Nilay \u00c7ora\u011fan\u2019\u0131n \u201cDuvar Resimleri\u201d, \u00d6zg\u00fc \u00c7\u00f6mezo\u011flu Uzbek\u2019in \u201cSeramik Buluntular\u201d ve \u201cMezarlar\u201d, H\u00fcseyin Sami \u00d6zt\u00fcrk ile Christof Schuler\u2019in \u201cYaz\u0131tlar\u201d ve Sebahattin K\u00fc\u00e7\u00fck\u2019\u00fcn \u201cKoruma \u00c7al\u0131\u015fmalar\u0131\u201d ba\u015fl\u0131kl\u0131 yaz\u0131lar\u0131 yer al\u0131yor. <\/p>\n","protected":false},"excerpt":{"rendered":"<p>Ko\u00e7 \u00dcniversitesi Stavros Niarchos Vakf\u0131 Ge\u00e7 Antik \u00c7a\u011f ve Bizans Ara\u015ft\u0131rmalar\u0131 Merkezi\u2019nin (GABAM) ilk kitab\u0131 T\u00fcrk\u00e7e ve \u0130ngilizce iki ayr\u0131 cilt olarak yay\u0131mland\u0131. \u201cAlakent Kilisesi.Myra\u2019da Bir<span class=\"excerpt-hellip\"> [\u2026]<\/span><\/p>\n","protected":false},"featured_media":0,"template":"","meta":{"_monsterinsights_skip_tracking":false,"_monsterinsights_sitenote_active":false,"_monsterinsights_sitenote_note":"","_monsterinsights_sitenote_category":0},"product_brand":[],"product_cat":[52477,52478],"product_tag":[],"class_list":{"0":"post-716832","1":"product","2":"type-product","3":"status-publish","5":"product_cat-arastirma","6":"product_cat-arkeoloji","7":"pa_cilt-ciltli","8":"pa_tur-kitap","9":"pa_yayinevi-koc-universitesi-yayinlari","10":"pa_yazar-kolektif","12":"first","13":"instock","14":"sale","15":"shipping-taxable","16":"purchasable","17":"product-type-simple"},"_links":{"self":[{"href":"https:\/\/roveyayinevi.com.tr\/index.php\/wp-json\/wp\/v2\/product\/716832","targetHints":{"allow":["GET"]}}],"collection":[{"href":"https:\/\/roveyayinevi.com.tr\/index.php\/wp-json\/wp\/v2\/product"}],"about":[{"href":"https:\/\/roveyayinevi.com.tr\/index.php\/wp-json\/wp\/v2\/types\/product"}],"wp:attachment":[{"href":"https:\/\/roveyayinevi.com.tr\/index.php\/wp-json\/wp\/v2\/media?parent=716832"}],"wp:term":[{"taxonomy":"product_brand","embeddable":true,"href":"https:\/\/roveyayinevi.com.tr\/index.php\/wp-json\/wp\/v2\/product_brand?post=716832"},{"taxonomy":"product_cat","embeddable":true,"href":"https:\/\/roveyayinevi.com.tr\/index.php\/wp-json\/wp\/v2\/product_cat?post=716832"},{"taxonomy":"product_tag","embeddable":true,"href":"https:\/\/roveyayinevi.com.tr\/index.php\/wp-json\/wp\/v2\/product_tag?post=716832"}],"curies":[{"name":"wp","href":"https:\/\/api.w.org\/{rel}","templated":true}]}}