{"id":716831,"date":"2025-08-27T17:47:43","date_gmt":"2025-08-27T14:47:43","guid":{"rendered":"https:\/\/roveyayinevi.com.tr\/index.php\/urun\/ejderhalar-tatilde\/"},"modified":"2026-04-16T02:25:03","modified_gmt":"2026-04-15T23:25:03","slug":"ejderhalar-tatilde","status":"publish","type":"product","link":"https:\/\/roveyayinevi.com.tr\/index.php\/urun\/ejderhalar-tatilde\/","title":{"rendered":"Ejderhalar Tatilde"},"content":{"rendered":"<p>Tatile Nas\u0131l M\u0131 \u00c7\u0131k\u0131l\u0131r? Bundan kolay\u0131 m\u0131 var can\u0131m! Valizinizi haz\u0131rlay\u0131p u\u00e7ak biletinizi ald\u0131n\u0131z m\u0131 tamam i\u015fte&#8230; Yaktutu\u015ftur ailesiyle tatile \u00e7\u0131kacakt\u0131, hemen valizini haz\u0131rlad\u0131: Mayosunu, g\u00fcne\u015f kremini, deniz g\u00f6zl\u00fc\u011f\u00fcn\u00fc yerle\u015ftirdi. Yolculuk ba\u015fl\u0131yor! <\/p>\n","protected":false},"excerpt":{"rendered":"<p>Tatile Nas\u0131l M\u0131 \u00c7\u0131k\u0131l\u0131r? Bundan kolay\u0131 m\u0131 var can\u0131m! Valizinizi haz\u0131rlay\u0131p u\u00e7ak biletinizi ald\u0131n\u0131z m\u0131 tamam i\u015fte&#8230; Yaktutu\u015ftur ailesiyle tatile \u00e7\u0131kacakt\u0131, hemen valizini haz\u0131rlad\u0131: Mayosunu, g\u00fcne\u015f<span class=\"excerpt-hellip\"> [\u2026]<\/span><\/p>\n","protected":false},"featured_media":0,"template":"","meta":{"_monsterinsights_skip_tracking":false,"_monsterinsights_sitenote_active":false,"_monsterinsights_sitenote_note":"","_monsterinsights_sitenote_category":0},"product_brand":[],"product_cat":[12274,12518],"product_tag":[],"class_list":{"0":"post-716831","1":"product","2":"type-product","3":"status-publish","5":"product_cat-cocuk-ve-genclik-kitaplari","6":"product_cat-okul-oncesi-kitaplar","7":"pa_cilt-ciltsiz","8":"pa_tur-kitap","9":"pa_yayinevi-yapi-kredi-yayinlari","10":"pa_yazar-veronique-cauchy","12":"first","13":"instock","14":"sale","15":"shipping-taxable","16":"purchasable","17":"product-type-simple"},"_links":{"self":[{"href":"https:\/\/roveyayinevi.com.tr\/index.php\/wp-json\/wp\/v2\/product\/716831","targetHints":{"allow":["GET"]}}],"collection":[{"href":"https:\/\/roveyayinevi.com.tr\/index.php\/wp-json\/wp\/v2\/product"}],"about":[{"href":"https:\/\/roveyayinevi.com.tr\/index.php\/wp-json\/wp\/v2\/types\/product"}],"wp:attachment":[{"href":"https:\/\/roveyayinevi.com.tr\/index.php\/wp-json\/wp\/v2\/media?parent=716831"}],"wp:term":[{"taxonomy":"product_brand","embeddable":true,"href":"https:\/\/roveyayinevi.com.tr\/index.php\/wp-json\/wp\/v2\/product_brand?post=716831"},{"taxonomy":"product_cat","embeddable":true,"href":"https:\/\/roveyayinevi.com.tr\/index.php\/wp-json\/wp\/v2\/product_cat?post=716831"},{"taxonomy":"product_tag","embeddable":true,"href":"https:\/\/roveyayinevi.com.tr\/index.php\/wp-json\/wp\/v2\/product_tag?post=716831"}],"curies":[{"name":"wp","href":"https:\/\/api.w.org\/{rel}","templated":true}]}}