{"id":716830,"date":"2025-08-27T17:47:43","date_gmt":"2025-08-27T14:47:43","guid":{"rendered":"https:\/\/roveyayinevi.com.tr\/index.php\/urun\/vaktin-zulmune-karsi-yazmak-duzyazilar-iii\/"},"modified":"2026-04-16T02:25:03","modified_gmt":"2026-04-15T23:25:03","slug":"vaktin-zulmune-karsi-yazmak-duzyazilar-iii","status":"publish","type":"product","link":"https:\/\/roveyayinevi.com.tr\/index.php\/urun\/vaktin-zulmune-karsi-yazmak-duzyazilar-iii\/","title":{"rendered":"Vaktin Zulm\u00fcne Kar\u015f\u0131 Yazmak \u2013 D\u00fczyaz\u0131lar III"},"content":{"rendered":"<p>Vaktin Zulm\u00fcne Kar\u015f\u0131 Yazmakad\u0131yla derledi\u011fimiz kitap, Beh\u00e7et Necatigil\u2019in sa\u011fl\u0131\u011f\u0131nda kitaplar\u0131na girmemi\u015f, s\u00fcreli yay\u0131nlarda, y\u0131ll\u0131klarda kalm\u0131\u015f yaz\u0131, s\u00f6yle\u015fi, soru\u015fturma yan\u0131t\u0131 t\u00fcr\u00fcndeki verimlerini bir arayagetiriyor. Daha \u00f6nce D\u00fczyaz\u0131lar I ve D\u00fczyaz\u0131lar II adl\u0131iki ciltte toplanan yaz\u0131lar, konu\u015fmalar, konferanslarelinizdeki kitapla tamamland\u0131. Bu kitab\u0131n bir \u00f6zelli\u011fi, Necatigil\u2019in \u201cDeniz var,\u015fehir var, illavelakin ba\u015fka deniz, ba\u015fka \u015fehir, ba\u015fkabal\u0131k\u201d dedi\u011fi Zonguldak d\u00f6nemi yaz\u0131lar\u0131yla ba\u015flay\u0131pson g\u00fcnlerine dek soru\u015fturmalara verdi\u011fi yan\u0131tlarlasona ermesi. Yani \u015fairin 1941-1979 y\u0131llar\u0131 aras\u0131nda k\u0131y\u0131da k\u00f6\u015fede kalm\u0131\u015f denebilecek edebi ki\u015fili\u011fini,\u00e7evirmenli\u011fini, \u00f6d\u00fcller, polemikler \u00e7evresinde edebiyatortam\u0131na ili\u015fkin g\u00f6r\u00fc\u015flerini, poetikas\u0131n\u0131 yans\u0131tan herbir sat\u0131r\u0131n\u0131 i\u00e7ermesi. Bir ba\u015fka \u00f6zelli\u011fi ise, \u015fairin K\u00fc\u00e7\u00fckMuharrir yaz\u0131lar\u0131ndaki olgunlu\u011funun Yeni Zonguldakgazetesindeki \u201cBir Adam\u0131n Kuruntular\u0131\u201d adl\u0131 \u201cliriknesirler\u201dle nas\u0131l ta\u00e7land\u0131\u011f\u0131n\u0131 g\u00f6stermesi. Vaktin Zulm\u00fcne Kar\u015f\u0131 Yazmak, aram\u0131zdan ayr\u0131l\u0131\u015f\u0131n\u0131nk\u0131rk\u0131nc\u0131 y\u0131l\u0131nda Necatigil\u2019i anmak ve anlamak i\u00e7in yenibir sebep. <\/p>\n","protected":false},"excerpt":{"rendered":"<p>Vaktin Zulm\u00fcne Kar\u015f\u0131 Yazmakad\u0131yla derledi\u011fimiz kitap, Beh\u00e7et Necatigil\u2019in sa\u011fl\u0131\u011f\u0131nda kitaplar\u0131na girmemi\u015f, s\u00fcreli yay\u0131nlarda, y\u0131ll\u0131klarda kalm\u0131\u015f yaz\u0131, s\u00f6yle\u015fi, soru\u015fturma yan\u0131t\u0131 t\u00fcr\u00fcndeki verimlerini bir arayagetiriyor. Daha \u00f6nce D\u00fczyaz\u0131lar<span class=\"excerpt-hellip\"> [\u2026]<\/span><\/p>\n","protected":false},"featured_media":0,"template":"","meta":{"_monsterinsights_skip_tracking":false,"_monsterinsights_sitenote_active":false,"_monsterinsights_sitenote_note":"","_monsterinsights_sitenote_category":0},"product_brand":[],"product_cat":[12291,30969],"product_tag":[],"class_list":{"0":"post-716830","1":"product","2":"type-product","3":"status-publish","5":"product_cat-edebiyat","6":"product_cat-soylesi-edebiyat","7":"pa_cilt-ciltsiz","8":"pa_tur-kitap","9":"pa_yayinevi-yapi-kredi-yayinlari","10":"pa_yazar-behcet-necatigil","12":"first","13":"instock","14":"sale","15":"shipping-taxable","16":"purchasable","17":"product-type-simple"},"_links":{"self":[{"href":"https:\/\/roveyayinevi.com.tr\/index.php\/wp-json\/wp\/v2\/product\/716830","targetHints":{"allow":["GET"]}}],"collection":[{"href":"https:\/\/roveyayinevi.com.tr\/index.php\/wp-json\/wp\/v2\/product"}],"about":[{"href":"https:\/\/roveyayinevi.com.tr\/index.php\/wp-json\/wp\/v2\/types\/product"}],"wp:attachment":[{"href":"https:\/\/roveyayinevi.com.tr\/index.php\/wp-json\/wp\/v2\/media?parent=716830"}],"wp:term":[{"taxonomy":"product_brand","embeddable":true,"href":"https:\/\/roveyayinevi.com.tr\/index.php\/wp-json\/wp\/v2\/product_brand?post=716830"},{"taxonomy":"product_cat","embeddable":true,"href":"https:\/\/roveyayinevi.com.tr\/index.php\/wp-json\/wp\/v2\/product_cat?post=716830"},{"taxonomy":"product_tag","embeddable":true,"href":"https:\/\/roveyayinevi.com.tr\/index.php\/wp-json\/wp\/v2\/product_tag?post=716830"}],"curies":[{"name":"wp","href":"https:\/\/api.w.org\/{rel}","templated":true}]}}