{"id":716828,"date":"2025-08-27T17:47:41","date_gmt":"2025-08-27T14:47:41","guid":{"rendered":"https:\/\/roveyayinevi.com.tr\/index.php\/urun\/baki-muhabbet-99-mektup\/"},"modified":"2026-04-16T02:25:03","modified_gmt":"2026-04-15T23:25:03","slug":"baki-muhabbet-99-mektup","status":"publish","type":"product","link":"https:\/\/roveyayinevi.com.tr\/index.php\/urun\/baki-muhabbet-99-mektup\/","title":{"rendered":"Baki Muhabbet &#8211; 99 Mektup"},"content":{"rendered":"<p>B\u00e2k\u00ee Muhabbet, \u00d6mer M. Ko\u00e7 Koleksiyonu\u2019ndaki eski harfli mektuplardan bir se\u00e7medir. Bu kitapta 1890-1960 y\u0131llar\u0131 aras\u0131nda, Osmanl\u0131 \u0130mparatorlu\u011fu\u2019nun ve Cumhuriyet D\u00f6nemi T\u00fcrkiyesi\u2019nin siyas\u00ee, asker\u00ee, edeb\u00ee, k\u00fclt\u00fcrel ve entelekt\u00fcel hayat\u0131nda \u00f6nemli roloynam\u0131\u015f devlet adam\u0131, asker, edebiyat\u00e7\u0131 ve sanat\u00e7\u0131lar\u0131n resm\u00ee ve ki\u015fisel yaz\u0131\u015fmalar\u0131, mektuplar\u0131 bir araya getiriliyor. Mektuplar\u0131n farkl\u0131 zamanlara ve farkl\u0131 ki\u015filere ait olmas\u0131, i\u00e7erik ve yaz\u0131 \u00f6zelliklerindeki \u00e7e\u015fitlilik, okura bir\u00e7ok de\u011fi\u015fik, karakteristik el yaz\u0131s\u0131n\u0131 bir arada g\u00f6rme imk\u00e2n\u0131 sunuyor. Ge\u00e7mi\u015ften g\u00fcn\u00fcm\u00fcze ula\u015fan ve B\u00e2k\u00ee Muhabbet\u2019te kitapla\u015fan bu mektuplar, sahiplerinin ki\u015filiklerine, i\u00e7 d\u00fcnyalar\u0131na \u0131\u015f\u0131k tutman\u0131n yan\u0131 s\u0131ra, T\u00fcrkiye\u2019nin yak\u0131n tarihine ve toplumsal hayat\u0131na da tan\u0131kl\u0131k ederek siyas\u00ee ve k\u00fclt\u00fcrel birikimimizin bir par\u00e7as\u0131 olarak yeniden hayat bulmu\u015f oluyor. <\/p>\n","protected":false},"excerpt":{"rendered":"<p>B\u00e2k\u00ee Muhabbet, \u00d6mer M. Ko\u00e7 Koleksiyonu\u2019ndaki eski harfli mektuplardan bir se\u00e7medir. Bu kitapta 1890-1960 y\u0131llar\u0131 aras\u0131nda, Osmanl\u0131 \u0130mparatorlu\u011fu\u2019nun ve Cumhuriyet D\u00f6nemi T\u00fcrkiyesi\u2019nin siyas\u00ee, asker\u00ee, edeb\u00ee, k\u00fclt\u00fcrel<span class=\"excerpt-hellip\"> [\u2026]<\/span><\/p>\n","protected":false},"featured_media":0,"template":"","meta":{"_monsterinsights_skip_tracking":false,"_monsterinsights_sitenote_active":false,"_monsterinsights_sitenote_note":"","_monsterinsights_sitenote_category":0},"product_brand":[],"product_cat":[13701,12291],"product_tag":[],"class_list":{"0":"post-716828","1":"product","2":"type-product","3":"status-publish","5":"product_cat-ani-mektup-gunluk","6":"product_cat-edebiyat","7":"pa_cilt-ciltsiz","8":"pa_tur-kitap","9":"pa_yayinevi-yapi-kredi-yayinlari","10":"pa_yazar-kolektif","12":"first","13":"instock","14":"sale","15":"shipping-taxable","16":"purchasable","17":"product-type-simple"},"_links":{"self":[{"href":"https:\/\/roveyayinevi.com.tr\/index.php\/wp-json\/wp\/v2\/product\/716828","targetHints":{"allow":["GET"]}}],"collection":[{"href":"https:\/\/roveyayinevi.com.tr\/index.php\/wp-json\/wp\/v2\/product"}],"about":[{"href":"https:\/\/roveyayinevi.com.tr\/index.php\/wp-json\/wp\/v2\/types\/product"}],"wp:attachment":[{"href":"https:\/\/roveyayinevi.com.tr\/index.php\/wp-json\/wp\/v2\/media?parent=716828"}],"wp:term":[{"taxonomy":"product_brand","embeddable":true,"href":"https:\/\/roveyayinevi.com.tr\/index.php\/wp-json\/wp\/v2\/product_brand?post=716828"},{"taxonomy":"product_cat","embeddable":true,"href":"https:\/\/roveyayinevi.com.tr\/index.php\/wp-json\/wp\/v2\/product_cat?post=716828"},{"taxonomy":"product_tag","embeddable":true,"href":"https:\/\/roveyayinevi.com.tr\/index.php\/wp-json\/wp\/v2\/product_tag?post=716828"}],"curies":[{"name":"wp","href":"https:\/\/api.w.org\/{rel}","templated":true}]}}