{"id":716827,"date":"2025-08-27T17:47:40","date_gmt":"2025-08-27T14:47:40","guid":{"rendered":"https:\/\/roveyayinevi.com.tr\/index.php\/urun\/kobra\/"},"modified":"2026-04-16T02:25:03","modified_gmt":"2026-04-15T23:25:03","slug":"kobra","status":"publish","type":"product","link":"https:\/\/roveyayinevi.com.tr\/index.php\/urun\/kobra\/","title":{"rendered":"Kobra"},"content":{"rendered":"<p>\u201cHayali\u201d bir Orta Asya \u00fclkesi\u2026 Bir yanda halk\u0131n Say\u0131n Ba\u015fkan Yolda\u015f\u2019a ve devlete \u201csorgulanamaz ba\u011fl\u0131l\u0131\u011f\u0131\u201d di\u011fer yanda de\u011fi\u015fen politik dengeler i\u00e7inde t\u00fcm canl\u0131lar\u0131n verdi\u011fi ya\u015fam sava\u015f\u0131\u2026Kobra, bir diktat\u00f6r\u00fcn y\u00f6netimi alt\u0131nda var olmak i\u00e7in sava\u015f veren bir halk\u0131n, \u00e7\u00f6l hayvanlar\u0131n\u0131n ve hi\u00e7e say\u0131lan do\u011fan\u0131n hik\u00e2yesini fantastik bir kurgu i\u00e7inde mizahi bir dille okuyucuya sunuyor.\u201c\u00dclkemde, tutuklanm\u0131\u015f olanlarla tutuklanmam\u0131\u015f olanlar aras\u0131ndaki farklar sonsuza dek ortadan kald\u0131r\u0131lm\u0131\u015ft\u0131r! B\u00f6ylece, her tutuklanmam\u0131\u015f insan kendini tutuklanm\u0131\u015f gibi, tutuklanm\u0131\u015f olanlar da kendilerini hen\u00fcz tutuklanmam\u0131\u015f gibi hissedebilirler. Sonu\u00e7ta, sizlerin de herhalde anlam\u0131\u015f oldu\u011funuz gibi halk\u0131m iki e\u015fit par\u00e7aya b\u00f6l\u00fcnm\u00fc\u015f durumdad\u0131r: Tutuklanm\u0131\u015f olanlar ve gelecekte tutuklanacak olanlar. Yurtta\u015flar\u0131n t\u00fcm\u00fcn\u00fcn e\u015fit haklara sahip olmas\u0131 \u015feklindeki demokrasi ilkesini \u00fclkemde bu \u015fekilde hayata ge\u00e7iriyoruz biz. B\u00fcy\u00fck bir \u00f6zg\u00fcvenle iddia ediyorum ki d\u00fcnyan\u0131n ba\u015fka hi\u00e7bir \u00fclkesinde bu ilke b\u00f6ylesine b\u00fct\u00fcnl\u00fckl\u00fc, b\u00f6ylesine kapsay\u0131c\u0131 bir \u015fekilde hayata ge\u00e7irilememi\u015ftir. Bizde ise son derece basit, do\u011fal ve herkes i\u00e7in kolayca ula\u015f\u0131labilir bir uygulama.\u201d<\/p>\n","protected":false},"excerpt":{"rendered":"<p>\u201cHayali\u201d bir Orta Asya \u00fclkesi\u2026 Bir yanda halk\u0131n Say\u0131n Ba\u015fkan Yolda\u015f\u2019a ve devlete \u201csorgulanamaz ba\u011fl\u0131l\u0131\u011f\u0131\u201d di\u011fer yanda de\u011fi\u015fen politik dengeler i\u00e7inde t\u00fcm canl\u0131lar\u0131n verdi\u011fi ya\u015fam sava\u015f\u0131\u2026Kobra,<span class=\"excerpt-hellip\"> [\u2026]<\/span><\/p>\n","protected":false},"featured_media":0,"template":"","meta":{"_monsterinsights_skip_tracking":false,"_monsterinsights_sitenote_active":false,"_monsterinsights_sitenote_note":"","_monsterinsights_sitenote_category":0},"product_brand":[],"product_cat":[12291,12711],"product_tag":[],"class_list":{"0":"post-716827","1":"product","2":"type-product","3":"status-publish","5":"product_cat-edebiyat","6":"product_cat-roman-oyku","7":"pa_cilt-ciltsiz","8":"pa_tur-kitap","9":"pa_yayinevi-bilgi-yayinevi","10":"pa_yazar-ak-welsapar","12":"first","13":"instock","14":"sale","15":"shipping-taxable","16":"purchasable","17":"product-type-simple"},"_links":{"self":[{"href":"https:\/\/roveyayinevi.com.tr\/index.php\/wp-json\/wp\/v2\/product\/716827","targetHints":{"allow":["GET"]}}],"collection":[{"href":"https:\/\/roveyayinevi.com.tr\/index.php\/wp-json\/wp\/v2\/product"}],"about":[{"href":"https:\/\/roveyayinevi.com.tr\/index.php\/wp-json\/wp\/v2\/types\/product"}],"wp:attachment":[{"href":"https:\/\/roveyayinevi.com.tr\/index.php\/wp-json\/wp\/v2\/media?parent=716827"}],"wp:term":[{"taxonomy":"product_brand","embeddable":true,"href":"https:\/\/roveyayinevi.com.tr\/index.php\/wp-json\/wp\/v2\/product_brand?post=716827"},{"taxonomy":"product_cat","embeddable":true,"href":"https:\/\/roveyayinevi.com.tr\/index.php\/wp-json\/wp\/v2\/product_cat?post=716827"},{"taxonomy":"product_tag","embeddable":true,"href":"https:\/\/roveyayinevi.com.tr\/index.php\/wp-json\/wp\/v2\/product_tag?post=716827"}],"curies":[{"name":"wp","href":"https:\/\/api.w.org\/{rel}","templated":true}]}}