{"id":716821,"date":"2025-08-27T17:47:36","date_gmt":"2025-08-27T14:47:36","guid":{"rendered":"https:\/\/roveyayinevi.com.tr\/index.php\/urun\/dinazorlar-tepeden-kuyruga\/"},"modified":"2026-04-16T02:25:02","modified_gmt":"2026-04-15T23:25:02","slug":"dinazorlar-tepeden-kuyruga","status":"publish","type":"product","link":"https:\/\/roveyayinevi.com.tr\/index.php\/urun\/dinazorlar-tepeden-kuyruga\/","title":{"rendered":"Dinazorlar- Tepeden Kuyru\u011fa"},"content":{"rendered":"<p>Bir dinazorun \u00e7enesinden di\u011ferinin aya\u011f\u0131na , tarih \u00f6ncesine ait muhte\u015fem canl\u0131lar\u0131n \u00e7ok acayip \u00f6zellikleri var.Peki nunlar\u0131 e\u011flenceli bir oyun e\u015fli\u011finde \u00f6\u011frenmeye ne dersin?\u00d6nce dinazorun vuc\u00fcdundan bir b\u00f6l\u00fcm\u00fc b\u00fcy\u00fct\u00fclm\u00fc\u015f resmini g\u00f6receksin.Bunun hangisi dinazora ait tahmin etmek senin g\u00f6revin.Tahmini yap ve hemen sayfay\u0131 \u00e7evir.Dinazorun ismi tam boy resmi  ve hakk\u0131nda bir s\u00fcr\u00fc \u015fahane bilgi orada seni bekliyor.\u0130lgin\u00e7 bilgileri , ka\u011f\u0131t kesme tekni\u011fiyle yap\u0131lm\u0131\u015f g\u00f6z al\u0131c\u0131 \u00e7izimler ve e\u011flenceli bir oyunla birle\u015ftiren Tepeden Kuyru\u011fa Dinazorlar , minik paleontologlar\u0131 dinazorlar\u0131n b\u00fcy\u00fcleyici d\u00fcnyas\u0131na davet ediyor.Stacey Roderick\u2019in kaleme ald\u0131\u011f\u0131 , Kwanchai Moriya&#8217;n\u0131n \u00e7izimleriyle e\u015flik etti\u011fi Tepeden Kuyru\u011fa serisinin di\u011fer \u00fc\u00e7 kitab\u0131 B\u00f6cekler, Ku\u015flar ve Deniz Canl\u0131lar\u0131da merakl\u0131 okurlar\u0131n\u0131 bekliyor.<\/p>\n","protected":false},"excerpt":{"rendered":"<p>Bir dinazorun \u00e7enesinden di\u011ferinin aya\u011f\u0131na , tarih \u00f6ncesine ait muhte\u015fem canl\u0131lar\u0131n \u00e7ok acayip \u00f6zellikleri var.Peki nunlar\u0131 e\u011flenceli bir oyun e\u015fli\u011finde \u00f6\u011frenmeye ne dersin?\u00d6nce dinazorun vuc\u00fcdundan bir<span class=\"excerpt-hellip\"> [\u2026]<\/span><\/p>\n","protected":false},"featured_media":0,"template":"","meta":{"_monsterinsights_skip_tracking":false,"_monsterinsights_sitenote_active":false,"_monsterinsights_sitenote_note":"","_monsterinsights_sitenote_category":0},"product_brand":[],"product_cat":[12274,12518],"product_tag":[],"class_list":{"0":"post-716821","1":"product","2":"type-product","3":"status-publish","5":"product_cat-cocuk-ve-genclik-kitaplari","6":"product_cat-okul-oncesi-kitaplar","7":"pa_cilt-ciltsiz","8":"pa_tur-kitap","9":"pa_yayinevi-domingo-yayinevi","10":"pa_yazar-stacey-roderick","12":"first","13":"instock","14":"sale","15":"shipping-taxable","16":"purchasable","17":"product-type-simple"},"_links":{"self":[{"href":"https:\/\/roveyayinevi.com.tr\/index.php\/wp-json\/wp\/v2\/product\/716821","targetHints":{"allow":["GET"]}}],"collection":[{"href":"https:\/\/roveyayinevi.com.tr\/index.php\/wp-json\/wp\/v2\/product"}],"about":[{"href":"https:\/\/roveyayinevi.com.tr\/index.php\/wp-json\/wp\/v2\/types\/product"}],"wp:attachment":[{"href":"https:\/\/roveyayinevi.com.tr\/index.php\/wp-json\/wp\/v2\/media?parent=716821"}],"wp:term":[{"taxonomy":"product_brand","embeddable":true,"href":"https:\/\/roveyayinevi.com.tr\/index.php\/wp-json\/wp\/v2\/product_brand?post=716821"},{"taxonomy":"product_cat","embeddable":true,"href":"https:\/\/roveyayinevi.com.tr\/index.php\/wp-json\/wp\/v2\/product_cat?post=716821"},{"taxonomy":"product_tag","embeddable":true,"href":"https:\/\/roveyayinevi.com.tr\/index.php\/wp-json\/wp\/v2\/product_tag?post=716821"}],"curies":[{"name":"wp","href":"https:\/\/api.w.org\/{rel}","templated":true}]}}