{"id":716819,"date":"2025-08-27T17:47:35","date_gmt":"2025-08-27T14:47:35","guid":{"rendered":"https:\/\/roveyayinevi.com.tr\/index.php\/urun\/madam-bovary-5\/"},"modified":"2026-04-16T02:25:02","modified_gmt":"2026-04-15T23:25:02","slug":"madam-bovary-5","status":"publish","type":"product","link":"https:\/\/roveyayinevi.com.tr\/index.php\/urun\/madam-bovary-5\/","title":{"rendered":"Madam Bovary"},"content":{"rendered":"<p>Madam Bovary, l\u00fcks ve zevk d\u00fc\u015fk\u00fcn\u00fc bir kad\u0131n trajedisinin \u00f6tesinde, pek \u00e7ok konuda insan ili\u015fkilerini kurcalayarak Emma ve di\u011fer karakterler \u00fczerinden bug\u00fcn dahi i\u00e7inde ya\u015fam sava\u015f\u0131 verdi\u011fimiz \u201cderin toplumun\u201d dinamikleri \u00fczerine ger\u00e7ek\u00e7i ve a\u00e7\u0131klay\u0131c\u0131 bir panorama sunuyor. <\/p>\n","protected":false},"excerpt":{"rendered":"<p>Madam Bovary, l\u00fcks ve zevk d\u00fc\u015fk\u00fcn\u00fc bir kad\u0131n trajedisinin \u00f6tesinde, pek \u00e7ok konuda insan ili\u015fkilerini kurcalayarak Emma ve di\u011fer karakterler \u00fczerinden bug\u00fcn dahi i\u00e7inde ya\u015fam sava\u015f\u0131<span class=\"excerpt-hellip\"> [\u2026]<\/span><\/p>\n","protected":false},"featured_media":0,"template":"","meta":{"_monsterinsights_skip_tracking":false,"_monsterinsights_sitenote_active":false,"_monsterinsights_sitenote_note":"","_monsterinsights_sitenote_category":0},"product_brand":[],"product_cat":[12291,12711],"product_tag":[],"class_list":{"0":"post-716819","1":"product","2":"type-product","3":"status-publish","5":"product_cat-edebiyat","6":"product_cat-roman-oyku","7":"pa_cilt-ciltsiz","8":"pa_tur-kitap","9":"pa_yayinevi-bilgi-yayinevi","10":"pa_yazar-gustave-flaubert","12":"first","13":"instock","14":"sale","15":"shipping-taxable","16":"purchasable","17":"product-type-simple"},"_links":{"self":[{"href":"https:\/\/roveyayinevi.com.tr\/index.php\/wp-json\/wp\/v2\/product\/716819","targetHints":{"allow":["GET"]}}],"collection":[{"href":"https:\/\/roveyayinevi.com.tr\/index.php\/wp-json\/wp\/v2\/product"}],"about":[{"href":"https:\/\/roveyayinevi.com.tr\/index.php\/wp-json\/wp\/v2\/types\/product"}],"wp:attachment":[{"href":"https:\/\/roveyayinevi.com.tr\/index.php\/wp-json\/wp\/v2\/media?parent=716819"}],"wp:term":[{"taxonomy":"product_brand","embeddable":true,"href":"https:\/\/roveyayinevi.com.tr\/index.php\/wp-json\/wp\/v2\/product_brand?post=716819"},{"taxonomy":"product_cat","embeddable":true,"href":"https:\/\/roveyayinevi.com.tr\/index.php\/wp-json\/wp\/v2\/product_cat?post=716819"},{"taxonomy":"product_tag","embeddable":true,"href":"https:\/\/roveyayinevi.com.tr\/index.php\/wp-json\/wp\/v2\/product_tag?post=716819"}],"curies":[{"name":"wp","href":"https:\/\/api.w.org\/{rel}","templated":true}]}}