{"id":716818,"date":"2025-08-27T17:47:34","date_gmt":"2025-08-27T14:47:34","guid":{"rendered":"https:\/\/roveyayinevi.com.tr\/index.php\/urun\/kuyucakli-yusuf-8\/"},"modified":"2026-04-16T02:25:02","modified_gmt":"2026-04-15T23:25:02","slug":"kuyucakli-yusuf-8","status":"publish","type":"product","link":"https:\/\/roveyayinevi.com.tr\/index.php\/urun\/kuyucakli-yusuf-8\/","title":{"rendered":"Kuyucakl\u0131 Yusuf"},"content":{"rendered":"<p>1972 y\u0131l\u0131nda bask\u0131s\u0131n\u0131 yapt\u0131\u011f\u0131m\u0131z Kuyucakl\u0131 Yusuf\u2019un orijinal metne sad\u0131k yeniden bas\u0131m\u0131\u2026 Kuyucakl\u0131 Yusuf, Sabahattin Ali\u2019nin ilk roman\u0131d\u0131r. Hayat\u0131n i\u00e7inde kendi yerini bulamayan, insanlar\u0131n zalimli\u011fi kar\u015f\u0131s\u0131nda gittik\u00e7e kendine ve \u00e7evresine yabanc\u0131la\u015fan Yusuf\u2019un hik\u00e2yesini anlatan roman, Anadolu insan\u0131n\u0131n ya\u015fam\u0131n\u0131 da t\u00fcm \u00e7\u0131plakl\u0131\u011f\u0131yla okuyucuya sunar. Ailesinin katledilmesinden sonra Kaymakam Sal\u00e2hattin Bey taraf\u0131ndan evlatl\u0131k al\u0131nan Yusuf, b\u00f6ylece Kuyucak\u2019tan ayr\u0131larak Sal\u00e2hattin Bey, e\u015fi \u015eahinde Han\u0131m ve k\u0131zlar\u0131 Muazzez ile yeni bir hayata ba\u015flar; geli\u015fen olaylar kar\u015f\u0131s\u0131nda kendisini bamba\u015fka bir ya\u015fam\u0131n i\u00e7inde bulur. Yusuf i\u00e7in kendisine bile itiraf edemedi\u011fi duygular\u0131 ya\u015fama zaman\u0131 bir g\u00fcn gelip \u00e7atacakt\u0131r.<\/p>\n","protected":false},"excerpt":{"rendered":"<p>1972 y\u0131l\u0131nda bask\u0131s\u0131n\u0131 yapt\u0131\u011f\u0131m\u0131z Kuyucakl\u0131 Yusuf\u2019un orijinal metne sad\u0131k yeniden bas\u0131m\u0131\u2026 Kuyucakl\u0131 Yusuf, Sabahattin Ali\u2019nin ilk roman\u0131d\u0131r. Hayat\u0131n i\u00e7inde kendi yerini bulamayan, insanlar\u0131n zalimli\u011fi kar\u015f\u0131s\u0131nda gittik\u00e7e<span class=\"excerpt-hellip\"> [\u2026]<\/span><\/p>\n","protected":false},"featured_media":0,"template":"","meta":{"_monsterinsights_skip_tracking":false,"_monsterinsights_sitenote_active":false,"_monsterinsights_sitenote_note":"","_monsterinsights_sitenote_category":0},"product_brand":[],"product_cat":[12291,12711],"product_tag":[],"class_list":{"0":"post-716818","1":"product","2":"type-product","3":"status-publish","5":"product_cat-edebiyat","6":"product_cat-roman-oyku","7":"pa_cilt-ciltsiz","8":"pa_tur-kitap","9":"pa_yayinevi-bilgi-yayinevi","10":"pa_yazar-sabahattin-ali","12":"first","13":"instock","14":"sale","15":"shipping-taxable","16":"purchasable","17":"product-type-simple"},"_links":{"self":[{"href":"https:\/\/roveyayinevi.com.tr\/index.php\/wp-json\/wp\/v2\/product\/716818","targetHints":{"allow":["GET"]}}],"collection":[{"href":"https:\/\/roveyayinevi.com.tr\/index.php\/wp-json\/wp\/v2\/product"}],"about":[{"href":"https:\/\/roveyayinevi.com.tr\/index.php\/wp-json\/wp\/v2\/types\/product"}],"wp:attachment":[{"href":"https:\/\/roveyayinevi.com.tr\/index.php\/wp-json\/wp\/v2\/media?parent=716818"}],"wp:term":[{"taxonomy":"product_brand","embeddable":true,"href":"https:\/\/roveyayinevi.com.tr\/index.php\/wp-json\/wp\/v2\/product_brand?post=716818"},{"taxonomy":"product_cat","embeddable":true,"href":"https:\/\/roveyayinevi.com.tr\/index.php\/wp-json\/wp\/v2\/product_cat?post=716818"},{"taxonomy":"product_tag","embeddable":true,"href":"https:\/\/roveyayinevi.com.tr\/index.php\/wp-json\/wp\/v2\/product_tag?post=716818"}],"curies":[{"name":"wp","href":"https:\/\/api.w.org\/{rel}","templated":true}]}}