{"id":716815,"date":"2025-08-27T17:47:32","date_gmt":"2025-08-27T14:47:32","guid":{"rendered":"https:\/\/roveyayinevi.com.tr\/index.php\/urun\/icimizdeki-seytan-5\/"},"modified":"2026-04-16T02:25:02","modified_gmt":"2026-04-15T23:25:02","slug":"icimizdeki-seytan-5","status":"publish","type":"product","link":"https:\/\/roveyayinevi.com.tr\/index.php\/urun\/icimizdeki-seytan-5\/","title":{"rendered":"\u0130\u00e7imizdeki \u015eeytan"},"content":{"rendered":"<p>1974 y\u0131l\u0131nda bask\u0131s\u0131n\u0131 yapt\u0131\u011f\u0131m\u0131z \u0130\u00e7imizdeki \u015eeytan\u2019\u0131n orijinal metne sad\u0131k yeniden bas\u0131m\u0131\u2026 \u0130\u00e7imizdeki \u015eeytan, ayd\u0131n olman\u0131n ve bunun daha da \u00f6tesinde insan olman\u0131n ne demek oldu\u011funu d\u00fc\u015f\u00fcnd\u00fcr\u00fcrken, bir yandan da toplumsal ya\u015fam\u0131n bireyler \u00fczerindeki etkisini \u00e7arp\u0131c\u0131 bir \u015fekilde g\u00f6zler \u00f6n\u00fcne seriyor. Bizleri \u201ci\u00e7imizdeki \u015feytan\u201d ile tan\u0131\u015ft\u0131r\u0131yor.<\/p>\n","protected":false},"excerpt":{"rendered":"<p>1974 y\u0131l\u0131nda bask\u0131s\u0131n\u0131 yapt\u0131\u011f\u0131m\u0131z \u0130\u00e7imizdeki \u015eeytan\u2019\u0131n orijinal metne sad\u0131k yeniden bas\u0131m\u0131\u2026 \u0130\u00e7imizdeki \u015eeytan, ayd\u0131n olman\u0131n ve bunun daha da \u00f6tesinde insan olman\u0131n ne demek oldu\u011funu d\u00fc\u015f\u00fcnd\u00fcr\u00fcrken,<span class=\"excerpt-hellip\"> [\u2026]<\/span><\/p>\n","protected":false},"featured_media":0,"template":"","meta":{"_monsterinsights_skip_tracking":false,"_monsterinsights_sitenote_active":false,"_monsterinsights_sitenote_note":"","_monsterinsights_sitenote_category":0},"product_brand":[],"product_cat":[12291,12711],"product_tag":[],"class_list":{"0":"post-716815","1":"product","2":"type-product","3":"status-publish","5":"product_cat-edebiyat","6":"product_cat-roman-oyku","7":"pa_cilt-ciltsiz","8":"pa_tur-kitap","9":"pa_yayinevi-bilgi-yayinevi","10":"pa_yazar-sabahattin-ali","12":"first","13":"instock","14":"sale","15":"shipping-taxable","16":"purchasable","17":"product-type-simple"},"_links":{"self":[{"href":"https:\/\/roveyayinevi.com.tr\/index.php\/wp-json\/wp\/v2\/product\/716815","targetHints":{"allow":["GET"]}}],"collection":[{"href":"https:\/\/roveyayinevi.com.tr\/index.php\/wp-json\/wp\/v2\/product"}],"about":[{"href":"https:\/\/roveyayinevi.com.tr\/index.php\/wp-json\/wp\/v2\/types\/product"}],"wp:attachment":[{"href":"https:\/\/roveyayinevi.com.tr\/index.php\/wp-json\/wp\/v2\/media?parent=716815"}],"wp:term":[{"taxonomy":"product_brand","embeddable":true,"href":"https:\/\/roveyayinevi.com.tr\/index.php\/wp-json\/wp\/v2\/product_brand?post=716815"},{"taxonomy":"product_cat","embeddable":true,"href":"https:\/\/roveyayinevi.com.tr\/index.php\/wp-json\/wp\/v2\/product_cat?post=716815"},{"taxonomy":"product_tag","embeddable":true,"href":"https:\/\/roveyayinevi.com.tr\/index.php\/wp-json\/wp\/v2\/product_tag?post=716815"}],"curies":[{"name":"wp","href":"https:\/\/api.w.org\/{rel}","templated":true}]}}