{"id":716814,"date":"2025-08-27T17:47:31","date_gmt":"2025-08-27T14:47:31","guid":{"rendered":"https:\/\/roveyayinevi.com.tr\/index.php\/urun\/degirmen-daglar-ve-ruzgar\/"},"modified":"2026-04-16T02:25:02","modified_gmt":"2026-04-15T23:25:02","slug":"degirmen-daglar-ve-ruzgar","status":"publish","type":"product","link":"https:\/\/roveyayinevi.com.tr\/index.php\/urun\/degirmen-daglar-ve-ruzgar\/","title":{"rendered":"De\u011firmen &#8211; Da\u011flar ve R\u00fczgar"},"content":{"rendered":"<p>1973 y\u0131l\u0131nda bask\u0131s\u0131n\u0131 yapt\u0131\u011f\u0131m\u0131z De\u011firmen &#8211; Da\u011flar ve R\u00fczg\u00e2r\u2019\u0131n orijinal metne sad\u0131k yeniden bas\u0131m\u0131\u2026\u0130lk bas\u0131m\u0131nda yazar\u0131n tercihiyle bir arada bas\u0131lan, Sabahattin Ali\u2019nin gen\u00e7 ya\u015fta yazd\u0131\u011f\u0131 \u00f6yk\u00fcleri ve t\u00fcm \u015fiirleri, De\u011firmen \/ Da\u011flar ve R\u00fczg\u00e2r kitab\u0131nda yeniden bir arada.<\/p>\n","protected":false},"excerpt":{"rendered":"<p>1973 y\u0131l\u0131nda bask\u0131s\u0131n\u0131 yapt\u0131\u011f\u0131m\u0131z De\u011firmen &#8211; Da\u011flar ve R\u00fczg\u00e2r\u2019\u0131n orijinal metne sad\u0131k yeniden bas\u0131m\u0131\u2026\u0130lk bas\u0131m\u0131nda yazar\u0131n tercihiyle bir arada bas\u0131lan, Sabahattin Ali\u2019nin gen\u00e7 ya\u015fta yazd\u0131\u011f\u0131 \u00f6yk\u00fcleri<span class=\"excerpt-hellip\"> [\u2026]<\/span><\/p>\n","protected":false},"featured_media":0,"template":"","meta":{"_monsterinsights_skip_tracking":false,"_monsterinsights_sitenote_active":false,"_monsterinsights_sitenote_note":"","_monsterinsights_sitenote_category":0},"product_brand":[],"product_cat":[12291,12509],"product_tag":[],"class_list":{"0":"post-716814","1":"product","2":"type-product","3":"status-publish","5":"product_cat-edebiyat","6":"product_cat-siir","7":"pa_cilt-ciltsiz","8":"pa_tur-kitap","9":"pa_yayinevi-bilgi-yayinevi","10":"pa_yazar-sabahattin-ali","12":"first","13":"instock","14":"sale","15":"shipping-taxable","16":"purchasable","17":"product-type-simple"},"_links":{"self":[{"href":"https:\/\/roveyayinevi.com.tr\/index.php\/wp-json\/wp\/v2\/product\/716814","targetHints":{"allow":["GET"]}}],"collection":[{"href":"https:\/\/roveyayinevi.com.tr\/index.php\/wp-json\/wp\/v2\/product"}],"about":[{"href":"https:\/\/roveyayinevi.com.tr\/index.php\/wp-json\/wp\/v2\/types\/product"}],"wp:attachment":[{"href":"https:\/\/roveyayinevi.com.tr\/index.php\/wp-json\/wp\/v2\/media?parent=716814"}],"wp:term":[{"taxonomy":"product_brand","embeddable":true,"href":"https:\/\/roveyayinevi.com.tr\/index.php\/wp-json\/wp\/v2\/product_brand?post=716814"},{"taxonomy":"product_cat","embeddable":true,"href":"https:\/\/roveyayinevi.com.tr\/index.php\/wp-json\/wp\/v2\/product_cat?post=716814"},{"taxonomy":"product_tag","embeddable":true,"href":"https:\/\/roveyayinevi.com.tr\/index.php\/wp-json\/wp\/v2\/product_tag?post=716814"}],"curies":[{"name":"wp","href":"https:\/\/api.w.org\/{rel}","templated":true}]}}